{"id":43399,"date":"2025-07-11T15:33:19","date_gmt":"2025-07-11T13:33:19","guid":{"rendered":"https:\/\/wildsuits.eu\/?post_type=product&#038;p=43399"},"modified":"2026-01-22T14:25:16","modified_gmt":"2026-01-22T13:25:16","slug":"jacket-neoprene","status":"publish","type":"product","link":"https:\/\/wildsuits.eu\/pt\/produto\/jacket-neoprene\/","title":{"rendered":"Jacket Neoprene"},"content":{"rendered":"<h2 data-start=\"196\" data-end=\"276\">Casaco de Neoprene Reciclado Wildsuits \u2013 Conforto, Durabilidade &amp; Personaliza\u00e7\u00e3o<\/h2>\n<h3 data-start=\"278\" data-end=\"340\">Fabricado na Europa, testado no mar, pensado para durar.<\/h3>\n<p data-start=\"342\" data-end=\"703\" class=\" translation-block\">Descobre o casaco de neoprene reciclado Wildsuits, desenvolvido para responder \u00e0s necessidades de treinadores e apaixonados por desportos n\u00e1uticos que procuram calor, funcionalidade e respeito pelo ambiente.\nDesenvolvido pela nossa equipa, este casaco foi testado nas condi\u00e7\u00f5es mais exigentes, incluindo durante uma travessia transatl\u00e2ntica.<\/p>\n<h3 data-start=\"710\" data-end=\"753\">Principais vantagens deste casaco:<\/h3>\n<ul data-start=\"755\" data-end=\"1659\">\n<li data-start=\"755\" data-end=\"1041\">\n<p data-start=\"757\" data-end=\"1041\">Neoprene reciclado &amp; fabrico europeu<br data-start=\"802\" data-end=\"805\" \/>Fabricado a partir de neoprene reciclado, este casaco alia desempenho t\u00e9rmico \u00e0 redu\u00e7\u00e3o do impacto ambiental. Produzido na Europa, cumpre os nossos compromissos com a qualidade, rastreabilidade e produ\u00e7\u00e3o respons\u00e1vel.<\/p>\n<\/li>\n<li data-start=\"1043\" data-end=\"1242\">\n<p data-start=\"1045\" data-end=\"1242\">Protec\u00e7\u00e3o ap\u00f3s a sess\u00e3o ou durante o treino<br data-start=\"1088\" data-end=\"1091\" \/>Ideal para depois da sess\u00e3o ou para te manteres quente \u00e0 beira da \u00e1gua, oferece um excelente isolamento contra o vento e os salpicos do mar.<\/p>\n<\/li>\n<li data-start=\"1244\" data-end=\"1456\">\n<p data-start=\"1246\" data-end=\"1456\">Personaliza\u00e7\u00e3o \u00e0 medida<br data-start=\"1277\" data-end=\"1280\" \/>Adiciona facilmente o teu log\u00f3tipo ou um texto personalizado para identificar o teu clube, equipa ou evento. Um essencial para profissionais e estruturas n\u00e1uticas. Por favor, contacta-nos por e-mail ap\u00f3s a tua encomenda para definirmos os detalhes da personaliza\u00e7\u00e3o.<\/p>\n<\/li>\n<li data-start=\"1458\" data-end=\"1659\">\n<p data-start=\"1460\" data-end=\"1659\">Conforto &amp; ergonomia<br data-start=\"1483\" data-end=\"1486\" \/>Com um corte ajustado, fecho frontal e a flexibilidade do neoprene, este casaco garante grande liberdade de movimentos e um uso confort\u00e1vel no dia a dia.<\/p>\n<\/li>\n<\/ul>\n<h3 data-start=\"1666\" data-end=\"1706\">Caracter\u00edsticas Principais:<\/h3>\n<ul data-start=\"1707\" data-end=\"1853\">\n<li data-start=\"1707\" data-end=\"1732\">\n<p data-start=\"1709\" data-end=\"1732\">Neoprene reciclado de 3 mm<\/p>\n<\/li>\n<li data-start=\"1733\" data-end=\"1759\">\n<p data-start=\"1735\" data-end=\"1759\">Fabrico europeu<\/p>\n<\/li>\n<li data-start=\"1760\" data-end=\"1783\">\n<p data-start=\"1762\" data-end=\"1783\">Fecho frontal resistente<\/p>\n<\/li>\n<li data-start=\"1784\" data-end=\"1801\">\n<p data-start=\"1786\" data-end=\"1801\">Corte unissexo<\/p>\n<\/li>\n<\/ul>\n<h3 data-start=\"1860\" data-end=\"1893\">Comprometidos com o planeta<\/h3>\n<p data-start=\"1894\" data-end=\"2128\">Na Wildsuits, cada produto reflete a nossa vontade de oferecer equipamento t\u00e9cnico, dur\u00e1vel e respons\u00e1vel. Este casaco de neoprene reciclado \u00e9 uma solu\u00e7\u00e3o concreta para reduzir res\u00edduos e proteger os nossos oceanos.<\/p>\n<p data-start=\"2135\" data-end=\"2159\">Ideal para:<br \/>\n\u2022\u2060 \u2060Treinadores e instrutores de surf e outros desportos aqu\u00e1ticos<br \/>\n\u2022\u2060 \u2060Praticantes de vela e moton\u00e1utica<br \/>\n\u2022\u2060 \u2060Condutores de jetski<br \/>\n\u2022\u2060 \u2060Antes ou depois da sess\u00e3o (briefings, observa\u00e7\u00e3o do mar, recupera\u00e7\u00e3o)<br \/>\n\u2022\u2060 \u2060Clubes, escolas ou eventos que queiram um casaco personalizado<\/p>\n<p data-start=\"2135\" data-end=\"2159\"><img fetchpriority=\"high\" decoding=\"async\" class=\"wp-image-43409  alignleft\" src=\"https:\/\/wildsuits.eu\/wp-content\/uploads\/2025\/07\/DSC03208.jpg\" alt=\"Jacket neoprene Veste neoprene Made in europe jacket long Jacket surf Jacket coach\" width=\"783\" height=\"522\" srcset=\"https:\/\/wildsuits.eu\/wp-content\/uploads\/2025\/07\/DSC03208.jpg 1500w, https:\/\/wildsuits.eu\/wp-content\/uploads\/2025\/07\/DSC03208-300x200.jpg 300w, https:\/\/wildsuits.eu\/wp-content\/uploads\/2025\/07\/DSC03208-1024x683.jpg 1024w, https:\/\/wildsuits.eu\/wp-content\/uploads\/2025\/07\/DSC03208-768x512.jpg 768w, https:\/\/wildsuits.eu\/wp-content\/uploads\/2025\/07\/DSC03208-18x12.jpg 18w, https:\/\/wildsuits.eu\/wp-content\/uploads\/2025\/07\/DSC03208-600x400.jpg 600w\" sizes=\"(max-width: 783px) 100vw, 783px\" \/><\/p>","protected":false},"excerpt":{"rendered":"<p>Jacket N\u00e9opr\u00e8ne Recycl\u00e9 Wildsuits \u2013 Confort, Durabilit\u00e9 &amp; Personnalisation Fabriqu\u00e9e en Europe, test\u00e9e en mer, pens\u00e9e pour durer. D\u00e9couvrez la veste en n\u00e9opr\u00e8ne recycl\u00e9 Wildsuits, con\u00e7ue pour r\u00e9pondre aux besoins des entra\u00eeneurs et des passionn\u00e9s de sports nautiques en qu\u00eate de chaleur, de praticit\u00e9 et de respect de l\u2019environnement.D\u00e9velopp\u00e9e par notre \u00e9quipe, cette veste a [&hellip;]<\/p>","protected":false},"featured_media":43400,"comment_status":"open","ping_status":"closed","template":"","meta":[],"product_cat":[67],"product_tag":[],"_links":{"self":[{"href":"https:\/\/wildsuits.eu\/pt\/wp-json\/wp\/v2\/product\/43399"}],"collection":[{"href":"https:\/\/wildsuits.eu\/pt\/wp-json\/wp\/v2\/product"}],"about":[{"href":"https:\/\/wildsuits.eu\/pt\/wp-json\/wp\/v2\/types\/product"}],"replies":[{"embeddable":true,"href":"https:\/\/wildsuits.eu\/pt\/wp-json\/wp\/v2\/comments?post=43399"}],"wp:featuredmedia":[{"embeddable":true,"href":"https:\/\/wildsuits.eu\/pt\/wp-json\/wp\/v2\/media\/43400"}],"wp:attachment":[{"href":"https:\/\/wildsuits.eu\/pt\/wp-json\/wp\/v2\/media?parent=43399"}],"wp:term":[{"taxonomy":"product_cat","embeddable":true,"href":"https:\/\/wildsuits.eu\/pt\/wp-json\/wp\/v2\/product_cat?post=43399"},{"taxonomy":"product_tag","embeddable":true,"href":"https:\/\/wildsuits.eu\/pt\/wp-json\/wp\/v2\/product_tag?post=43399"}],"curies":[{"name":"wp","href":"https:\/\/api.w.org\/{rel}","templated":true}]}}