{"id":43158,"date":"2025-05-06T16:07:08","date_gmt":"2025-05-06T14:07:08","guid":{"rendered":"https:\/\/wildsuits.eu\/?post_type=product&#038;p=43158"},"modified":"2025-12-16T13:03:26","modified_gmt":"2025-12-16T12:03:26","slug":"combinaison-ecole","status":"publish","type":"product","link":"https:\/\/wildsuits.eu\/pt\/produto\/combinaison-ecole\/","title":{"rendered":"Combinaison \u00e9cole"},"content":{"rendered":"<p><b>\u00a0Tailles disponibles :<span style=\"font-weight: 400;\"> 6Y &#8211; 8Y &#8211; 10Y &#8211; 12Y &#8211; 14Y &#8211; 16Y &#8211; XS &#8211; S &#8211; MS &#8211; M &#8211; MT &#8211; L &#8211; XL &#8211; XXL<\/span><\/b><\/p>\n<p>Pre\u00e7o de venda ao p\u00fablico. Para escolas de surf ou encomendas superiores a 10 unidades, por favor contacta-nos por e-mail para <a class=\"cursor-pointer\" rel=\"noopener\" data-start=\"163\" data-end=\"181\">hello@wildsuits.fr<\/a> ou atrav\u00e9s do nosso<a href=\"https:\/\/wildsuits.eu\/pt\/contacto\/\"> formul\u00e1rio de contacto.<\/a>.<\/p>\n<p>La combinaison de surf id\u00e9ale pour votre \u00e9cole<\/p>\n<p><span style=\"font-weight: 400;\">La combinaison Wildsuits \u00c9cole 2025 est une combinaison de surf ultra polyvalente pens\u00e9e pour offrir performance, confort et durabilit\u00e9 dans les eaux froides \u00e0 temp\u00e9r\u00e9es.<\/span><\/p>\n<p class=\" translation-block\"><span style=\"font-weight: 400;\">Cette version sp\u00e9cialement d\u00e9velopp\u00e9e pour les \u00e9coles de surf allie <\/span><b>flexibilit\u00e9<\/b><span style=\"font-weight: 400;\"> et <\/span><b>confort<\/b><span style=\"font-weight: 400;\">. Cette combinaison a \u00e9t\u00e9 d\u00e9velopp\u00e9e pour convenir \u00e0 une grande majorit\u00e9 de morphologie gr\u00e2ce \u00e0 une large gamme de tailles. Renforc\u00e9e au niveau du dos pour une <\/span><b>r\u00e9sistance accrue<\/b><span style=\"font-weight: 400;\">,&nbsp; elle est parfaitement adapt\u00e9e \u00e0 un <\/span><b>usage intensif <\/b><span style=\"font-weight: 400;\">que ce soit pour des hommes, des femmes ou des enfants.&nbsp;<\/span><\/p>\n<p><span style=\"font-weight: 400;\">Con\u00e7ue en \u00e9troite collaboration avec nos \u00e9coles partenaires, nous avons optimis\u00e9\u00a0 le produits au fil des ann\u00e9es pour offrir un maximum d\u2019ergonomie et d\u2019efficacit\u00e9 au quotidien.\u00a0\u00a0<\/span><\/p>\n<p>&nbsp;<\/p>\n<p><b>Les technologies int\u00e9gr\u00e9es &amp; avantages<\/b><\/p>\n<ul>\n<li style=\"font-weight: 400;\" aria-level=\"1\" class=\" translation-block\"><b>Wild N\u00e9opr\u00e8ne school<\/b><span style=\"font-weight: 400;\"> : un n\u00e9opr\u00e8ne con\u00e7u par Wildsuits, plus souple et plus r\u00e9sistant, pour une long\u00e9vit\u00e9 optimales.<\/span><\/li>\n<li style=\"font-weight: 400;\" aria-level=\"1\" class=\" translation-block\"><b>Renforts Dots<\/b><span style=\"font-weight: 400;\"> : points de renforts appliqu\u00e9s sur les coutures pour solidifier les zones de collage et am\u00e9liorer la durabilit\u00e9 de la combinaison \u00e9cole.&nbsp;<\/span><\/li>\n<li style=\"font-weight: 400;\" aria-level=\"1\" class=\" translation-block\"><b>Knee Pads<\/b><span style=\"font-weight: 400;\"> : protections strat\u00e9giques renforc\u00e9es pour une durabilit\u00e9 maximale.<\/span><\/li>\n<li style=\"font-weight: 400;\" aria-level=\"1\"><b>Back Zip YKK<\/b><span style=\"font-weight: 400;\"> : fermeture robuste et durable, facile \u00e0 manipuler.<\/span><\/li>\n<li style=\"font-weight: 400;\" aria-level=\"1\" class=\" translation-block\"><b>Marquage des tailles<\/b><span style=\"font-weight: 400;\"> \u00e0 l\u2019int\u00e9rieur, \u00e0 l\u2019ext\u00e9rieur et sur les manches pour une gestion facilit\u00e9e.<\/span><\/li>\n<li style=\"font-weight: 400;\" aria-level=\"1\"><b>Disponible en 3 \u00e9paisseurs <\/b><span style=\"font-weight: 400;\">: 3\/2 mm &#8211; 4\/3 mm &#8211; 5\/4 mm\u00a0<\/span><\/li>\n<\/ul>\n<p>&nbsp;<\/p>\n<p><b>Personnalisation pour les \u00e9coles<\/b><\/p>\n<p class=\" translation-block\"><span style=\"font-weight: 400;\">Wildsuits propose la <\/span><b>personnalisation de vos combinaisons<\/b><span style=\"font-weight: 400;\"> avec le logo ou l\u2019identit\u00e9 visuelle de votre \u00e9cole.<\/span><\/p>\n<p><span style=\"font-weight: 400;\">Des zones sp\u00e9cifiques de marquage ont \u00e9t\u00e9 d\u00e9finies afin de garantir une impression nette et durable, limitant les d\u00e9formations dans le temps. Nous restons \u00e9galement \u00e0 l\u2019\u00e9coute pour envisager d\u2019autres emplacements selon vos besoins.<\/span><\/p>\n<p><span style=\"font-weight: 400;\">Cette option est disponible pour toutes les commandes destin\u00e9es aux \u00e9coles.<\/span><\/p>\n<p><img fetchpriority=\"high\" decoding=\"async\" class=\"alignnone wp-image-43404\" src=\"https:\/\/wildsuits.eu\/wp-content\/uploads\/2025\/07\/ee-300x200.jpg\" alt=\"Jacket neoprene Veste neoprene Made in europe jacket long Jacket surf Jacket coach\" width=\"339\" height=\"226\" srcset=\"https:\/\/wildsuits.eu\/wp-content\/uploads\/2025\/07\/ee-300x200.jpg 300w, https:\/\/wildsuits.eu\/wp-content\/uploads\/2025\/07\/ee-1024x683.jpg 1024w, https:\/\/wildsuits.eu\/wp-content\/uploads\/2025\/07\/ee-768x512.jpg 768w, https:\/\/wildsuits.eu\/wp-content\/uploads\/2025\/07\/ee-18x12.jpg 18w, https:\/\/wildsuits.eu\/wp-content\/uploads\/2025\/07\/ee-600x400.jpg 600w, https:\/\/wildsuits.eu\/wp-content\/uploads\/2025\/07\/ee.jpg 1500w\" sizes=\"(max-width: 339px) 100vw, 339px\" \/> \u00a0<img decoding=\"async\" class=\"alignnone wp-image-43166\" src=\"https:\/\/wildsuits.eu\/wp-content\/uploads\/2025\/05\/Detail-school-4-300x300.jpg\" alt=\"Combinaison \u00e9cole Wetsuit school school neoprene combi \u00e9cole neoprene school\" width=\"226\" height=\"226\" srcset=\"https:\/\/wildsuits.eu\/wp-content\/uploads\/2025\/05\/Detail-school-4-300x300.jpg 300w, https:\/\/wildsuits.eu\/wp-content\/uploads\/2025\/05\/Detail-school-4-1024x1024.jpg 1024w, https:\/\/wildsuits.eu\/wp-content\/uploads\/2025\/05\/Detail-school-4-150x150.jpg 150w, https:\/\/wildsuits.eu\/wp-content\/uploads\/2025\/05\/Detail-school-4-768x768.jpg 768w, https:\/\/wildsuits.eu\/wp-content\/uploads\/2025\/05\/Detail-school-4-1536x1536.jpg 1536w, https:\/\/wildsuits.eu\/wp-content\/uploads\/2025\/05\/Detail-school-4-12x12.jpg 12w, https:\/\/wildsuits.eu\/wp-content\/uploads\/2025\/05\/Detail-school-4-600x600.jpg 600w, https:\/\/wildsuits.eu\/wp-content\/uploads\/2025\/05\/Detail-school-4-100x100.jpg 100w, https:\/\/wildsuits.eu\/wp-content\/uploads\/2025\/05\/Detail-school-4.jpg 2000w\" sizes=\"(max-width: 226px) 100vw, 226px\" \/><\/p>\n<p><img decoding=\"async\" class=\"alignnone wp-image-43164\" src=\"https:\/\/wildsuits.eu\/wp-content\/uploads\/2025\/05\/lifestyle-300x300.jpg\" alt=\"Combinaison \u00e9cole Wetsuit school school neoprene combi \u00e9cole neoprene school\" width=\"281\" height=\"281\" srcset=\"https:\/\/wildsuits.eu\/wp-content\/uploads\/2025\/05\/lifestyle-300x300.jpg 300w, https:\/\/wildsuits.eu\/wp-content\/uploads\/2025\/05\/lifestyle-1024x1024.jpg 1024w, https:\/\/wildsuits.eu\/wp-content\/uploads\/2025\/05\/lifestyle-150x150.jpg 150w, https:\/\/wildsuits.eu\/wp-content\/uploads\/2025\/05\/lifestyle-768x768.jpg 768w, https:\/\/wildsuits.eu\/wp-content\/uploads\/2025\/05\/lifestyle-1536x1536.jpg 1536w, https:\/\/wildsuits.eu\/wp-content\/uploads\/2025\/05\/lifestyle-12x12.jpg 12w, https:\/\/wildsuits.eu\/wp-content\/uploads\/2025\/05\/lifestyle-600x600.jpg 600w, https:\/\/wildsuits.eu\/wp-content\/uploads\/2025\/05\/lifestyle-100x100.jpg 100w, https:\/\/wildsuits.eu\/wp-content\/uploads\/2025\/05\/lifestyle.jpg 2000w\" sizes=\"(max-width: 281px) 100vw, 281px\" \/> \u00a0<img loading=\"lazy\" decoding=\"async\" class=\"alignnone wp-image-43167\" src=\"https:\/\/wildsuits.eu\/wp-content\/uploads\/2025\/05\/Detail-school-3-300x300.jpg\" alt=\"Combinaison \u00e9cole Wetsuit school school neoprene combi \u00e9cole neoprene school\" width=\"281\" height=\"281\" srcset=\"https:\/\/wildsuits.eu\/wp-content\/uploads\/2025\/05\/Detail-school-3-300x300.jpg 300w, https:\/\/wildsuits.eu\/wp-content\/uploads\/2025\/05\/Detail-school-3-1024x1024.jpg 1024w, https:\/\/wildsuits.eu\/wp-content\/uploads\/2025\/05\/Detail-school-3-150x150.jpg 150w, https:\/\/wildsuits.eu\/wp-content\/uploads\/2025\/05\/Detail-school-3-768x768.jpg 768w, https:\/\/wildsuits.eu\/wp-content\/uploads\/2025\/05\/Detail-school-3-1536x1536.jpg 1536w, https:\/\/wildsuits.eu\/wp-content\/uploads\/2025\/05\/Detail-school-3-12x12.jpg 12w, https:\/\/wildsuits.eu\/wp-content\/uploads\/2025\/05\/Detail-school-3-600x600.jpg 600w, https:\/\/wildsuits.eu\/wp-content\/uploads\/2025\/05\/Detail-school-3-100x100.jpg 100w, https:\/\/wildsuits.eu\/wp-content\/uploads\/2025\/05\/Detail-school-3.jpg 2000w\" sizes=\"(max-width: 281px) 100vw, 281px\" \/><\/p>","protected":false},"excerpt":{"rendered":"<p>\u00a0Tailles disponibles : 6Y &#8211; 8Y &#8211; 10Y &#8211; 12Y &#8211; 14Y &#8211; 16Y &#8211; XS &#8211; S &#8211; MS &#8211; M &#8211; MT &#8211; L &#8211; XL &#8211; XXL Prix grand public. Pour les \u00e9coles de surf ou toute commande sup\u00e9rieure \u00e0 10 pi\u00e8ces, merci de nous contacter par e-mail \u00e0 hello@wildsuits.fr ou via [&hellip;]<\/p>","protected":false},"featured_media":43182,"comment_status":"open","ping_status":"closed","template":"","meta":[],"product_cat":[69],"product_tag":[],"_links":{"self":[{"href":"https:\/\/wildsuits.eu\/pt\/wp-json\/wp\/v2\/product\/43158"}],"collection":[{"href":"https:\/\/wildsuits.eu\/pt\/wp-json\/wp\/v2\/product"}],"about":[{"href":"https:\/\/wildsuits.eu\/pt\/wp-json\/wp\/v2\/types\/product"}],"replies":[{"embeddable":true,"href":"https:\/\/wildsuits.eu\/pt\/wp-json\/wp\/v2\/comments?post=43158"}],"wp:featuredmedia":[{"embeddable":true,"href":"https:\/\/wildsuits.eu\/pt\/wp-json\/wp\/v2\/media\/43182"}],"wp:attachment":[{"href":"https:\/\/wildsuits.eu\/pt\/wp-json\/wp\/v2\/media?parent=43158"}],"wp:term":[{"taxonomy":"product_cat","embeddable":true,"href":"https:\/\/wildsuits.eu\/pt\/wp-json\/wp\/v2\/product_cat?post=43158"},{"taxonomy":"product_tag","embeddable":true,"href":"https:\/\/wildsuits.eu\/pt\/wp-json\/wp\/v2\/product_tag?post=43158"}],"curies":[{"name":"wp","href":"https:\/\/api.w.org\/{rel}","templated":true}]}}