{"id":43130,"date":"2025-04-16T15:36:53","date_gmt":"2025-04-16T13:36:53","guid":{"rendered":"https:\/\/wildsuits.eu\/?post_type=product&#038;p=43130"},"modified":"2026-04-11T13:48:28","modified_gmt":"2026-04-11T11:48:28","slug":"combinaison-4-3-mm-bleue-2","status":"publish","type":"product","link":"https:\/\/wildsuits.eu\/pt\/produto\/combinaison-4-3-mm-bleue-2\/","title":{"rendered":"Fato de surf azul 4\/3 mm"},"content":{"rendered":"<h3 class=\"\" data-start=\"154\" data-end=\"222\">A vers\u00e3o colorida e leve do fato de surf Wildsuits<\/h3>\n<p class=\"\" data-start=\"224\" data-end=\"437\"><strong data-start=\"224\" data-end=\"252\">Novidade primavera 2025<\/strong>O fato de surf Wildsuits 4\/3 mm est\u00e1 agora dispon\u00edvel em azul, numa vers\u00e3o mais acess\u00edvel, pensada para quem procura um fato simples, eficaz e ecol\u00f3gico.<\/p>\n<p class=\"\" data-start=\"439\" data-end=\"511\"><strong><em>Dispon\u00edvel apenas por encomenda<\/em><\/strong><br data-start=\"474\" data-end=\"477\" \/><strong><em>Prazo de entrega: 2 a 3 semanas \u00fateis<\/em><\/strong><\/p>\n<h3 class=\"\" data-start=\"513\" data-end=\"563\">Fato de surf Wildsuits azul: simplicidade, estilo e performance<\/h3>\n<p class=\"\" data-start=\"565\" data-end=\"781\">Inspirado no nosso fato preto 4\/3 (modelo premium e best-seller), esta vers\u00e3o oferece uma abordagem mais leve, ideal para as sess\u00f5es de meia-esta\u00e7\u00e3o, mantendo o conforto e a liberdade de movimentos que caracterizam a Wildsuits.<\/p>\n<h3 class=\"\" data-start=\"783\" data-end=\"826\">O essencial da tecnologia Wildsuits<\/h3>\n<ul data-start=\"828\" data-end=\"936\">\n<li class=\"\" data-start=\"828\" data-end=\"855\">\n<p class=\"\" data-start=\"830\" data-end=\"855\">Neoprene ecol\u00f3gico<\/p>\n<\/li>\n<li class=\"\" data-start=\"856\" data-end=\"878\">\n<p class=\"\" data-start=\"858\" data-end=\"878\">Elasticidade e conforto<\/p>\n<\/li>\n<li class=\"\" data-start=\"879\" data-end=\"904\">\n<p class=\"\" data-start=\"881\" data-end=\"904\">Costuras GBS imperme\u00e1veis<\/p>\n<\/li>\n<li class=\"\" data-start=\"905\" data-end=\"936\">\n<p class=\"\" data-start=\"907\" data-end=\"936\">Zonas estrat\u00e9gicas refor\u00e7adas<\/p>\n<\/li>\n<\/ul>\n<h3 class=\"\" data-start=\"938\" data-end=\"956\">Surfa com estilo e consci\u00eancia<\/h3>\n<p class=\"\" data-start=\"958\" data-end=\"1125\">Surf, bodyboard, kitesurf, foil, e-foil\u2026 Este fato acompanha-te para todo o lado, com estilo e consci\u00eancia.<br data-start=\"1048\" data-end=\"1051\" \/>A Wildsuits \u00e9 o equipamento que faz bem tanto ao oceano como ao surfista.<\/p>\n<p class=\"\" data-start=\"958\" data-end=\"1125\"><img fetchpriority=\"high\" decoding=\"async\" class=\"alignnone wp-image-43257 size-large\" src=\"https:\/\/wildsuits.eu\/wp-content\/uploads\/2025\/04\/3W6A15bis-1024x1024.jpg\" alt=\"4\/3 mmCombinaisons neoprene Combinaisons Bleu combinaison Combinaisons surf Wildsuits\" width=\"1024\" height=\"1024\" srcset=\"https:\/\/wildsuits.eu\/wp-content\/uploads\/2025\/04\/3W6A15bis-1024x1024.jpg 1024w, https:\/\/wildsuits.eu\/wp-content\/uploads\/2025\/04\/3W6A15bis-300x300.jpg 300w, https:\/\/wildsuits.eu\/wp-content\/uploads\/2025\/04\/3W6A15bis-150x150.jpg 150w, https:\/\/wildsuits.eu\/wp-content\/uploads\/2025\/04\/3W6A15bis-768x768.jpg 768w, https:\/\/wildsuits.eu\/wp-content\/uploads\/2025\/04\/3W6A15bis-1536x1536.jpg 1536w, https:\/\/wildsuits.eu\/wp-content\/uploads\/2025\/04\/3W6A15bis-12x12.jpg 12w, https:\/\/wildsuits.eu\/wp-content\/uploads\/2025\/04\/3W6A15bis-600x600.jpg 600w, https:\/\/wildsuits.eu\/wp-content\/uploads\/2025\/04\/3W6A15bis-100x100.jpg 100w, https:\/\/wildsuits.eu\/wp-content\/uploads\/2025\/04\/3W6A15bis.jpg 1824w\" sizes=\"(max-width: 1024px) 100vw, 1024px\" \/><\/p>\n<p data-start=\"958\" data-end=\"1125\"><img decoding=\"async\" class=\"aligncenter wp-image-43258 size-large\" src=\"https:\/\/wildsuits.eu\/wp-content\/uploads\/2025\/04\/3W6Aweb-1024x1024.jpg\" alt=\"4\/3 mmCombinaisons neoprene Combinaisons Bleu combinaison Combinaisons surf Wildsuits\" width=\"1024\" height=\"1024\" srcset=\"https:\/\/wildsuits.eu\/wp-content\/uploads\/2025\/04\/3W6Aweb-1024x1024.jpg 1024w, https:\/\/wildsuits.eu\/wp-content\/uploads\/2025\/04\/3W6Aweb-300x300.jpg 300w, https:\/\/wildsuits.eu\/wp-content\/uploads\/2025\/04\/3W6Aweb-150x150.jpg 150w, https:\/\/wildsuits.eu\/wp-content\/uploads\/2025\/04\/3W6Aweb-768x768.jpg 768w, https:\/\/wildsuits.eu\/wp-content\/uploads\/2025\/04\/3W6Aweb-12x12.jpg 12w, https:\/\/wildsuits.eu\/wp-content\/uploads\/2025\/04\/3W6Aweb-600x600.jpg 600w, https:\/\/wildsuits.eu\/wp-content\/uploads\/2025\/04\/3W6Aweb-100x100.jpg 100w, https:\/\/wildsuits.eu\/wp-content\/uploads\/2025\/04\/3W6Aweb.jpg 1204w\" sizes=\"(max-width: 1024px) 100vw, 1024px\" \/><\/p>","protected":false},"excerpt":{"rendered":"<p>La version color\u00e9e et all\u00e9g\u00e9e de la combinaison Wildsuits Nouveaut\u00e9 printemps 2025, la 4\/3 mm Wildsuits se d\u00e9cline en bleue dans une version plus accessible, pens\u00e9e pour ceux qui recherchent une combinaison simple, efficace et toujours respectueuse de l\u2019environnement. Disponible uniquement sur commande.D\u00e9lais : 2 \u00e0 3 semaines ouvrables. Combinaison Wildsuits bleue : simplicit\u00e9, style [&hellip;]<\/p>","protected":false},"featured_media":43559,"comment_status":"open","ping_status":"closed","template":"","meta":[],"product_cat":[69],"product_tag":[],"_links":{"self":[{"href":"https:\/\/wildsuits.eu\/pt\/wp-json\/wp\/v2\/product\/43130"}],"collection":[{"href":"https:\/\/wildsuits.eu\/pt\/wp-json\/wp\/v2\/product"}],"about":[{"href":"https:\/\/wildsuits.eu\/pt\/wp-json\/wp\/v2\/types\/product"}],"replies":[{"embeddable":true,"href":"https:\/\/wildsuits.eu\/pt\/wp-json\/wp\/v2\/comments?post=43130"}],"wp:featuredmedia":[{"embeddable":true,"href":"https:\/\/wildsuits.eu\/pt\/wp-json\/wp\/v2\/media\/43559"}],"wp:attachment":[{"href":"https:\/\/wildsuits.eu\/pt\/wp-json\/wp\/v2\/media?parent=43130"}],"wp:term":[{"taxonomy":"product_cat","embeddable":true,"href":"https:\/\/wildsuits.eu\/pt\/wp-json\/wp\/v2\/product_cat?post=43130"},{"taxonomy":"product_tag","embeddable":true,"href":"https:\/\/wildsuits.eu\/pt\/wp-json\/wp\/v2\/product_tag?post=43130"}],"curies":[{"name":"wp","href":"https:\/\/api.w.org\/{rel}","templated":true}]}}