{"id":42732,"date":"2024-12-20T14:49:17","date_gmt":"2024-12-20T13:49:17","guid":{"rendered":"https:\/\/wildsuits.eu\/?post_type=product&#038;p=42732"},"modified":"2025-07-11T15:36:47","modified_gmt":"2025-07-11T13:36:47","slug":"combinaison-longe-cote-en-neoprene","status":"publish","type":"product","link":"https:\/\/wildsuits.eu\/pt\/produto\/combinaison-longe-cote-en-neoprene\/","title":{"rendered":"Fato de Neopreno para Longe-C\u00f4te"},"content":{"rendered":"<h2><strong>Conjunto Longe-C\u00f4te 4 mm em Neopreno \u2013 Conforto e Suporte \u00d3timos<\/strong><\/h2>\n<p>O produto que oferecemos \u00e9 composto por duas partes: umas cal\u00e7as e um top em neopreno, especialmente adaptados para a pr\u00e1tica do Longe-C\u00f4te, proporcionando melhor desempenho e grande facilidade de uso.<\/p>\n<h3><strong>LONGE-C\u00d4TE 4 mm \u2013 Produtos Concebidos para Durar<\/strong><\/h3>\n<p>Na Wildsuits, concebemos produtos pensados para resistir ao teste do tempo, oferecendo ao mesmo tempo conforto e desempenho incompar\u00e1veis. A nossa nova gama dedicada \u00e0 pr\u00e1tica do Longe-C\u00f4te combina robustez, leveza e liberdade de movimento.<\/p>\n<p>Fabricados com materiais dur\u00e1veis e t\u00e9cnicos, estes equipamentos adaptam-se perfeitamente a outros desportos n\u00e1uticos, como o caiaque ou o rafting, e tornar-se-\u00e3o essenciais para todas as suas aventuras costeiras.<\/p>\n<h3><strong>UM PRODUTO TESTADO E APROVADO PELOS EXPERTOS<\/strong><\/h3>\n<p>Para criar produtos \u00e0 altura das suas expectativas, colabor\u00e1mos com uma associa\u00e7\u00e3o especializada em Longe-C\u00f4te. Atrav\u00e9s de v\u00e1rios prot\u00f3tipos testados em condi\u00e7\u00f5es reais, este conjunto foi concebido para responder \u00e0s necessidades dos praticantes, combinando fiabilidade, conforto e efic\u00e1cia.<\/p>\n<h3><strong>EXPERI\u00caNCIA EM NEOPRENO<\/strong><\/h3>\n<p>Os nossos equipamentos s\u00e3o fabricados a partir de um neopreno espec\u00edfico selecionado para garantir durabilidade e conforto. Cada pe\u00e7a foi rigorosamente testada para acompanh\u00e1-lo em todas as suas sa\u00eddas, independentemente das condi\u00e7\u00f5es.<\/p>\n<h3><strong>UMA JAQUETA T\u00c9CNICA E VERS\u00c1TIL<\/strong><\/h3>\n<ul>\n<li class=\" translation-block\">Robustez e praticidade: Equipada com um fecho marinho ultra-resistente, a jaqueta \u00e9 concebida para durar no tempo e oferecer uma isola\u00e7\u00e3o t\u00e9rmica \u00f3tima. Uma aba interior protege contra irrita\u00e7\u00f5es e impede a infiltra\u00e7\u00e3o de \u00e1gua.<\/li>\n<li class=\" translation-block\">Costuras estrat\u00e9gicas: Minimizadas e posicionadas estrategicamente para maximizar o conforto, elas eliminam os pontos de fric\u00e7\u00e3o e permitem uma grande liberdade de movimento.<\/li>\n<li class=\" translation-block\">Polival\u00eancia: Ideal para o longe-c\u00f4te, esta jaqueta tamb\u00e9m \u00e9 adequada para outras atividades n\u00e1uticas.<\/li>\n<\/ul>\n<h3><strong>UM PANTAL\u00c3O DE NEOPRENO DE CINTURA ALTA<\/strong><\/h3>\n<ul>\n<li class=\" translation-block\">Conforto e suporte: Fabricado em neopreno el\u00e1stico, o pantal\u00e3o oferece uma grande liberdade de movimento, ao mesmo tempo que garante um ajuste perfeito gra\u00e7as \u00e0 sua cintura alta e cord\u00e3o ajust\u00e1vel.<\/li>\n<li class=\" translation-block\">Fixa\u00e7\u00f5es inteligentes: Um sistema de fixa\u00e7\u00e3o liga a parte superior e inferior para um ajuste impec\u00e1vel. Esta inova\u00e7\u00e3o garante uma experi\u00eancia sem desconforto, independentemente da sua morfologia.<\/li>\n<li class=\" translation-block\">Refor\u00e7os estrat\u00e9gicos: Os joelhos est\u00e3o equipados com protetores de joelho largos e dur\u00e1veis, garantindo maior resist\u00eancia ao desgaste e atrito.<\/li>\n<\/ul>\n<h3><strong>UMA GAMA DESENVOLVIDA PARA OS APAIXONADOS<\/strong><\/h3>\n<p>Os nossos produtos para o longe-c\u00f4te s\u00e3o muito mais do que simples roupas t\u00e9cnicas. Foram concebidos para acompanh\u00e1-lo em cada sess\u00e3o, adaptando-se \u00e0 sua pr\u00e1tica e respondendo \u00e0s suas exig\u00eancias mais elevadas.<\/p>\n<p>Alie estilo, conforto e desempenho com os nossos produtos Wildsuits e transforme as suas sa\u00eddas \u00e0 beira-mar num momento \u00fanico, com um equipamento concebido para durar.<\/p>\n<p><a href=\"https:\/\/wildsuits.eu\/pt\/longe-cote-sport-nautique\/\">Artigo sobre a pr\u00e1tica do longe-c\u00f4te.<\/a><\/p>","protected":false},"excerpt":{"rendered":"<p>Ensemble Longe-C\u00f4te 4 mm en N\u00e9opr\u00e8ne &#8211; Confort et Maintien Optimaux Le produit que nous proposons se compose de deux parties : un pantalon et un haut en n\u00e9opr\u00e8ne, sp\u00e9cialement adapt\u00e9s \u00e0 la pratique du longe-c\u00f4te pour offrir une meilleure performance et une grande simplicit\u00e9 d&#8217;utilisation. LONGE-C\u00d4TE 4 mm &#8211; DES PRODUITS CON\u00c7US POUR DURER [&hellip;]<\/p>","protected":false},"featured_media":43226,"comment_status":"open","ping_status":"closed","template":"","meta":[],"product_cat":[67],"product_tag":[],"_links":{"self":[{"href":"https:\/\/wildsuits.eu\/pt\/wp-json\/wp\/v2\/product\/42732"}],"collection":[{"href":"https:\/\/wildsuits.eu\/pt\/wp-json\/wp\/v2\/product"}],"about":[{"href":"https:\/\/wildsuits.eu\/pt\/wp-json\/wp\/v2\/types\/product"}],"replies":[{"embeddable":true,"href":"https:\/\/wildsuits.eu\/pt\/wp-json\/wp\/v2\/comments?post=42732"}],"wp:featuredmedia":[{"embeddable":true,"href":"https:\/\/wildsuits.eu\/pt\/wp-json\/wp\/v2\/media\/43226"}],"wp:attachment":[{"href":"https:\/\/wildsuits.eu\/pt\/wp-json\/wp\/v2\/media?parent=42732"}],"wp:term":[{"taxonomy":"product_cat","embeddable":true,"href":"https:\/\/wildsuits.eu\/pt\/wp-json\/wp\/v2\/product_cat?post=42732"},{"taxonomy":"product_tag","embeddable":true,"href":"https:\/\/wildsuits.eu\/pt\/wp-json\/wp\/v2\/product_tag?post=42732"}],"curies":[{"name":"wp","href":"https:\/\/api.w.org\/{rel}","templated":true}]}}