{"id":42684,"date":"2024-12-09T09:53:22","date_gmt":"2024-12-09T08:53:22","guid":{"rendered":"https:\/\/wildsuits.eu\/?post_type=product&#038;p=42684"},"modified":"2026-03-04T10:26:53","modified_gmt":"2026-03-04T09:26:53","slug":"5-4-mm-cagoule","status":"publish","type":"product","link":"https:\/\/wildsuits.eu\/pt\/produto\/5-4-mm-cagoule\/","title":{"rendered":"5\/4 mm Cagoule"},"content":{"rendered":"<div class=\"page\" title=\"Page 14\">\n<div class=\"section\">\n<div class=\"layoutArea\">\n<div class=\"column\">\n<h3>Combinaison 5\/4 mm \u00e0 Cagoule Wildsuits<\/h3>\n<p><strong>Seu Aliado Contra o Frio<\/strong><\/p>\n<p>Con\u00e7ue pour r\u00e9pondre aux besoins des surfeurs affrontant les rudes hivers c\u00f4te, notre nouvelle combinaison 5\/4 mm \u00e0 cagoule int\u00e8gre tout le savoir-faire Wildsuits. D\u00e9velopp\u00e9e gr\u00e2ce aux retours pr\u00e9cieux de nos fid\u00e8les clients et apr\u00e8s validation par nos ambassadeurs, cette combinaison est fabriqu\u00e9e en Europe avec une attention particuli\u00e8re port\u00e9e sur la qualit\u00e9 et la performance.<\/p>\n<p>La combinaison 5\/4 mm \u00e0 cagoule vous offre une chaleur exceptionnelle m\u00eame dans les conditions les plus glaciales, tout en pr\u00e9servant une flexibilit\u00e9 sup\u00e9rieure \u00e0 celle des combinaisons plus \u00e9paisses. Id\u00e9ale pour le surf, le bodyboard, le kitesurf, et le paddle (SUP) durant l\u2019hiver, elle combine chaleur et confort sans compromettre votre mobilit\u00e9.<\/p>\n<p><strong>Caracter\u00edsticas Principais:<\/strong><\/p>\n<ul>\n<li class=\" translation-block\">Neoprene Limestone Wild: Uma escolha ecol\u00f3gica que utiliza os melhores materiais dispon\u00edveis, incluindo pneus reciclados.<\/li>\n<li class=\" translation-block\">Costura GBS (Colada e Costurada \u00e0 Cega): Costuras refor\u00e7adas e imperme\u00e1veis para maior durabilidade e isolamento \u00f3timo.<\/li>\n<li class=\" translation-block\">Z\u00edper Frontal YKK: Z\u00edper frontal robusto para uso f\u00e1cil e m\u00e1xima impermeabiliza\u00e7\u00e3o.<\/li>\n<\/ul>\n<p>&nbsp;<\/p>\n<p><strong>Compromisso Ecol\u00f3gico:<\/strong><\/p>\n<p>Na Wildsuits, comprometemo-nos a minimizar nosso impacto ambiental em cada etapa da produ\u00e7\u00e3o. Desde a utiliza\u00e7\u00e3o de materiais reciclados at\u00e9 nossos processos de fabrica\u00e7\u00e3o inovadores, visamos oferecer os produtos mais ecol\u00f3gicos no mercado de surf.<\/p>\n<p><strong>Junte-se ao Movimento Wildsuits:<\/strong><\/p>\n<p>Vivez pleinement vos passions nautiques avec la combinaison 5\/4mm \u00e0 cagoule Wildsuits. Elle n\u2019est pas seulement une combinaison, mais un symbole de r\u00e9sistance contre le froid et d&#8217;engagement envers la protection de notre plan\u00e8te. Commandez d\u00e8s aujourd&#8217;hui pour vous lancer dans des aventures nautiques inoubliables, avec style, confort et conscience \u00e9cologique.<\/p>\n<\/div>\n<\/div>\n<\/div>\n<\/div>","protected":false},"excerpt":{"rendered":"<p>Combinaison 5\/4 mm \u00e0 Cagoule Wildsuits Votre Alli\u00e9 contre le Froid Con\u00e7ue pour r\u00e9pondre aux besoins des surfeurs affrontant les rudes hivers c\u00f4te, notre nouvelle combinaison 5\/4 mm \u00e0 cagoule int\u00e8gre tout le savoir-faire Wildsuits. D\u00e9velopp\u00e9e gr\u00e2ce aux retours pr\u00e9cieux de nos fid\u00e8les clients et apr\u00e8s validation par nos ambassadeurs, cette combinaison est fabriqu\u00e9e en [&hellip;]<\/p>","protected":false},"featured_media":43074,"comment_status":"open","ping_status":"closed","template":"","meta":[],"product_cat":[69],"product_tag":[],"_links":{"self":[{"href":"https:\/\/wildsuits.eu\/pt\/wp-json\/wp\/v2\/product\/42684"}],"collection":[{"href":"https:\/\/wildsuits.eu\/pt\/wp-json\/wp\/v2\/product"}],"about":[{"href":"https:\/\/wildsuits.eu\/pt\/wp-json\/wp\/v2\/types\/product"}],"replies":[{"embeddable":true,"href":"https:\/\/wildsuits.eu\/pt\/wp-json\/wp\/v2\/comments?post=42684"}],"wp:featuredmedia":[{"embeddable":true,"href":"https:\/\/wildsuits.eu\/pt\/wp-json\/wp\/v2\/media\/43074"}],"wp:attachment":[{"href":"https:\/\/wildsuits.eu\/pt\/wp-json\/wp\/v2\/media?parent=42684"}],"wp:term":[{"taxonomy":"product_cat","embeddable":true,"href":"https:\/\/wildsuits.eu\/pt\/wp-json\/wp\/v2\/product_cat?post=42684"},{"taxonomy":"product_tag","embeddable":true,"href":"https:\/\/wildsuits.eu\/pt\/wp-json\/wp\/v2\/product_tag?post=42684"}],"curies":[{"name":"wp","href":"https:\/\/api.w.org\/{rel}","templated":true}]}}