{"id":42303,"date":"2024-10-03T17:31:24","date_gmt":"2024-10-03T15:31:24","guid":{"rendered":"https:\/\/wildsuits.eu\/?post_type=product&#038;p=42303"},"modified":"2026-03-26T18:07:21","modified_gmt":"2026-03-26T17:07:21","slug":"wave-slide-shorty-manches-longues","status":"publish","type":"product","link":"https:\/\/wildsuits.eu\/pt\/produto\/wave-slide-shorty-manches-longues\/","title":{"rendered":"Wave Slide Shorty de Manga Comprida"},"content":{"rendered":"<h1>Descobre o Wave Slide, o teu companheiro ideal para aproveitares as ondas ao m\u00e1ximo!<\/h1>\n<p data-start=\"112\" data-end=\"228\"><strong data-start=\"112\" data-end=\"165\">Wave Slide by Wildsuits &#8211; Version manches longues<\/strong><br data-start=\"165\" data-end=\"168\" \/><strong data-start=\"168\" data-end=\"201\">Le couteau suisse de l\u2019oc\u00e9an.<\/strong><br data-start=\"201\" data-end=\"204\" \/><strong data-start=\"204\" data-end=\"228\">100% Made in Europe.<\/strong><\/p>\n<p data-start=\"230\" data-end=\"471\">Pens\u00e9 pour vivre la mer et l\u2019oc\u00e9an autrement, le Wave Slide manches longues vous accompagne dans toutes vos sessions aquatiques. <strong data-start=\"359\" data-end=\"416\">Bodysurf, snorkeling, exploration, photos dans l\u2019eau\u2026<\/strong> il s\u2019adapte \u00e0 vos envies, <strong data-start=\"443\" data-end=\"470\">avec vos palmes ou sans<\/strong>.<\/p>\n<p data-start=\"473\" data-end=\"628\"><strong data-start=\"473\" data-end=\"512\">Confortable, pratique et polyvalent<\/strong>, il est id\u00e9al pour les <strong data-start=\"536\" data-end=\"561\">sessions de mi-saison<\/strong>, notamment au <strong data-start=\"576\" data-end=\"627\">printemps et \u00e0 l\u2019automne en France et en Europe<\/strong>.<\/p>\n<p data-start=\"630\" data-end=\"755\">Apr\u00e8s le succ\u00e8s de son pr\u00e9-lancement en <strong data-start=\"670\" data-end=\"678\">2025<\/strong>, le Wave Slide revient en <strong data-start=\"705\" data-end=\"713\">2026<\/strong> avec des <strong data-start=\"723\" data-end=\"754\">prix encore plus attractifs<\/strong>.<\/p>\n<p data-start=\"757\" data-end=\"993\"><strong data-start=\"757\" data-end=\"772\">Important :<\/strong> r\u00e9serv\u00e9 aux <strong data-start=\"785\" data-end=\"810\">adultes sachant nager<\/strong>.<br data-start=\"811\" data-end=\"814\" \/>Ce produit <strong data-start=\"825\" data-end=\"838\">n\u2019est pas<\/strong> une aide \u00e0 la nage ni un \u00e9quipement de s\u00e9curit\u00e9. Il s\u2019adresse \u00e0 des personnes exp\u00e9riment\u00e9es, \u00e0 l\u2019aise dans l\u2019eau et capables de nager de mani\u00e8re autonome.<\/p>\n<p data-start=\"995\" data-end=\"1082\"><br data-start=\"1048\" data-end=\"1051\" \/><strong data-start=\"1051\" data-end=\"1082\">Explorez l\u2019oc\u00e9an autrement.<\/strong><\/p>\n<p><strong>Junta-te \u00e0 Comunidade Wave Slide e Experimenta o Deslizamento Reinventado.<\/strong><\/p>\n<p>Pede hoje o teu Wave Slide e descobre uma nova forma de surfar. Junta-te \u00e0 evolu\u00e7\u00e3o do deslize e faz parte da comunidade que ultrapassa os limites do desempenho enquanto desfrutas de cada momento no oceano.<\/p>\n<p><a href=\"https:\/\/wildsuits.eu\/pt\/wave-slide\/\">Descobre o Wave Slide da Wildsuits.<\/a><\/p>","protected":false},"excerpt":{"rendered":"<p>D\u00e9couvrez le Wave Slide, votre compagnon id\u00e9al pour glisser sur les vagues Wave Slide by Wildsuits &#8211; Version manches longuesLe couteau suisse de l\u2019oc\u00e9an.100% Made in Europe. Pens\u00e9 pour vivre la mer et l\u2019oc\u00e9an autrement, le Wave Slide manches longues vous accompagne dans toutes vos sessions aquatiques. Bodysurf, snorkeling, exploration, photos dans l\u2019eau\u2026 il s\u2019adapte [&hellip;]<\/p>","protected":false},"featured_media":43247,"comment_status":"open","ping_status":"closed","template":"","meta":[],"product_cat":[67],"product_tag":[],"_links":{"self":[{"href":"https:\/\/wildsuits.eu\/pt\/wp-json\/wp\/v2\/product\/42303"}],"collection":[{"href":"https:\/\/wildsuits.eu\/pt\/wp-json\/wp\/v2\/product"}],"about":[{"href":"https:\/\/wildsuits.eu\/pt\/wp-json\/wp\/v2\/types\/product"}],"replies":[{"embeddable":true,"href":"https:\/\/wildsuits.eu\/pt\/wp-json\/wp\/v2\/comments?post=42303"}],"wp:featuredmedia":[{"embeddable":true,"href":"https:\/\/wildsuits.eu\/pt\/wp-json\/wp\/v2\/media\/43247"}],"wp:attachment":[{"href":"https:\/\/wildsuits.eu\/pt\/wp-json\/wp\/v2\/media?parent=42303"}],"wp:term":[{"taxonomy":"product_cat","embeddable":true,"href":"https:\/\/wildsuits.eu\/pt\/wp-json\/wp\/v2\/product_cat?post=42303"},{"taxonomy":"product_tag","embeddable":true,"href":"https:\/\/wildsuits.eu\/pt\/wp-json\/wp\/v2\/product_tag?post=42303"}],"curies":[{"name":"wp","href":"https:\/\/api.w.org\/{rel}","templated":true}]}}