{"id":41793,"date":"2024-04-17T16:48:06","date_gmt":"2024-04-17T14:48:06","guid":{"rendered":"https:\/\/wildsuits.eu\/?post_type=product&#038;p=41793"},"modified":"2025-12-11T19:50:11","modified_gmt":"2025-12-11T18:50:11","slug":"4-3-mm-cagoule","status":"publish","type":"product","link":"https:\/\/wildsuits.eu\/pt\/produto\/4-3-mm-cagoule\/","title":{"rendered":"Capuz de 4\/3 mm"},"content":{"rendered":"<div class=\"page\" title=\"Page 14\">\n<div class=\"section\">\n<div class=\"layoutArea\">\n<div class=\"column\">\n<h3>Fato de surf com Capuz 4\/3mm da Wildsuits<\/h3>\n<p><strong>Seu Aliado Contra o Frio<\/strong><\/p>\n<p>Con\u00e7ue pour r\u00e9pondre aux besoins des surfeurs affrontant les rudes hivers, notre nouvelle combinaison 4\/3mm \u00e0 cagoule int\u00e8gre tout le savoir-faire Wildsuits. D\u00e9velopp\u00e9e gr\u00e2ce aux retours pr\u00e9cieux de nos fid\u00e8les clients et apr\u00e8s validation par nos ambassadeurs, cette combinaison est fabriqu\u00e9e en Europe avec une attention particuli\u00e8re port\u00e9e sur la qualit\u00e9 et la performance.<\/p>\n<p>O fato de surf com capuz de 4\/3mm oferece uma calor excepcional mesmo nas condi\u00e7\u00f5es mais glaciais, mantendo uma flexibilidade superior \u00e0 das roupas mais espessas. Ideal para surf, bodyboard, kitesurf e paddle (SUP) durante o inverno, ele combina calor e conforto sem comprometer sua mobilidade.<\/p>\n<p><strong>Caracter\u00edsticas Principais:<\/strong><\/p>\n<ul>\n<li class=\" translation-block\">Neoprene Limestone Wild: Uma escolha ecol\u00f3gica que utiliza os melhores materiais dispon\u00edveis, incluindo pneus reciclados.<\/li>\n<li class=\" translation-block\">Costura GBS (Colada e Costurada \u00e0 Cega): Costuras refor\u00e7adas e imperme\u00e1veis para maior durabilidade e isolamento \u00f3timo.<\/li>\n<li class=\" translation-block\">Z\u00edper Frontal YKK: Z\u00edper frontal robusto para uso f\u00e1cil e m\u00e1xima impermeabiliza\u00e7\u00e3o.<\/li>\n<li class=\" translation-block\">Concebido na Europa: Fabricado na nossa f\u00e1brica europeia para garantir os mais altos padr\u00f5es de qualidade e desempenho.<\/li>\n<\/ul>\n<p>&nbsp;<\/p>\n<p><strong>Compromisso Ecol\u00f3gico:<\/strong><\/p>\n<p>Na Wildsuits, comprometemo-nos a minimizar nosso impacto ambiental em cada etapa da produ\u00e7\u00e3o. Desde a utiliza\u00e7\u00e3o de materiais reciclados at\u00e9 nossos processos de fabrica\u00e7\u00e3o inovadores, visamos oferecer os produtos mais ecol\u00f3gicos no mercado de surf.<\/p>\n<p><strong>Junte-se ao Movimento Wildsuits:<\/strong><\/p>\n<p>Viva plenamente suas paix\u00f5es n\u00e1uticas com a roupa de mergulho com capuz 4\/3mm da Wildsuits. Ela n\u00e3o \u00e9 apenas uma roupa de mergulho, mas um s\u00edmbolo de resist\u00eancia contra o frio e de compromisso com a prote\u00e7\u00e3o do nosso planeta. Pe\u00e7a hoje para embarcar em aventuras n\u00e1uticas inesquec\u00edveis, com estilo, conforto e consci\u00eancia ecol\u00f3gica.<\/p>\n<\/div>\n<\/div>\n<\/div>\n<\/div>","protected":false},"excerpt":{"rendered":"<p>Combinaison 4\/3mm \u00e0 Cagoule Wildsuits Votre Alli\u00e9 contre le Froid Con\u00e7ue pour r\u00e9pondre aux besoins des surfeurs affrontant les rudes hivers, notre nouvelle combinaison 4\/3mm \u00e0 cagoule int\u00e8gre tout le savoir-faire Wildsuits. D\u00e9velopp\u00e9e gr\u00e2ce aux retours pr\u00e9cieux de nos fid\u00e8les clients et apr\u00e8s validation par nos ambassadeurs, cette combinaison est fabriqu\u00e9e en Europe avec une [&hellip;]<\/p>","protected":false},"featured_media":43075,"comment_status":"open","ping_status":"closed","template":"","meta":[],"product_cat":[69],"product_tag":[],"_links":{"self":[{"href":"https:\/\/wildsuits.eu\/pt\/wp-json\/wp\/v2\/product\/41793"}],"collection":[{"href":"https:\/\/wildsuits.eu\/pt\/wp-json\/wp\/v2\/product"}],"about":[{"href":"https:\/\/wildsuits.eu\/pt\/wp-json\/wp\/v2\/types\/product"}],"replies":[{"embeddable":true,"href":"https:\/\/wildsuits.eu\/pt\/wp-json\/wp\/v2\/comments?post=41793"}],"wp:featuredmedia":[{"embeddable":true,"href":"https:\/\/wildsuits.eu\/pt\/wp-json\/wp\/v2\/media\/43075"}],"wp:attachment":[{"href":"https:\/\/wildsuits.eu\/pt\/wp-json\/wp\/v2\/media?parent=41793"}],"wp:term":[{"taxonomy":"product_cat","embeddable":true,"href":"https:\/\/wildsuits.eu\/pt\/wp-json\/wp\/v2\/product_cat?post=41793"},{"taxonomy":"product_tag","embeddable":true,"href":"https:\/\/wildsuits.eu\/pt\/wp-json\/wp\/v2\/product_tag?post=41793"}],"curies":[{"name":"wp","href":"https:\/\/api.w.org\/{rel}","templated":true}]}}