{"id":41332,"date":"2023-10-20T15:55:32","date_gmt":"2023-10-20T13:55:32","guid":{"rendered":"https:\/\/wildsuits.eu\/?post_type=product&#038;p=41332"},"modified":"2025-12-18T10:41:20","modified_gmt":"2025-12-18T09:41:20","slug":"longjohn-neoprene","status":"publish","type":"product","link":"https:\/\/wildsuits.eu\/pt\/produto\/longjohn-neoprene\/","title":{"rendered":"Long John de Neoprene"},"content":{"rendered":"<h3><strong>Wildsuits Long John: O Essencial para Todos os Esportes Aqu\u00e1ticos<\/strong><\/h3>\n<p><span style=\"font-weight: 400;\">Procurando por um estilo dos anos 80 para suas pr\u00f3ximas sess\u00f5es? O Wildsuits Long John, um fato de neoprene intemporal para gera\u00e7\u00f5es. Projetado para os entusiastas de windsurf e stand-up paddle, bem como para todas as aventuras aqu\u00e1ticas, este fato de neoprene combina estilo, conforto e desempenho para atender a todas as suas necessidades.<\/span><\/p>\n<h2><span style=\"font-weight: 400;\">Caracter\u00edsticas Principais:<\/span><\/h2>\n<p><span style=\"font-weight: 400;\"><strong>Total Liberdade de Movimento.<\/strong> Nosso Long John de neoprene \u00e9 projetado para se ajustar como uma segunda pele, oferecendo uma excepcional amplitude de movimento. N\u00e3o restringe seus movimentos, tornando-o a escolha ideal para esportes aqu\u00e1ticos din\u00e2micos.<\/span><\/p>\n<p><span style=\"font-weight: 400;\"><strong>Isolamento T\u00e9rmico Avan\u00e7ado.<\/strong> Feito com neoprene de alta qualidade, este Long John oferece isolamento t\u00e9rmico excepcional. Mant\u00e9m o seu corpo na temperatura ideal, permitindo que voc\u00ea desfrute das suas atividades aqu\u00e1ticas favoritas mesmo em tempo fresco.<\/span><\/p>\n<p><span style=\"font-weight: 400;\"><strong>Durabilidade para Condi\u00e7\u00f5es Mar\u00edtimas.<\/strong> A qualidade de fabrica\u00e7\u00e3o europeia garante a resili\u00eancia deste Long John aos rigores do ambiente mar\u00edtimo. Ele suporta respingos, \u00e1gua salgada e exposi\u00e7\u00e3o ao sol para um desempenho duradouro.<\/span><\/p>\n<p><span style=\"font-weight: 400;\"><strong>Design Funcional.<\/strong> Nosso Long John est\u00e1 equipado com recursos pr\u00e1ticos, como al\u00e7as nos ombros para vestir rapidamente e refor\u00e7os para resistir ao atrito. Ele foi projetado para mant\u00ea-lo confort\u00e1vel por horas na \u00e1gua.<\/span><\/p>\n<p><span style=\"font-weight: 400;\"><strong>Versatilidade Aqu\u00e1tica.<\/strong> Se voc\u00ea \u00e9 um entusiasta de windsurf, um praticante de stand-up paddle ou simplesmente um amante de esportes aqu\u00e1ticos, este Long John \u00e9 seu aliado para todas as suas aventuras aqu\u00e1ticas.<\/span><\/p>\n<p><span style=\"font-weight: 400;\">Junte-se \u00e0 comunidade Wildsuits e embarque em aventuras aqu\u00e1ticas inesquec\u00edveis com estilo e conforto. Encomende o seu Wildsuits Long John hoje mesmo!<\/span><\/p>\n<p><span style=\"font-weight: 400;\">Junte-se ao movimento Wildsuits e incorpore o esp\u00edrito da \u00e1gua em cada uma de suas aventuras. Navegue, remar e viva o momento com Wildsuits.<\/span><\/p>\n<p><strong>Caracter\u00edsticas Principais:\u00a0<\/strong><\/p>\n<p><span style=\"font-weight: 400;\">2mm Neoprene de Calc\u00e1rio\u00a0<\/span><\/p>\n<p><span style=\"font-weight: 400;\">Costuras Flatlock<\/span><\/p>\n<p><span style=\"font-weight: 400;\">Al\u00e7a de ombro<\/span><\/p>","protected":false},"excerpt":{"rendered":"<p>Le Longjohn Wildsuits : L&#8217;Essentiel pour les Sports Nautiques Un style 80\u2019s pour vos prochaines sessions ?\u00a0 le Longjohn Wildsuits, une combinaison ind\u00e9modable depuis des g\u00e9n\u00e9rations.. Con\u00e7ue pour les amateurs de planche \u00e0 voile, de stand up paddle, et de toutes les aventures sur l&#8217;eau, cette combinaison combine style, confort et performance pour r\u00e9pondre \u00e0 [&hellip;]<\/p>","protected":false},"featured_media":43549,"comment_status":"open","ping_status":"closed","template":"","meta":[],"product_cat":[69],"product_tag":[],"_links":{"self":[{"href":"https:\/\/wildsuits.eu\/pt\/wp-json\/wp\/v2\/product\/41332"}],"collection":[{"href":"https:\/\/wildsuits.eu\/pt\/wp-json\/wp\/v2\/product"}],"about":[{"href":"https:\/\/wildsuits.eu\/pt\/wp-json\/wp\/v2\/types\/product"}],"replies":[{"embeddable":true,"href":"https:\/\/wildsuits.eu\/pt\/wp-json\/wp\/v2\/comments?post=41332"}],"wp:featuredmedia":[{"embeddable":true,"href":"https:\/\/wildsuits.eu\/pt\/wp-json\/wp\/v2\/media\/43549"}],"wp:attachment":[{"href":"https:\/\/wildsuits.eu\/pt\/wp-json\/wp\/v2\/media?parent=41332"}],"wp:term":[{"taxonomy":"product_cat","embeddable":true,"href":"https:\/\/wildsuits.eu\/pt\/wp-json\/wp\/v2\/product_cat?post=41332"},{"taxonomy":"product_tag","embeddable":true,"href":"https:\/\/wildsuits.eu\/pt\/wp-json\/wp\/v2\/product_tag?post=41332"}],"curies":[{"name":"wp","href":"https:\/\/api.w.org\/{rel}","templated":true}]}}