{"id":41326,"date":"2023-10-20T15:30:41","date_gmt":"2023-10-20T13:30:41","guid":{"rendered":"https:\/\/wildsuits.eu\/?post_type=product&#038;p=41326"},"modified":"2026-04-28T18:00:00","modified_gmt":"2026-04-28T16:00:00","slug":"top-neoprene","status":"publish","type":"product","link":"https:\/\/wildsuits.eu\/pt\/produto\/top-neoprene\/","title":{"rendered":"Top de Neoprene"},"content":{"rendered":"<h2>Wildsuits Top de Neoprene: Perfei\u00e7\u00e3o Leve para \u00c1guas Quentes<\/h2>\n<p><span style=\"font-weight: 400;\">Prepare-se para surfar com estilo e conforto no Top de Neoprene Wildsuits, desenhado para entusiastas do surf que desafiam seus limites sob o sol tropical brilhante ou durante sess\u00f5es de ver\u00e3o na Europa. Leve, flex\u00edvel e de alta performance, este top \u00e9 seu parceiro para sess\u00f5es de surf inesquec\u00edveis.<\/span><\/p>\n<h3><strong>Caracter\u00edsticas Principais:<\/strong><\/h3>\n<p><span style=\"font-weight: 400;\"><strong>Conforto Leve:<\/strong> Nosso top de neoprene \u00e9 projetado para ser leve, proporcionando a voc\u00ea uma total sensa\u00e7\u00e3o de liberdade nas ondas. Ele n\u00e3o vai te pesar, tornando-o a escolha perfeita para dias quentes e ensolarados.<\/span><\/p>\n<p><span style=\"font-weight: 400;\"><strong>Prote\u00e7\u00e3o Solar Integrada:<\/strong> Feito com neoprene de alta qualidade, tamb\u00e9m oferece prote\u00e7\u00e3o solar para a sua pele. Voc\u00ea pode surfar com confian\u00e7a sem se preocupar com os raios UV.<\/span><\/p>\n<p><span style=\"font-weight: 400;\"><strong>Flexibilidade M\u00e1xima:<\/strong> O corte ergon\u00f4mico e os materiais flex\u00edveis garantem total liberdade de movimento. Voc\u00ea pode realizar todos os seus movimentos de surf com facilidade.<\/span><\/p>\n<p><span style=\"font-weight: 400;\"><strong>Design Moderno:<\/strong> Nosso top apresenta um design moderno, exibindo sutilmente o logotipo da Wildsuits.<\/span><\/p>\n<p><span style=\"font-weight: 400;\"><strong>Versatilidade de Ver\u00e3o:<\/strong> Seja voc\u00ea um surfista experiente ou surfe ocasionalmente, este top de neoprene \u00e9 o seu companheiro ideal para os dias de ver\u00e3o na Fran\u00e7a ou sess\u00f5es tropicais na Indon\u00e9sia.<\/span><\/p>\n<p><span style=\"font-weight: 400;\">Tamb\u00e9m \u00e9 adequado para atividades como stand-up paddle, bodyboard, caiaque, kitesurf e mergulho com snorkel.<\/span><\/p>\n<p><strong>Caracter\u00edsticas Principais:\u00a0<\/strong><\/p>\n<ul>\n<li><span style=\"font-weight: 400;\">2mm Neoprene de Calc\u00e1rio\u00a0<\/span><\/li>\n<li><span style=\"font-weight: 400;\">Costuras Flatlock<\/span><\/li>\n<\/ul>\n<p><img fetchpriority=\"high\" decoding=\"async\" class=\"aligncenter wp-image-43072 size-large\" src=\"https:\/\/wildsuits.eu\/wp-content\/uploads\/2023\/10\/detail-web-1024x768.jpg\" alt=\"Top neoprene Wildsuits top neo top lycra Top surf\" width=\"1024\" height=\"768\" srcset=\"https:\/\/wildsuits.eu\/wp-content\/uploads\/2023\/10\/detail-web-1024x768.jpg 1024w, https:\/\/wildsuits.eu\/wp-content\/uploads\/2023\/10\/detail-web-300x225.jpg 300w, https:\/\/wildsuits.eu\/wp-content\/uploads\/2023\/10\/detail-web-768x576.jpg 768w, https:\/\/wildsuits.eu\/wp-content\/uploads\/2023\/10\/detail-web-1536x1152.jpg 1536w, https:\/\/wildsuits.eu\/wp-content\/uploads\/2023\/10\/detail-web-16x12.jpg 16w, https:\/\/wildsuits.eu\/wp-content\/uploads\/2023\/10\/detail-web-600x450.jpg 600w, https:\/\/wildsuits.eu\/wp-content\/uploads\/2023\/10\/detail-web.jpg 2016w\" sizes=\"(max-width: 1024px) 100vw, 1024px\" \/><\/p>\n<p><img decoding=\"async\" class=\"aligncenter wp-image-43071 size-large\" src=\"https:\/\/wildsuits.eu\/wp-content\/uploads\/2023\/10\/inte-web-1024x768.jpg\" alt=\"Top neoprene wildsuits top neo top surf\" width=\"1024\" height=\"768\" srcset=\"https:\/\/wildsuits.eu\/wp-content\/uploads\/2023\/10\/inte-web-1024x768.jpg 1024w, https:\/\/wildsuits.eu\/wp-content\/uploads\/2023\/10\/inte-web-300x225.jpg 300w, https:\/\/wildsuits.eu\/wp-content\/uploads\/2023\/10\/inte-web-768x576.jpg 768w, https:\/\/wildsuits.eu\/wp-content\/uploads\/2023\/10\/inte-web-16x12.jpg 16w, https:\/\/wildsuits.eu\/wp-content\/uploads\/2023\/10\/inte-web-600x450.jpg 600w, https:\/\/wildsuits.eu\/wp-content\/uploads\/2023\/10\/inte-web.jpg 1331w\" sizes=\"(max-width: 1024px) 100vw, 1024px\" \/><\/p>","protected":false},"excerpt":{"rendered":"<p>Le Top N\u00e9opr\u00e8ne Wildsuits : La Perfection L\u00e9g\u00e8re pour les Eaux Chaudes Pr\u00e9parez-vous \u00e0 surfer avec style et confort avec le Top N\u00e9opr\u00e8ne Wildsuits, con\u00e7u pour les amateurs de surf qui repoussent les limites sous le soleil \u00e9clatant des tropiques ou pendant les session estivales en Europe. L\u00e9ger, flexible et performant, ce top est votre [&hellip;]<\/p>","protected":false},"featured_media":43073,"comment_status":"open","ping_status":"closed","template":"","meta":[],"product_cat":[69],"product_tag":[],"_links":{"self":[{"href":"https:\/\/wildsuits.eu\/pt\/wp-json\/wp\/v2\/product\/41326"}],"collection":[{"href":"https:\/\/wildsuits.eu\/pt\/wp-json\/wp\/v2\/product"}],"about":[{"href":"https:\/\/wildsuits.eu\/pt\/wp-json\/wp\/v2\/types\/product"}],"replies":[{"embeddable":true,"href":"https:\/\/wildsuits.eu\/pt\/wp-json\/wp\/v2\/comments?post=41326"}],"wp:featuredmedia":[{"embeddable":true,"href":"https:\/\/wildsuits.eu\/pt\/wp-json\/wp\/v2\/media\/43073"}],"wp:attachment":[{"href":"https:\/\/wildsuits.eu\/pt\/wp-json\/wp\/v2\/media?parent=41326"}],"wp:term":[{"taxonomy":"product_cat","embeddable":true,"href":"https:\/\/wildsuits.eu\/pt\/wp-json\/wp\/v2\/product_cat?post=41326"},{"taxonomy":"product_tag","embeddable":true,"href":"https:\/\/wildsuits.eu\/pt\/wp-json\/wp\/v2\/product_tag?post=41326"}],"curies":[{"name":"wp","href":"https:\/\/api.w.org\/{rel}","templated":true}]}}