{"id":41320,"date":"2023-10-20T11:40:36","date_gmt":"2023-10-20T09:40:36","guid":{"rendered":"https:\/\/wildsuits.eu\/?post_type=product&#038;p=41320"},"modified":"2026-01-19T15:17:36","modified_gmt":"2026-01-19T14:17:36","slug":"shorty-neoprene","status":"publish","type":"product","link":"https:\/\/wildsuits.eu\/pt\/produto\/shorty-neoprene\/","title":{"rendered":"Shorty de Neoprene"},"content":{"rendered":"<h1 style=\"text-align: left;\"><span style=\"font-weight: 400;\">Descubra o Shorty de Neoprene de Calc\u00e1rio Eco-Amig\u00e1vel da Wildsuits para Esportes Aqu\u00e1ticos.<\/span><\/h1>\n<p style=\"text-align: left;\" class=\" translation-block\">Prepare-se para experimentar um desempenho incompar\u00e1vel em \u00e1guas temperadas com o Shorty de Neoprene de Calc\u00e1rio Eco-Amig\u00e1vel da Wildsuits. Seu companheiro definitivo para esportes aqu\u00e1ticos durante as sess\u00f5es de ver\u00e3o. Projetado na Europa com um compromisso inabal\u00e1vel com a qualidade, conforto e sustentabilidade, este shorty redefine os padr\u00f5es de desempenho enquanto respeita o nosso planeta.<\/p>\n<h2 style=\"text-align: left;\"><strong>Caracter\u00edsticas Principais:<\/strong><\/h2>\n<p style=\"text-align: left;\"><span style=\"font-weight: 400;\"><strong>Fabrica\u00e7\u00e3o Europeia de Primeira Classe:<\/strong> O nosso shorty de neoprene \u00e9 orgulhosamente feito na Europa, um testemunho de qualidade e de um artesanato excepcional.<\/span><span style=\"font-weight: 400;\"> que desenvolvemos diretamente com nossa f\u00e1brica ap\u00f3s o feedback de nossos pilotos profissionais.\u00a0<\/span><\/p>\n<p style=\"text-align: left;\"><span style=\"font-weight: 400;\"><strong>Eco-Responsabilidade no Cerne do Nosso DNA:<\/strong> O neoprene de calc\u00e1rio \u00e9 a nossa escolha consciente para minimizar o impacto ambiental. N\u00e3o \u00e9 apenas mais leve e de maior desempenho, mas tamb\u00e9m reduz a nossa depend\u00eancia de recursos petrol\u00edferos. Voc\u00ea pode desfrutar das suas atividades enquanto contribui para a preserva\u00e7\u00e3o do nosso planeta.<\/span><\/p>\n<p style=\"text-align: left;\"><span style=\"font-weight: 400;\"><strong>Desempenho Sem Compromissos:<\/strong> O shorty de neoprene da Wildsuits oferece um ajuste ergon\u00f4mico gra\u00e7as \u00e0 flexibilidade do neoprene que se molda ao seu corpo, garantindo total liberdade de movimento. Suas costuras planas eliminam o atrito indesejado, permitindo que voc\u00ea se concentre na a\u00e7\u00e3o.<\/span><\/p>\n<p style=\"text-align: left;\"><span style=\"font-weight: 400;\"><strong>Estilo \u00cdcone<\/strong> Fa\u00e7a uma declara\u00e7\u00e3o com nosso design elegante e refinado. O logo da Wildsuits \u00e9 sutilmente destacado para um toque de sofistica\u00e7\u00e3o.\u00a0<\/span><\/p>\n<p style=\"text-align: left;\"><span style=\"font-weight: 400;\"><strong>Versatilidade Total<\/strong> Se voc\u00ea \u00e9 um surfista apaixonado, praticante de bodyboard, mergulhador ou entusiasta do windsurf, nosso shorty em neoprene de calc\u00e1rio \u00e9 o aliado ideal para todos os seus esportes aqu\u00e1ticos. Ele oferece isolamento t\u00e9rmico \u00f3timo para superar seus limites, mesmo em \u00e1guas mais frias (17-24\u00b0C), bem como prote\u00e7\u00e3o contra choques ou irrita\u00e7\u00f5es.<\/span><\/p>\n<p style=\"text-align: left;\"><strong>Caracter\u00edsticas Principais:\u00a0<\/strong><\/p>\n<ul style=\"text-align: left;\">\n<li style=\"font-weight: 400;\" aria-level=\"1\"><span style=\"font-weight: 400;\">2mm Neoprene de Calc\u00e1rio\u00a0<\/span><\/li>\n<li style=\"font-weight: 400;\" aria-level=\"1\"><span style=\"font-weight: 400;\">Fecho de Z\u00edper Frontal<\/span><\/li>\n<li style=\"font-weight: 400;\" aria-level=\"1\"><span style=\"font-weight: 400;\">Costuras GBS e Flatlock<\/span><\/li>\n<\/ul>\n<p>&nbsp;<\/p>\n<p style=\"text-align: left;\"><span style=\"font-weight: 400;\">Junte-se \u00e0 comunidade Wildsuits e fa\u00e7a uma escolha ecologicamente consciente sem comprometer o desempenho. D\u00ea um passo pelo planeta enquanto explora as maravilhas dos nossos oceanos. Pe\u00e7a hoje o seu Shorty em Neoprene de Calc\u00e1rio Ecol\u00f3gico da Wildsuits!<\/span><\/p>\n<p style=\"text-align: left;\"><span style=\"font-weight: 400;\">Fa\u00e7a parte do movimento Wildsuits e encarne a mudan\u00e7a que deseja ver no mundo dos esportes aqu\u00e1ticos. Escolha a qualidade europeia, durabilidade e desempenho inigual\u00e1vel. Navegue com a Wildsuits, explore, sonhe, conquiste.<\/span><\/p>","protected":false},"excerpt":{"rendered":"<p>D\u00e9couvrez le Shorty en N\u00e9opr\u00e8ne Limestone \u00c9co-responsable Wildsuits pour les sports nautiques. Pr\u00e9parez-vous \u00e0 vivre une exp\u00e9rience in\u00e9gal\u00e9e dans les eaux temp\u00e9r\u00e9es avec le Shorty en N\u00e9opr\u00e8ne Limestone Eco-responsable Wildsuits. Votre alli\u00e9 ultime pour les sports nautiques durant les sessions estivales. Con\u00e7u en Europe avec un engagement absolu envers la qualit\u00e9, le confort, et la [&hellip;]<\/p>","protected":false},"featured_media":43551,"comment_status":"open","ping_status":"closed","template":"","meta":[],"product_cat":[69],"product_tag":[],"_links":{"self":[{"href":"https:\/\/wildsuits.eu\/pt\/wp-json\/wp\/v2\/product\/41320"}],"collection":[{"href":"https:\/\/wildsuits.eu\/pt\/wp-json\/wp\/v2\/product"}],"about":[{"href":"https:\/\/wildsuits.eu\/pt\/wp-json\/wp\/v2\/types\/product"}],"replies":[{"embeddable":true,"href":"https:\/\/wildsuits.eu\/pt\/wp-json\/wp\/v2\/comments?post=41320"}],"wp:featuredmedia":[{"embeddable":true,"href":"https:\/\/wildsuits.eu\/pt\/wp-json\/wp\/v2\/media\/43551"}],"wp:attachment":[{"href":"https:\/\/wildsuits.eu\/pt\/wp-json\/wp\/v2\/media?parent=41320"}],"wp:term":[{"taxonomy":"product_cat","embeddable":true,"href":"https:\/\/wildsuits.eu\/pt\/wp-json\/wp\/v2\/product_cat?post=41320"},{"taxonomy":"product_tag","embeddable":true,"href":"https:\/\/wildsuits.eu\/pt\/wp-json\/wp\/v2\/product_tag?post=41320"}],"curies":[{"name":"wp","href":"https:\/\/api.w.org\/{rel}","templated":true}]}}