{"id":37990,"date":"2022-11-15T12:09:00","date_gmt":"2022-11-15T11:09:00","guid":{"rendered":"https:\/\/wildsuits.eu\/?post_type=product&#038;p=37990"},"modified":"2025-05-21T14:43:38","modified_gmt":"2025-05-21T12:43:38","slug":"poncho-eco-responsable","status":"publish","type":"product","link":"https:\/\/wildsuits.eu\/pt\/produto\/poncho-eco-responsavel\/","title":{"rendered":"PONCHO ECO-FRIENDLY"},"content":{"rendered":"<p>Descobre os novos ponchos de surf Wildsuits eco-respons\u00e1veis concebidos e fabricados em Portugal.<\/p>\n<h2 class=\"mb-3\">Descobre poncho eco-friendly<\/h2>\n<p>Descobre\u00a0<strong>poncho eco-friendly<\/strong> Wildsuits! Feito \u00e0 m\u00e3o numa pequena f\u00e1brica familiar em Portugal, este poncho \u00e9 o companheiro ideal para os seus finais de sess\u00e3o de surf. O poncho de surf ecol\u00f3gico Wildsuits, de tamanho \u00fanico, foi concebido para se adaptar a todos os tipos de corpos.<\/p>\n<h3 id=\"allier-eco-responsabilite-et-confort\">Aliar eco-responsabilidade e conforto<\/h3>\n<p>O poncho eco-friendly da Wildsuits permitir-te-\u00e1 vestir e aquecer enquanto preservas o ambiente. Este poncho \u00e9 feito a partir de algod\u00e3o 100% reciclado em Portugal. Com as suas mangas compridas, o seu capuz ajust\u00e1vel e o seu grande bolso canguru, este poncho parece mais uma enorme camisola do que uma toalha de praia. O seu material \u00e9 super absorvente para que te possas secar rapidamente.<\/p>\n<h3>As principais altera\u00e7\u00f5es em 2024?<\/h3>\n<p>A nova caracter\u00edstica deste poncho reside no seu pequeno bolso lateral discreto de acesso, cuidadosamente redesenhado pelos riders da equipa Wildsuits. Esta inova\u00e7\u00e3o oferece-lhe uma forma mais f\u00e1cil e discreta de se trocar, comparada \u00e0 vers\u00e3o anterior.<\/p>\n<h3 id=\"quand-utiliser-le-poncho-de-surf-wildsuits\">Quando utilizar o poncho de surf da Wildsuits?<\/h3>\n<p>O nosso poncho permitir-te-\u00e1 vestir o teu fato Wildsuits mais facilmente antes de ires para a \u00e1gua e despi-lo no final da tua sess\u00e3o. Ser\u00e1 ainda \u00fatil para te manter quente na praia em dias de frio, ou pode ser usado como toalha de praia num dia quente de Ver\u00e3o.<\/p>\n<h3 id=\"conseils-sur-lentretien-du-produit\">Como cuidares do teu poncho<\/h3>\n<p>Para preservares o teu poncho eco-friendly, lava-o a uma temperatura baixa e com cores semelhantes. N\u00e3o o limpes a seco e, se o engomares, f\u00e1-lo a baixa temperatura.<\/p>","protected":false},"excerpt":{"rendered":"<p>Le surf poncho \u00e9co-responsable Wildsuits.<\/p>","protected":false},"featured_media":41973,"comment_status":"open","ping_status":"closed","template":"","meta":[],"product_cat":[17],"product_tag":[],"_links":{"self":[{"href":"https:\/\/wildsuits.eu\/pt\/wp-json\/wp\/v2\/product\/37990"}],"collection":[{"href":"https:\/\/wildsuits.eu\/pt\/wp-json\/wp\/v2\/product"}],"about":[{"href":"https:\/\/wildsuits.eu\/pt\/wp-json\/wp\/v2\/types\/product"}],"replies":[{"embeddable":true,"href":"https:\/\/wildsuits.eu\/pt\/wp-json\/wp\/v2\/comments?post=37990"}],"wp:featuredmedia":[{"embeddable":true,"href":"https:\/\/wildsuits.eu\/pt\/wp-json\/wp\/v2\/media\/41973"}],"wp:attachment":[{"href":"https:\/\/wildsuits.eu\/pt\/wp-json\/wp\/v2\/media?parent=37990"}],"wp:term":[{"taxonomy":"product_cat","embeddable":true,"href":"https:\/\/wildsuits.eu\/pt\/wp-json\/wp\/v2\/product_cat?post=37990"},{"taxonomy":"product_tag","embeddable":true,"href":"https:\/\/wildsuits.eu\/pt\/wp-json\/wp\/v2\/product_tag?post=37990"}],"curies":[{"name":"wp","href":"https:\/\/api.w.org\/{rel}","templated":true}]}}