{"id":37955,"date":"2022-11-15T11:49:25","date_gmt":"2022-11-15T10:49:25","guid":{"rendered":"https:\/\/wildsuits.eu\/?post_type=product&#038;p=37955"},"modified":"2026-04-28T17:57:53","modified_gmt":"2026-04-28T15:57:53","slug":"sac-surf-et-lifestyle","status":"publish","type":"product","link":"https:\/\/wildsuits.eu\/pt\/produto\/mochila-de-surf\/","title":{"rendered":"Mochila de surf e lifestyle"},"content":{"rendered":"<p class=\" translation-block\">Voici le <strong>sac \u00e0 dos Wildsuits&nbsp;<em>(35L)<\/em><\/strong>.&nbsp;Le surf bag d\u2019excellence mais pas seulement!<\/p>\n<p>Temos vindo a trabalhar no desenvolvimento de uma mochila amiga do ambiente, mantendo um design casual, pr\u00e1tico e resistente. \n\nSer\u00e1 a companhia perfeita para ir dar uma volta ao Mundo ou um simples passeio de bicicleta.<\/p>\n<h3><b><i>Detalhes da mochila de surf e Lifestyle<\/i><\/b><\/h3>\n<ul>\n<li>Bolso Grande Central<\/li>\n<li aria-level=\"1\">Bolsa para computador port\u00e1til at\u00e9 16 polegadas<\/li>\n<li aria-level=\"1\">Bolso lateral para f\u00e1cil acesso e seguran\u00e7a<\/li>\n<li aria-level=\"1\">Fecho roll-top<\/li>\n<li aria-level=\"1\">Costas \u00e0 prova de suor<\/li>\n<li>Bolso secreto para guardar os seus pertences mais preciosos.<\/li>\n<li>Medida certa para bagagem de m\u00e3o para as suas viagens de avi\u00e3o.<\/li>\n<li aria-level=\"1\">E muitos outros detalhes \u00fateis...<\/li>\n<\/ul>\n<p><strong>A mochila de surf e lifestyle concebida para durar!<\/strong><\/p>\n<h2 class=\"mb-3\">A mochila de surf e lifestyle<\/h2>\n<h3 id=\"votre-nouvel-allie-de-toute-circonstance\">Votre alli\u00e9 de toute circonstance<\/h3>\n<p>Conforto, durabilidade, impermeabilidade e responsabilidade ecol\u00f3gica s\u00e3o os principais pontos fortes desta mochila.<\/p>\n<p>Permite-te transportar o teu equipamento de forma segura e confort\u00e1vel em todas as condi\u00e7\u00f5es exteriores, mantendo os seus artigos frescos durante todo o dia, mesmo ao sol, e secos, mesmo com chuva torrencial.<\/p>\n<p>=)<\/p>\n<h3 id=\"composition\">Composi\u00e7\u00e3o<\/h3>\n<p>Tal como com os nossos fatos de surf, levamos muito a s\u00e9rio a selec\u00e7\u00e3o de materiais para esta mochila imperme\u00e1vel.  Ap\u00f3s sucessivos testes de diferentes materiais e sua resist\u00eancia, optamos pelo poli\u00e9ster 100% reciclado (rPET) para o forro exterior combinado com TPU para o forro interior da mochila.<\/p>\n<p>Para al\u00e9m de serem imperme\u00e1veis, estes materiais t\u00eam caracter\u00edsticas muito boas para uma mochila seca, tais como serem extremamente leves, flex\u00edveis e dur\u00e1veis.<\/p>\n<p>As costuras s\u00e3o seladas por radiofrequ\u00eancia (RF). Este processo impede qualquer penetra\u00e7\u00e3o externa de \u00e1gua, e \u00e9 utilizado pelos fabricantes de rafting em particular.<\/p>\n<p>&nbsp;<\/p>\n<h2 class=\"mb-3\">Informations compl\u00e9mentaires<\/h2>\n<table class=\"woocommerce-product-attributes shop_attributes\">\n<tbody>\n<tr class=\"woocommerce-product-attributes-item woocommerce-product-attributes-item--attribute_taille\">\n<th class=\"woocommerce-product-attributes-item__label\">Tamanho<\/th>\n<td class=\"woocommerce-product-attributes-item__value\">\u00a0 Tamanho \u00fanico 35L<\/td>\n<\/tr>\n<tr class=\"woocommerce-product-attributes-item woocommerce-product-attributes-item--attribute_pa_couleur\">\n<th class=\"woocommerce-product-attributes-item__label\">Cores<\/th>\n<td class=\"woocommerce-product-attributes-item__value\">\u00a0 Preto, Cinzento<\/td>\n<\/tr>\n<tr class=\"woocommerce-product-attributes-item woocommerce-product-attributes-item--attribute_pa_composition\">\n<th class=\"woocommerce-product-attributes-item__label\">\u00a0 Composi\u00e7\u00e3o<\/th>\n<td class=\"woocommerce-product-attributes-item__value\">\u00a0 Polyester 100% recycl\u00e9 (rPET), TPU<\/td>\n<\/tr>\n<tr class=\"woocommerce-product-attributes-item woocommerce-product-attributes-item--attribute_pa_impression\">\n<th class=\"woocommerce-product-attributes-item__label\">Estampagem<\/th>\n<td class=\"woocommerce-product-attributes-item__value\">\u00a0 Serigrafia<\/td>\n<\/tr>\n<tr class=\"woocommerce-product-attributes-item woocommerce-product-attributes-item--attribute_pa_coutures\">\n<th class=\"woocommerce-product-attributes-item__label\">Costuras<\/th>\n<td class=\"woocommerce-product-attributes-item__value\">\u00a0 Radiofrequ\u00eancia<\/td>\n<\/tr>\n<tr class=\"woocommerce-product-attributes-item woocommerce-product-attributes-item--attribute_pa_divers\">\n<th class=\"woocommerce-product-attributes-item__label\">Outros<\/th>\n<td class=\"woocommerce-product-attributes-item__value\">\u00a0 Bolsa anti-roubo<\/td>\n<\/tr>\n<\/tbody>\n<\/table>\n<p><img fetchpriority=\"high\" decoding=\"async\" class=\"alignnone wp-image-37982 size-large\" src=\"https:\/\/wildsuits.eu\/wp-content\/uploads\/2022\/11\/retouche4-1024x683.jpg\" alt=\"d\u00e9tail visuel bag\" width=\"1024\" height=\"683\" srcset=\"https:\/\/wildsuits.eu\/wp-content\/uploads\/2022\/11\/retouche4-1024x683.jpg 1024w, https:\/\/wildsuits.eu\/wp-content\/uploads\/2022\/11\/retouche4-300x200.jpg 300w, https:\/\/wildsuits.eu\/wp-content\/uploads\/2022\/11\/retouche4-768x512.jpg 768w, https:\/\/wildsuits.eu\/wp-content\/uploads\/2022\/11\/retouche4-1536x1024.jpg 1536w, https:\/\/wildsuits.eu\/wp-content\/uploads\/2022\/11\/retouche4-2048x1365.jpg 2048w, https:\/\/wildsuits.eu\/wp-content\/uploads\/2022\/11\/retouche4-18x12.jpg 18w, https:\/\/wildsuits.eu\/wp-content\/uploads\/2022\/11\/retouche4-600x400.jpg 600w\" sizes=\"(max-width: 1024px) 100vw, 1024px\" \/><\/p>\n<p><img decoding=\"async\" class=\"alignnone wp-image-37979 size-large\" src=\"https:\/\/wildsuits.eu\/wp-content\/uploads\/2022\/11\/retouche1-1024x683.jpg\" alt=\"sac surf\" width=\"1024\" height=\"683\" srcset=\"https:\/\/wildsuits.eu\/wp-content\/uploads\/2022\/11\/retouche1-1024x683.jpg 1024w, https:\/\/wildsuits.eu\/wp-content\/uploads\/2022\/11\/retouche1-300x200.jpg 300w, https:\/\/wildsuits.eu\/wp-content\/uploads\/2022\/11\/retouche1-768x512.jpg 768w, https:\/\/wildsuits.eu\/wp-content\/uploads\/2022\/11\/retouche1-1536x1024.jpg 1536w, https:\/\/wildsuits.eu\/wp-content\/uploads\/2022\/11\/retouche1-2048x1365.jpg 2048w, https:\/\/wildsuits.eu\/wp-content\/uploads\/2022\/11\/retouche1-18x12.jpg 18w, https:\/\/wildsuits.eu\/wp-content\/uploads\/2022\/11\/retouche1-600x400.jpg 600w\" sizes=\"(max-width: 1024px) 100vw, 1024px\" \/><\/p>","protected":false},"excerpt":{"rendered":"<p>Voici le sac \u00e0 dos Wildsuits\u00a0(35L).\u00a0Le surf bag d\u2019excellence mais pas seulement! Depuis plusieurs ann\u00e9es, nous travaillons sur le d\u00e9veloppement d\u2019un sac \u00e9co-responsable con\u00e7u et pens\u00e9 pour bien \u00e9videmment les surfeurs mais pas seulement! Il sera votre compagnon parfait pour partir \u00e0 l\u2019aventure ou tout simplement aller au travail en v\u00e9lo. D\u00e9tails du sac surf [&hellip;]<\/p>","protected":false},"featured_media":37986,"comment_status":"open","ping_status":"closed","template":"","meta":[],"product_cat":[17],"product_tag":[],"_links":{"self":[{"href":"https:\/\/wildsuits.eu\/pt\/wp-json\/wp\/v2\/product\/37955"}],"collection":[{"href":"https:\/\/wildsuits.eu\/pt\/wp-json\/wp\/v2\/product"}],"about":[{"href":"https:\/\/wildsuits.eu\/pt\/wp-json\/wp\/v2\/types\/product"}],"replies":[{"embeddable":true,"href":"https:\/\/wildsuits.eu\/pt\/wp-json\/wp\/v2\/comments?post=37955"}],"wp:featuredmedia":[{"embeddable":true,"href":"https:\/\/wildsuits.eu\/pt\/wp-json\/wp\/v2\/media\/37986"}],"wp:attachment":[{"href":"https:\/\/wildsuits.eu\/pt\/wp-json\/wp\/v2\/media?parent=37955"}],"wp:term":[{"taxonomy":"product_cat","embeddable":true,"href":"https:\/\/wildsuits.eu\/pt\/wp-json\/wp\/v2\/product_cat?post=37955"},{"taxonomy":"product_tag","embeddable":true,"href":"https:\/\/wildsuits.eu\/pt\/wp-json\/wp\/v2\/product_tag?post=37955"}],"curies":[{"name":"wp","href":"https:\/\/api.w.org\/{rel}","templated":true}]}}