{"id":160,"date":"2022-09-24T18:12:23","date_gmt":"2022-09-24T16:12:23","guid":{"rendered":"https:\/\/wildsuits.eu\/?post_type=product&#038;p=160"},"modified":"2026-03-28T07:24:05","modified_gmt":"2026-03-28T06:24:05","slug":"combinaison-5-4mm","status":"publish","type":"product","link":"https:\/\/wildsuits.eu\/pt\/produto\/fato-surf-5-4mm\/","title":{"rendered":"Fato de surf 5\/4mm"},"content":{"rendered":"<h2>FATO DE SURF 5\/4 MM: PARA \u00c1GUAS FRIAS<\/h2>\n<p>La combinaison 5\/4 mm 2024 de Wildsuits convient parfaitement aux eaux froides et hivernales europ\u00e9ennes (6-14\u00b0C). Elle combine 2 \u00e9paisseurs de limestone n\u00e9opr\u00e8ne ultra stretch : 5mm sur le torse, dos et ventre et 4mm sur les jambes et bras.<\/p>\n<h3>ESSENCIAL PARA AS TUAS SESS\u00d5ES DE SURF DE INVERNO<\/h3>\n<p>Alli\u00e9e incontournable de tes sessions d\u2019hiver la combinaison 5\/4 te suivra dans les vagues les plus froides gr\u00e2ce \u00e0 des tests effectu\u00e9s en conditions extr\u00eames par notre team nous avons pu concevoir une combinaison avec un des meilleurs rapport qualit\u00e9-prix du march\u00e9 et qui est un concentr\u00e9 de technologie. En effet Wildsuits s\u2019inspire des meilleures innovations approuv\u00e9es par les surfeurs du monde entier.<\/p>\n<h3>UM CONJUNTO DE TECNOLOGIAS QUE COMBINA CALOR E ELASTICIDADE<\/h3>\n<p>Os nossos fatos utilizam todas as melhores tecnologias presentes no mercado actual de fatos de surf:<\/p>\n<ul>\n<li><span id=\"p86\"><span id=\"p85\"><strong>Neoprene de pedra calc\u00e1ria:\u00a0<\/strong>um neoprene feito de pedra calc\u00e1ria e pneus reciclados.<\/span><\/span><\/li>\n<li><span id=\"p86\"><span id=\"p85\"><strong>P\u00ealo polar interior:<\/strong>\u00a0mant\u00e9m a m\u00e1xima quantidade de calor em torno das \u00e1reas do corpo mais sens\u00edveis ao frio.<\/span><\/span><\/li>\n<li><span id=\"p86\"><span id=\"p85\"><strong>Costuras GBS<\/strong><\/span><span id=\"p85\">\u00a0costuras cosidas e coladas de qualidade muito elevada e totalmente estanques para limitar a entrada de \u00e1gua.<\/span><\/span><\/li>\n<li><span id=\"p86\"><span id=\"p85\"><b>Fecho frontal:\u00a0<\/b>um fecho na parte da frente do fato para limitar a entrada de \u00e1gua.<\/span><\/span><\/li>\n<li><span id=\"p86\"><span id=\"p85\"><b>Fita de revestimento:\u00a0\u00a0<\/b>para refor\u00e7ar ainda mais as costuras de GBS.<\/span><\/span><\/li>\n<li><span id=\"p86\"><span id=\"p85\"><b>Remendos de refor\u00e7o:\u00a0<\/b>remendos de neoprene para refor\u00e7ar as zonas mais fracas do fato.<\/span><\/span><\/li>\n<li><span id=\"p86\"><span id=\"p85\"><b>Logotipos em\u00a0<\/b><b>silicone\u00a0:\u00a0<\/b>esta tecnologia assegura que os logotipos do teu fato de surf n\u00e3o se descolem com o tempo.<\/span><\/span><\/li>\n<li><span id=\"p86\"><span id=\"p85\"><b>Bolso discreto para chaves:\u00a0<\/b>guarda as tuas chaves de forma segura no bolso junto ao fecho frontal.<\/span><\/span><\/li>\n<li><b>Tecnologia de bloqueio de \u00e1gua:\u00a0<\/b>limita a entrada de \u00e1gua nos pulsos e tornozelos.<\/li>\n<\/ul>\n<h3>PROTEGE-TE DO FRIO ENQUANTO PROTEGES O PLANETA<\/h3>\n<p>Protegete-te a ti pr\u00f3prio, ao planeta. O 5\/4mm da Wildsuits vai tornar-se no teu melhor aliado durante as sess\u00f5es de Inverno.<\/p>\n<p>&nbsp;<\/p>\n<p><img fetchpriority=\"high\" decoding=\"async\" class=\"wp-image-38086 size-large aligncenter\" src=\"https:\/\/wildsuits.eu\/wp-content\/uploads\/2022\/11\/arc-en-ciel-full-1024x683.jpg\" alt=\"Arc en ciel eduardo vento\" width=\"1024\" height=\"683\" srcset=\"https:\/\/wildsuits.eu\/wp-content\/uploads\/2022\/11\/arc-en-ciel-full-1024x683.jpg 1024w, https:\/\/wildsuits.eu\/wp-content\/uploads\/2022\/11\/arc-en-ciel-full-300x200.jpg 300w, https:\/\/wildsuits.eu\/wp-content\/uploads\/2022\/11\/arc-en-ciel-full-768x512.jpg 768w, https:\/\/wildsuits.eu\/wp-content\/uploads\/2022\/11\/arc-en-ciel-full-1536x1024.jpg 1536w, https:\/\/wildsuits.eu\/wp-content\/uploads\/2022\/11\/arc-en-ciel-full-2048x1365.jpg 2048w, https:\/\/wildsuits.eu\/wp-content\/uploads\/2022\/11\/arc-en-ciel-full-18x12.jpg 18w, https:\/\/wildsuits.eu\/wp-content\/uploads\/2022\/11\/arc-en-ciel-full-600x400.jpg 600w\" sizes=\"(max-width: 1024px) 100vw, 1024px\" \/><\/p>\n<p>&nbsp;<\/p>\n<p><img decoding=\"async\" class=\"wp-image-37716 size-large aligncenter\" src=\"https:\/\/wildsuits.eu\/wp-content\/uploads\/2022\/11\/DSC8-1024x576.jpg\" alt=\"\" width=\"1024\" height=\"576\" srcset=\"https:\/\/wildsuits.eu\/wp-content\/uploads\/2022\/11\/DSC8-1024x576.jpg 1024w, https:\/\/wildsuits.eu\/wp-content\/uploads\/2022\/11\/DSC8-300x169.jpg 300w, https:\/\/wildsuits.eu\/wp-content\/uploads\/2022\/11\/DSC8-768x432.jpg 768w, https:\/\/wildsuits.eu\/wp-content\/uploads\/2022\/11\/DSC8-18x10.jpg 18w, https:\/\/wildsuits.eu\/wp-content\/uploads\/2022\/11\/DSC8-600x337.jpg 600w, https:\/\/wildsuits.eu\/wp-content\/uploads\/2022\/11\/DSC8.jpg 1366w\" sizes=\"(max-width: 1024px) 100vw, 1024px\" \/><\/p>","protected":false},"excerpt":{"rendered":"<p>COMBINAISON 5\/4 MM : POUR LES EAUX FROIDES La combinaison 5\/4 mm 2024 de Wildsuits convient parfaitement aux eaux froides et hivernales europ\u00e9ennes (6-14\u00b0C). Elle combine 2 \u00e9paisseurs de limestone n\u00e9opr\u00e8ne ultra stretch : 5mm sur le torse, dos et ventre et 4mm sur les jambes et bras. L&#8217;alli\u00e9 incontournable des sessions de surf d&#8217;hiver [&hellip;]<\/p>","protected":false},"featured_media":40145,"comment_status":"open","ping_status":"closed","template":"","meta":[],"product_cat":[18],"product_tag":[],"_links":{"self":[{"href":"https:\/\/wildsuits.eu\/pt\/wp-json\/wp\/v2\/product\/160"}],"collection":[{"href":"https:\/\/wildsuits.eu\/pt\/wp-json\/wp\/v2\/product"}],"about":[{"href":"https:\/\/wildsuits.eu\/pt\/wp-json\/wp\/v2\/types\/product"}],"replies":[{"embeddable":true,"href":"https:\/\/wildsuits.eu\/pt\/wp-json\/wp\/v2\/comments?post=160"}],"wp:featuredmedia":[{"embeddable":true,"href":"https:\/\/wildsuits.eu\/pt\/wp-json\/wp\/v2\/media\/40145"}],"wp:attachment":[{"href":"https:\/\/wildsuits.eu\/pt\/wp-json\/wp\/v2\/media?parent=160"}],"wp:term":[{"taxonomy":"product_cat","embeddable":true,"href":"https:\/\/wildsuits.eu\/pt\/wp-json\/wp\/v2\/product_cat?post=160"},{"taxonomy":"product_tag","embeddable":true,"href":"https:\/\/wildsuits.eu\/pt\/wp-json\/wp\/v2\/product_tag?post=160"}],"curies":[{"name":"wp","href":"https:\/\/api.w.org\/{rel}","templated":true}]}}