{"id":147,"date":"2022-09-24T18:06:01","date_gmt":"2022-09-24T16:06:01","guid":{"rendered":"https:\/\/wildsuits.eu\/?post_type=product&#038;p=147"},"modified":"2026-04-28T17:56:32","modified_gmt":"2026-04-28T15:56:32","slug":"combinaison-4-3mm","status":"publish","type":"product","link":"https:\/\/wildsuits.eu\/pt\/produto\/fato-surf-4-3mm\/","title":{"rendered":"Fato de surf 4\/3mm"},"content":{"rendered":"<h2>FATO DE SURF 4\/3 MM: O FATO DE SURF MAIS VERS\u00c1TIL DA GAMA DE FATOS DE SURF DA WILDSUITS<\/h2>\n<p><span style=\"font-weight: 400;\"><strong>O fato de surf Wildsuits 4\/3 mm 2026<\/strong>\u00a0O novo fato de surf 4\/3 mm da Wildsuits de 2023 \u00e9 um fato de neoprene de calc\u00e1rio ultra vers\u00e1til para surfar em \u00e1guas frias a temperadas.<\/span><\/p>\n<p><span style=\"font-weight: 400;\">Inspir\u00e1mo-nos nos vossos feedbacks sobre a nossa vers\u00e3o anterior 4\/3 mm 2025, que \u00e9 atualmente o nosso best-seller.\u00a0<\/span><\/p>\n<p><span style=\"font-weight: 400;\">Gra\u00e7as ao vosso feedback sobre a nossa antiga vers\u00e3o do 4\/3mm (atualmente o nosso \u201cbest-seller\u201d), concebemos um fato ainda mais quente e mais flex\u00edvel do que a vers\u00e3o antiga!<\/span><\/p>\n<h3><strong>Quais s\u00e3o as principais mudan\u00e7as em 2026?<\/strong><\/h3>\n<ul>\n<li style=\"font-weight: 400;\" aria-level=\"1\"><span style=\"font-weight: 400;\">A utiliza\u00e7\u00e3o de um novo neoprene de calc\u00e1rio, para te dar mais conforto e resist\u00eancia ao longo do tempo.\u00a0<\/span><\/li>\n<li style=\"font-weight: 400;\" aria-level=\"1\"><span style=\"font-weight: 400;\">Demos mais um passo importante na nossa consci\u00eancia ecol\u00f3gica. Introduzimos um tecido interior de nova gera\u00e7\u00e3o composto por 45 garrafas de pl\u00e1stico em cada fato! \nEsta tecnologia para al\u00e9m de ser ainda menos poluente, oferece mais flexibilidade do que o forro anterior.\nEste passo faz todo o sentido para a Wildsuits e estava em cima da mesa como foco principal.<\/span><\/li>\n<\/ul>\n<h3>TODAS AS TECNOLOGIAS DA WILDSUITS REUNIDAS<\/h3>\n<p class=\" translation-block\">Como em todos os nossos fatos Wildsuits, o 4\/3mm \u00e9 composto por todas as tecnologias que desenvolvemos. Estas incluem o neoprene ecol\u00f3gico (feito com a melhor pedra calc\u00e1ria do mercado e pneus reciclados), costuras refor\u00e7adas e imperme\u00e1veis (costuras GBS), remendos de refor\u00e7o em \u00e1reas estrat\u00e9gicas e muitas outras. Para mais informa\u00e7\u00f5es sobre este assunto, descobre todas as nossas tecnologias aqui.<\/p>\n<h3>DIVERTE-TE A SURFAR E LIMITA O TEU IMPACTO AMBIENTA<\/h3>\n<p><span style=\"font-weight: 400;\">O fato de surf 4\/3 mm permitir-te-\u00e1 desfrutar de muitas sess\u00f5es de surf, bodyboard, kitesurf, paddle (SUP), etc\u2026 respeitando ao mesmo tempo o ambiente. A Wildsuits est\u00e1 empenhada em criar os fatos de surf mais eco-friendly poss\u00edveis. Da sua produ\u00e7\u00e3o \u00e0 entrega e reciclagem.\u00a0<\/span><\/p>\n<p class=\" translation-block\">Para mais informa\u00e7\u00f5es sobre isto, consulta as nossas a\u00e7\u00f5es ambientais.<\/p>\n<p><img fetchpriority=\"high\" decoding=\"async\" class=\"alignnone wp-image-43529 size-large\" src=\"https:\/\/wildsuits.eu\/wp-content\/uploads\/2022\/09\/bandWvisuel-scaled-1-1024x672.jpg\" alt=\"4\/3mm 4\/3 wetsuit combinaison de surf surf neoprene wetsuit neoprene\" width=\"1024\" height=\"672\" srcset=\"https:\/\/wildsuits.eu\/wp-content\/uploads\/2022\/09\/bandWvisuel-scaled-1-1024x672.jpg 1024w, https:\/\/wildsuits.eu\/wp-content\/uploads\/2022\/09\/bandWvisuel-scaled-1-300x197.jpg 300w, https:\/\/wildsuits.eu\/wp-content\/uploads\/2022\/09\/bandWvisuel-scaled-1-768x504.jpg 768w, https:\/\/wildsuits.eu\/wp-content\/uploads\/2022\/09\/bandWvisuel-scaled-1-1536x1009.jpg 1536w, https:\/\/wildsuits.eu\/wp-content\/uploads\/2022\/09\/bandWvisuel-scaled-1-2048x1345.jpg 2048w, https:\/\/wildsuits.eu\/wp-content\/uploads\/2022\/09\/bandWvisuel-scaled-1-18x12.jpg 18w, https:\/\/wildsuits.eu\/wp-content\/uploads\/2022\/09\/bandWvisuel-scaled-1-600x394.jpg 600w\" sizes=\"(max-width: 1024px) 100vw, 1024px\" \/><\/p>\n<p><img decoding=\"async\" class=\"alignnone wp-image-43530 size-large\" src=\"https:\/\/wildsuits.eu\/wp-content\/uploads\/2022\/09\/dos-4mm-scaled-1-1024x672.jpg\" alt=\"4\/3mm 4\/3 wetsuit combinaison de surf surf neoprene wetsuit neoprene\" width=\"1024\" height=\"672\" srcset=\"https:\/\/wildsuits.eu\/wp-content\/uploads\/2022\/09\/dos-4mm-scaled-1-1024x672.jpg 1024w, https:\/\/wildsuits.eu\/wp-content\/uploads\/2022\/09\/dos-4mm-scaled-1-300x197.jpg 300w, https:\/\/wildsuits.eu\/wp-content\/uploads\/2022\/09\/dos-4mm-scaled-1-768x504.jpg 768w, https:\/\/wildsuits.eu\/wp-content\/uploads\/2022\/09\/dos-4mm-scaled-1-1536x1009.jpg 1536w, https:\/\/wildsuits.eu\/wp-content\/uploads\/2022\/09\/dos-4mm-scaled-1-2048x1345.jpg 2048w, https:\/\/wildsuits.eu\/wp-content\/uploads\/2022\/09\/dos-4mm-scaled-1-18x12.jpg 18w, https:\/\/wildsuits.eu\/wp-content\/uploads\/2022\/09\/dos-4mm-scaled-1-600x394.jpg 600w\" sizes=\"(max-width: 1024px) 100vw, 1024px\" \/><\/p>","protected":false},"excerpt":{"rendered":"<p>La combinaison de surf la plus polyvalente de la gamme Wildsuits La combinaison 4\/3 mm Wildsuits 2026\u00a0est une combinaison de surf en limestone ultra polyvalente permettant de rider dans les eaux froides \u00e0 temp\u00e9r\u00e9es. Nous conseillons de l\u2019utiliser pour des temp\u00e9ratures d\u2019eau se situant entre 8 \u00b0C et 15 \u00b0C. Nous nous sommes inspir\u00e9s de [&hellip;]<\/p>","protected":false},"featured_media":44080,"comment_status":"open","ping_status":"closed","template":"","meta":[],"product_cat":[18],"product_tag":[],"_links":{"self":[{"href":"https:\/\/wildsuits.eu\/pt\/wp-json\/wp\/v2\/product\/147"}],"collection":[{"href":"https:\/\/wildsuits.eu\/pt\/wp-json\/wp\/v2\/product"}],"about":[{"href":"https:\/\/wildsuits.eu\/pt\/wp-json\/wp\/v2\/types\/product"}],"replies":[{"embeddable":true,"href":"https:\/\/wildsuits.eu\/pt\/wp-json\/wp\/v2\/comments?post=147"}],"wp:featuredmedia":[{"embeddable":true,"href":"https:\/\/wildsuits.eu\/pt\/wp-json\/wp\/v2\/media\/44080"}],"wp:attachment":[{"href":"https:\/\/wildsuits.eu\/pt\/wp-json\/wp\/v2\/media?parent=147"}],"wp:term":[{"taxonomy":"product_cat","embeddable":true,"href":"https:\/\/wildsuits.eu\/pt\/wp-json\/wp\/v2\/product_cat?post=147"},{"taxonomy":"product_tag","embeddable":true,"href":"https:\/\/wildsuits.eu\/pt\/wp-json\/wp\/v2\/product_tag?post=147"}],"curies":[{"name":"wp","href":"https:\/\/api.w.org\/{rel}","templated":true}]}}