{"id":400,"date":"2022-11-01T21:10:16","date_gmt":"2022-11-01T20:10:16","guid":{"rendered":"https:\/\/wildsuits.eu\/?page_id=400"},"modified":"2023-04-25T15:41:36","modified_gmt":"2023-04-25T13:41:36","slug":"faq-combinaison-surf","status":"publish","type":"page","link":"https:\/\/wildsuits.eu\/pt\/faq-combinaison-surf\/","title":{"rendered":"FAQ sur les combinaisons de surf"},"content":{"rendered":"<div data-elementor-type=\"wp-page\" data-elementor-id=\"400\" class=\"elementor elementor-400\" data-elementor-post-type=\"page\">\n\t\t\t\t\t\t<section class=\"elementor-section elementor-top-section elementor-element elementor-element-f4aca21 elementor-section-height-min-height elementor-section-boxed elementor-section-height-default elementor-section-items-middle\" data-id=\"f4aca21\" data-element_type=\"section\" data-settings=\"{&quot;background_background&quot;:&quot;classic&quot;,&quot;jet_parallax_layout_list&quot;:[]}\">\n\t\t\t\t\t\t<div class=\"elementor-container elementor-column-gap-default\">\n\t\t\t\t\t<div class=\"elementor-column elementor-col-100 elementor-top-column elementor-element elementor-element-cdce016\" data-id=\"cdce016\" data-element_type=\"column\">\n\t\t\t<div class=\"elementor-widget-wrap elementor-element-populated\">\n\t\t\t\t\t\t<div class=\"elementor-element elementor-element-39a14b8 elementor-widget elementor-widget-heading\" data-id=\"39a14b8\" data-element_type=\"widget\" data-widget_type=\"heading.default\">\n\t\t\t\t<div class=\"elementor-widget-container\">\n\t\t\t<h1 class=\"elementor-heading-title elementor-size-default translation-block\">FAQs<\/h1>\t\t<\/div>\n\t\t\t\t<\/div>\n\t\t\t\t\t<\/div>\n\t\t<\/div>\n\t\t\t\t\t<\/div>\n\t\t<\/section>\n\t\t\t\t<section class=\"elementor-section elementor-top-section elementor-element elementor-element-44bd012 elementor-section-boxed elementor-section-height-default elementor-section-height-default\" data-id=\"44bd012\" data-element_type=\"section\" data-settings=\"{&quot;jet_parallax_layout_list&quot;:[]}\">\n\t\t\t\t\t\t<div class=\"elementor-container elementor-column-gap-default\">\n\t\t\t\t\t<div class=\"elementor-column elementor-col-50 elementor-top-column elementor-element elementor-element-220ebaaa\" data-id=\"220ebaaa\" data-element_type=\"column\">\n\t\t\t<div class=\"elementor-widget-wrap elementor-element-populated\">\n\t\t\t\t\t\t<div class=\"elementor-element elementor-element-ee9b1e9 elementor-toc--minimized-on-tablet elementor-widget elementor-widget-table-of-contents\" data-id=\"ee9b1e9\" data-element_type=\"widget\" data-settings=\"{&quot;exclude_headings_by_selector&quot;:[],&quot;marker_view&quot;:&quot;bullets&quot;,&quot;icon&quot;:{&quot;value&quot;:&quot;fas fa-square-full&quot;,&quot;library&quot;:&quot;fa-solid&quot;},&quot;sticky&quot;:&quot;top&quot;,&quot;sticky_offset&quot;:150,&quot;sticky_parent&quot;:&quot;yes&quot;,&quot;headings_by_tags&quot;:[&quot;h2&quot;,&quot;h3&quot;,&quot;h4&quot;,&quot;h5&quot;,&quot;h6&quot;],&quot;minimize_box&quot;:&quot;yes&quot;,&quot;minimized_on&quot;:&quot;tablet&quot;,&quot;hierarchical_view&quot;:&quot;yes&quot;,&quot;min_height&quot;:{&quot;unit&quot;:&quot;px&quot;,&quot;size&quot;:&quot;&quot;,&quot;sizes&quot;:[]},&quot;min_height_tablet&quot;:{&quot;unit&quot;:&quot;px&quot;,&quot;size&quot;:&quot;&quot;,&quot;sizes&quot;:[]},&quot;min_height_mobile&quot;:{&quot;unit&quot;:&quot;px&quot;,&quot;size&quot;:&quot;&quot;,&quot;sizes&quot;:[]},&quot;sticky_on&quot;:[&quot;desktop&quot;,&quot;tablet&quot;,&quot;mobile&quot;],&quot;sticky_effects_offset&quot;:0}\" data-widget_type=\"table-of-contents.default\">\n\t\t\t\t<div class=\"elementor-widget-container\">\n\t\t\t\t\t<div class=\"elementor-toc__header\">\n\t\t\t<h4 class=\"elementor-toc__header-title\">\n\t\t\t\tTable des mati\u00e8res\t\t\t<\/h4>\n\t\t\t\t\t\t\t<div class=\"elementor-toc__toggle-button elementor-toc__toggle-button--expand\" role=\"button\" tabindex=\"0\" aria-controls=\"elementor-toc__ee9b1e9\" aria-expanded=\"true\" aria-label=\"Open table of contents\"><i aria-hidden=\"true\" class=\"fas fa-chevron-down\"><\/i><\/div>\n\t\t\t\t<div class=\"elementor-toc__toggle-button elementor-toc__toggle-button--collapse\" role=\"button\" tabindex=\"0\" aria-controls=\"elementor-toc__ee9b1e9\" aria-expanded=\"true\" aria-label=\"Close table of contents\"><i aria-hidden=\"true\" class=\"fas fa-chevron-up\"><\/i><\/div>\n\t\t\t\t\t<\/div>\n\t\t<div id=\"elementor-toc__ee9b1e9\" class=\"elementor-toc__body\">\n\t\t\t<div class=\"elementor-toc__spinner-container\">\n\t\t\t\t<i class=\"elementor-toc__spinner eicon-animation-spin eicon-loading\" aria-hidden=\"true\"><\/i>\t\t\t<\/div>\n\t\t<\/div>\n\t\t\t\t<\/div>\n\t\t\t\t<\/div>\n\t\t\t\t\t<\/div>\n\t\t<\/div>\n\t\t\t\t<div class=\"elementor-column elementor-col-50 elementor-top-column elementor-element elementor-element-c78f1de\" data-id=\"c78f1de\" data-element_type=\"column\">\n\t\t\t<div class=\"elementor-widget-wrap elementor-element-populated\">\n\t\t\t\t\t\t<div class=\"elementor-element elementor-element-ca3fdef elementor-widget elementor-widget-text-editor\" data-id=\"ca3fdef\" data-element_type=\"widget\" data-widget_type=\"text-editor.default\">\n\t\t\t\t<div class=\"elementor-widget-container\">\n\t\t\t\t\t\t\t<p><!-- wp:paragraph --><\/p>\n<p>Il n\u2019est pas toujours \u00e9vident de savoir quelle combinaison choisir, savoir comment entretenir sa combinaison de surf ou de conna\u00eetre sa taille. Dans cette Foire aux Questions sur les combinaisons de surf, nous r\u00e9pondons \u00e0 toutes vos interrogations concernant cet accessoire absolument indispensable \u00e0 la pratique du surf et des sports nautiques. Si d\u2019autres questions vous viennent \u00e0 l\u2019esprit, n\u2019h\u00e9sitez pas \u00e0 <a class=\"rank-math-link\" href=\"https:\/\/wildsuits.eu\/pt\/contacto\/\">nous contacter<\/a> pour obtenir des r\u00e9ponses !<\/p>\n<p><!-- \/wp:rank-math\/faq-block --><\/p>\t\t\t\t\t\t<\/div>\n\t\t\t\t<\/div>\n\t\t\t\t<div class=\"elementor-element elementor-element-9eee5b2 elementor-widget elementor-widget-text-editor\" data-id=\"9eee5b2\" data-element_type=\"widget\" data-widget_type=\"text-editor.default\">\n\t\t\t\t<div class=\"elementor-widget-container\">\n\t\t\t\t\t\t\t<div class=\"rank-math-faq-item\">\n<h3 class=\"rank-math-question\">Comment choisir sa combinaison de surf ?<\/h3>\n<div class=\"rank-math-answer\">Une combinaison de surf se choisit en fonction de plusieurs crit\u00e8res. Tout d\u2019abord, vous devez choisir votre combinaison en fonction de la temp\u00e9rature de l\u2019eau dans laquelle vous allez surfer. Plus l\u2019eau est froide, plus vous devez choisir une combinaison \u00e9paisse. Il existe trois majeures \u00e9paisseurs dans le march\u00e9 des combinaisons : la <a href=\"https:\/\/wildsuits.eu\/pt\/produto\/fato-surf-3-2mm\/\">3\/2<\/a>, la <a href=\"https:\/\/wildsuits.eu\/pt\/produto\/fato-surf-4-3mm\/\">4\/3<\/a> et la <a href=\"https:\/\/wildsuits.eu\/pt\/produto\/fato-surf-5-4mm\/\">5\/4mm<\/a>. D\u2019autres \u00e9paisseurs existent notamment pour les shortys (2\/2mm) et pour les combinaisons de plong\u00e9e notamment qui ont une \u00e9paisseur parfois sup\u00e9rieure \u00e0 6mm.<br \/>Ensuite, le choix de votre combinaison se portera sur la taille. Votre combinaison doit \u00eatre comme une seconde peau.<\/div>\n<\/div>\t\t\t\t\t\t<\/div>\n\t\t\t\t<\/div>\n\t\t\t\t<div class=\"elementor-element elementor-element-54751e3 elementor-widget elementor-widget-text-editor\" data-id=\"54751e3\" data-element_type=\"widget\" data-widget_type=\"text-editor.default\">\n\t\t\t\t<div class=\"elementor-widget-container\">\n\t\t\t\t\t\t\t<h3 class=\"rank-math-faq-item\">Comment choisir la taille pour sa combinaison de surf ?<\/h3>\n<div class=\"rank-math-faq-item\">\n<div class=\"rank-math-answer\">Comme nous le disions ci-dessus, le choix de la taille est primordial pour \u00eatre \u00e0 l\u2019aise dans l\u2019eau. Afin de choisir la taille la plus adapt\u00e9e \u00e0 votre gabarit, vous devez \u00eatre au plus proche des valeurs indiqu\u00e9es dans notre <a href=\"https:\/\/www.wildsuits.eu\/wp-content\/uploads\/2020\/09\/guide-tailles-wildsuits.png\">guide des tailles<\/a>. Pour ce faire, vous devrez conna\u00eetre votre taille, votre poids, votre tour de poitrine et de taille ainsi que la taille de vos bras et jambes.\u00a0<br \/>En choisissant une taille adapt\u00e9e, vous augmenterez les performances de votre combinaison et prolongerez sa dur\u00e9e de vie.\u00a0<\/div>\n<\/div>\t\t\t\t\t\t<\/div>\n\t\t\t\t<\/div>\n\t\t\t\t<div class=\"elementor-element elementor-element-812b61c elementor-widget elementor-widget-text-editor\" data-id=\"812b61c\" data-element_type=\"widget\" data-widget_type=\"text-editor.default\">\n\t\t\t\t<div class=\"elementor-widget-container\">\n\t\t\t\t\t\t\t<div class=\"rank-math-faq-item\">\n<h3 class=\"rank-math-question\">Comment laver sa combinaison de surf ?<\/h3>\n<div class=\"rank-math-answer\">Si vous souhaitez \u00e9viter de changer de combinaison tous les 6 mois il est important de bien l\u2019entretenir. Apr\u00e8s chaque session, rincez votre combinaison \u00e0 l\u2019eau claire (douce) \u00e0 l\u2019envers puis \u00e0 l\u2019endroit. De temps en temps, il peut \u00eatre bon de la nettoyer avec du produit d\u00e9sinfectant sp\u00e9cial pour \u00e9liminer les bact\u00e9ries. Surtout si, comme beaucoup de surfeurs, vous urinez de temps \u00e0 autre dedans ! Vous pouvez \u00e9galement utiliser du shampoing ou du savon pour les mains. Pour en savoir plus,\u00a0 consultez notre article pour <a href=\"https:\/\/wildsuits.eu\/pt\/comment-prolonger-la-duree-de-vie-de-ma-combinaison\/\">entretenir votre combinaison convenablement<\/a>.<\/div>\n<\/div>\t\t\t\t\t\t<\/div>\n\t\t\t\t<\/div>\n\t\t\t\t<div class=\"elementor-element elementor-element-477393b elementor-widget elementor-widget-text-editor\" data-id=\"477393b\" data-element_type=\"widget\" data-widget_type=\"text-editor.default\">\n\t\t\t\t<div class=\"elementor-widget-container\">\n\t\t\t\t\t\t\t<h3 class=\"rank-math-faq-item\">Comment faire s\u00e9cher ma combinaison de surf ?<\/h3>\n<div class=\"rank-math-faq-item\">\n<div class=\"rank-math-answer\">Une fois votre combinaison rinc\u00e9e apr\u00e8s votre session, vous devez la faire s\u00e9cher. Bien que le s\u00e9chage soit plus rapide, ne fa\u00eetes pas s\u00e9cher votre combinaison au soleil. Cela d\u00e9t\u00e9riore le n\u00e9opr\u00e8ne et rendra votre combinaison plus fragile. Essorez plut\u00f4t votre combinaison au maximum et faites la s\u00e9cher dans un endroit sec sur un cintre ou un s\u00e9choir. Pr\u00e9f\u00e9rez mettre votre combinaison au centre du cintre (sur la barre du bas) pour \u00e9viter de l\u2019ab\u00eemer au niveau des \u00e9paules. Il existe des <a href=\"https:\/\/amzn.to\/3reqYpz\" target=\"_blank\" rel=\"noopener\">cintres sp\u00e9cialement con\u00e7us pour faire s\u00e9cher les combinaisons de surf<\/a> qui permettent d\u2019\u00e9viter ce probl\u00e8me. Si vous \u00eates r\u00e9ellement press\u00e9s de faire s\u00e9cher votre combinaison, il existe \u00e9galement des <a href=\"https:\/\/amzn.to\/2KsSRtd\" target=\"_blank\" rel=\"noopener\">cintres chauffants<\/a>.<\/div>\n<\/div>\t\t\t\t\t\t<\/div>\n\t\t\t\t<\/div>\n\t\t\t\t<div class=\"elementor-element elementor-element-73a31e5 elementor-widget elementor-widget-text-editor\" data-id=\"73a31e5\" data-element_type=\"widget\" data-widget_type=\"text-editor.default\">\n\t\t\t\t<div class=\"elementor-widget-container\">\n\t\t\t\t\t\t\t<div class=\"rank-math-faq-item\">\n<h3 class=\"rank-math-question\">Puis-je mettre ma combinaison n\u00e9opr\u00e8ne \u00e0 la machine \u00e0 laver ?<\/h3>\n<div class=\"rank-math-answer\">Toute <a href=\"https:\/\/wildsuits.eu\/pt\/working-crew\/\">l\u2019\u00e9quipe Wildsuits<\/a> est formelle : il ne faut <strong>absolument pas <\/strong>mettre votre combinaison de surf dans la machine \u00e0 laver ! En mettant votre combi \u00e0 la machine, vous risquez d\u2019endommager le n\u00e9opr\u00e8ne, de le d\u00e9tendre et de r\u00e9cup\u00e9rer votre combinaison en lambeau. Ayez le courage de la nettoyer \u00e0 la main !<\/div>\n<\/div>\t\t\t\t\t\t<\/div>\n\t\t\t\t<\/div>\n\t\t\t\t<div class=\"elementor-element elementor-element-89cc7da elementor-widget elementor-widget-text-editor\" data-id=\"89cc7da\" data-element_type=\"widget\" data-widget_type=\"text-editor.default\">\n\t\t\t\t<div class=\"elementor-widget-container\">\n\t\t\t\t\t\t\t<h3 class=\"rank-math-faq-item\">Comment enfiler et mettre sa combinaison ?<\/h3>\n<div class=\"rank-math-faq-item\">\n<div class=\"rank-math-answer\">Une combinaison de surf s\u2019enfile par le bas. Rentrez tout d\u2019abord une premi\u00e8re jambe jusqu\u2019\u00e0 la cuisse. Enfilez ensuite votre deuxi\u00e8me jambe et montez l\u2019ensemble jusqu\u2019\u00e0 la taille. Faites bien attention \u00e0 ce qu\u2019il n\u2019y ait pas de vide entre la combinaison et l\u2019entre-jambe. Puis remontez le haut de la combinaison jusqu\u2019au torse, enfilez un bras apr\u00e8s l\u2019autre sans faire de pli au niveau des coudes et ajustez bien la combinaison. Dans le cas d\u2019une combinaison Front Zip (comme les <a href=\"https:\/\/wildsuits.eu\/pt\/nossos-produtos\/\">combinaisons Wildsuits<\/a> avec la fermeture sur le torse), rabattez le col au-dessus de votre t\u00eate, fermez le Zip et tirez sur le lien de serrage pour limiter les entr\u00e9es d\u2019eau. Dans le cas d\u2019une combinaison Back Zip (avec la fermeture dans le dos, tirez sur la fermeture \u00e9clair. Une fois arriv\u00e9e en haut, maintenez le cordon vers le haut puis rabattez le scratch par-dessus autour du cou. Depuis quelques ann\u00e9es, il existe \u00e9galement des combinaisons sans Zip (\u00e9galement appel\u00e9es Zip Free, Zipperless ou No Zip). Le fonctionnement est assez similaire aux combinaisons Front Zip : une fois la combinaison ajust\u00e9e, rabattez le col au-dessus de votre t\u00eate et tirez sur le lien de serrage.<\/div>\n<\/div>\t\t\t\t\t\t<\/div>\n\t\t\t\t<\/div>\n\t\t\t\t<div class=\"elementor-element elementor-element-7b23381 elementor-widget elementor-widget-text-editor\" data-id=\"7b23381\" data-element_type=\"widget\" data-widget_type=\"text-editor.default\">\n\t\t\t\t<div class=\"elementor-widget-container\">\n\t\t\t\t\t\t\t<div class=\"rank-math-faq-item\">\n<h3 class=\"rank-math-question\">Pour quels sports les combinaisons Wildsuits sont-elles adapt\u00e9es ?<\/h3>\n<div class=\"rank-math-answer\">Les combinaisons Wildsuits sont adapt\u00e9es \u00e0 une tr\u00e8s grande majorit\u00e9 de sports nautiques. Avec nos combinaisons, vous pouvez pratiquer aussi bien le surf que le bodyboard ou le kitesurf. Les combinaisons Wildsuits sont \u00e9galement adapt\u00e9es \u00e0 la pratique du windsurf (planche \u00e0 voile), du SUP (Stand-Up Paddle), du surf foil, wing foil et du wakeboard.\u00a0<br \/>Nos combinaisons sont de plus adapt\u00e9es \u00e0 la pratique du longe-c\u00f4te et de la plong\u00e9e en fonction de la temp\u00e9rature de l\u2019eau.<\/div>\n<\/div>\t\t\t\t\t\t<\/div>\n\t\t\t\t<\/div>\n\t\t\t\t<div class=\"elementor-element elementor-element-3d4a0ea elementor-widget elementor-widget-text-editor\" data-id=\"3d4a0ea\" data-element_type=\"widget\" data-widget_type=\"text-editor.default\">\n\t\t\t\t<div class=\"elementor-widget-container\">\n\t\t\t\t\t\t\t<h3 class=\"rank-math-faq-item\">Pourquoi y a-t-il un trou \u00e0 l\u2019arri\u00e8re ou \u00e0 l\u2019avant de certaines combinaisons de surf ?<\/h3>\n<div class=\"rank-math-faq-item\">\n<div class=\"rank-math-answer\">Effectivement, certaines combinaisons de surf ont des petits trous soit dans le dos soit sur la poitrine. Pas de panique, il ne s\u2019agit en aucun cas de d\u00e9fauts de fabrication. Ces petits trous servent \u00e0 \u00e9vacuer le surplus d\u2019eau dans la combinaison. Pour en savoir plus, <a href=\"https:\/\/wildsuits.eu\/pt\/evacuation-eau-combinaison-surf\/\">consultez notre article sur l\u2019\u00e9vacuation des combinaisns de surf.<\/a><\/div>\n<\/div>\t\t\t\t\t\t<\/div>\n\t\t\t\t<\/div>\n\t\t\t\t<div class=\"elementor-element elementor-element-074bf9e elementor-widget elementor-widget-text-editor\" data-id=\"074bf9e\" data-element_type=\"widget\" data-widget_type=\"text-editor.default\">\n\t\t\t\t<div class=\"elementor-widget-container\">\n\t\t\t\t\t\t\t<h3 class=\"rank-math-faq-item\">Qu\u2019est-ce que le n\u00e9opr\u00e8ne Limestone ?<\/h3>\n<div class=\"rank-math-faq-item\">\n<div class=\"rank-math-answer\">Le n\u00e9opr\u00e8ne limestone est un n\u00e9opr\u00e8ne plus respectueux de l\u2019environnement que le n\u00e9opr\u00e8ne classique. Il est fabriqu\u00e9 \u00e0 partir de calcaire (d\u2019o\u00f9 son nom) et de pneus recycl\u00e9s (Eco Carbon Black). Bien que cette technologie ne soit pas encore parfaite, elle permet de diminuer l\u2019impact \u00e9cologique des combinaisons de surf !<\/div>\n<\/div>\t\t\t\t\t\t<\/div>\n\t\t\t\t<\/div>\n\t\t\t\t<div class=\"elementor-element elementor-element-4d235b2 elementor-widget elementor-widget-text-editor\" data-id=\"4d235b2\" data-element_type=\"widget\" data-widget_type=\"text-editor.default\">\n\t\t\t\t<div class=\"elementor-widget-container\">\n\t\t\t\t\t\t\t<div class=\"rank-math-faq-item\">\n<h3 class=\"rank-math-question\">Qu\u2019est-ce que le n\u00e9opr\u00e8ne Yulex ?<\/h3>\n<div class=\"rank-math-answer\">Le n\u00e9opr\u00e8ne Yulex est un n\u00e9opr\u00e8ne fabriqu\u00e9 \u00e0 partir de caoutchouc naturel provenant d\u2019arbres de la for\u00eat amazonienne : l\u2019Hevea. Le caoutchouc issu de ces arbres est alors transform\u00e9 en un n\u00e9opr\u00e8ne \u00e9cologique servant \u00e0 la fabrication des combinaisons.<\/div>\n<\/div>\t\t\t\t\t\t<\/div>\n\t\t\t\t<\/div>\n\t\t\t\t<div class=\"elementor-element elementor-element-989c910 elementor-widget elementor-widget-text-editor\" data-id=\"989c910\" data-element_type=\"widget\" data-widget_type=\"text-editor.default\">\n\t\t\t\t<div class=\"elementor-widget-container\">\n\t\t\t\t\t\t\t<h3 class=\"rank-math-faq-item\">Pourquoi Wildsuits utilise-t-il du Limestone N\u00e9opr\u00e8ne plut\u00f4t que du Yulex ?<\/h3>\n<div class=\"rank-math-faq-item\">\n<div class=\"rank-math-answer\">Bien que le Yulex soit d\u2019origine 100% naturelle, son extraction et son transport se r\u00e9v\u00e8lent assez polluants. Il s\u2019agit tout de m\u00eame d\u2019une d\u00e9marche \u00e9co-friendly mais nous avons pr\u00e9f\u00e9r\u00e9 allier \u00e0 la fois mat\u00e9riaux d\u2019origine et up-cycling (r\u00e9utilisation et transformation de mat\u00e9riaux polluants). C\u2019est pour cela que nous avons choisi le Limestone pour nos combinaisons. Les performances entre ces 2 technologies sont de plus tr\u00e8s similaires.<\/div>\n<\/div>\t\t\t\t\t\t<\/div>\n\t\t\t\t<\/div>\n\t\t\t\t<div class=\"elementor-element elementor-element-a24ddd7 elementor-widget elementor-widget-text-editor\" data-id=\"a24ddd7\" data-element_type=\"widget\" data-widget_type=\"text-editor.default\">\n\t\t\t\t<div class=\"elementor-widget-container\">\n\t\t\t\t\t\t\t<div class=\"rank-math-faq-item\">\n<h3 class=\"rank-math-question\">Comment recycler ma combinaison de surf ?<\/h3>\n<div class=\"rank-math-answer\">On le sait tous, les combinaisons de surf n\u2019ont pas une dur\u00e9e de vie \u00e9ternelle. Ainsi, il est possible de recycler vos anciennes combinaisons. Dans le cas o\u00f9 votre combinaison n\u2019est pas trop ab\u00eem\u00e9e, vous pouvez sans aucun probl\u00e8me couper les bras et\/ou les jambes pour en faire un shorty ou une combinaison manches courtes. Autrement, vous pouvez \u00e9galement rapporter votre ancienne combinaison <a href=\"https:\/\/wildsuits.eu\/pt\/nos-shops\/\">en magasin<\/a>. Nous offrirons alors un bon d\u2019achat de 15\u20ac sur votre prochaine combinaison Wildsuits. Une fois r\u00e9cup\u00e9r\u00e9e, nous recyclerons votre ancienne combinaison avec <a href=\"https:\/\/wildsuits.eu\/pt\/accoes-ecologicas\/\">nos partenaires<\/a>.<br \/>Vous pouvez enfin up-cycler votre combinaison vous-m\u00eames en la transformant en un nouvel objet comme des \u00e9tuis \u00e0 ailerons de surf ou tout autre chose !<\/div>\n<\/div>\t\t\t\t\t\t<\/div>\n\t\t\t\t<\/div>\n\t\t\t\t<div class=\"elementor-element elementor-element-60834c1 elementor-widget elementor-widget-text-editor\" data-id=\"60834c1\" data-element_type=\"widget\" data-widget_type=\"text-editor.default\">\n\t\t\t\t<div class=\"elementor-widget-container\">\n\t\t\t\t\t\t\t<h3 class=\"rank-math-faq-item\">Les combinaisons Wildsuits sont-elles adapt\u00e9es aux femmes ?<\/h3>\n<div class=\"rank-math-faq-item\">\n<div class=\"rank-math-answer\">Les combinaisons Wildsuits ont initialement \u00e9t\u00e9 con\u00e7ues pour les hommes. Cela n\u2019emp\u00eache pas pour autant que les femmes ne peuvent pas les utiliser. D\u2019ailleurs, nous rideuses de la Wildsuits Family : <a href=\"https:\/\/wildsuits.eu\/pt\/wildsuits-team\/camila-cardoso\/\">Camila Cardoso<\/a>, <a href=\"https:\/\/wildsuits.eu\/pt\/wildsuits-family\/ines-catarino\/\">\u00a0Ines Catarino<\/a> et Mazari Zoio en sont tr\u00e8s satisfaites.\u00a0<br \/>Autrement, nous sommes actuellement en train de d\u00e9velopper un mod\u00e8le sp\u00e9cialement pour les femmes. Le mod\u00e8le devrait arriver courant 2022. Pour \u00eatre tenu au courant de la sortie de notre mod\u00e8le femme.<\/div>\n<\/div>\t\t\t\t\t\t<\/div>\n\t\t\t\t<\/div>\n\t\t\t\t\t<\/div>\n\t\t<\/div>\n\t\t\t\t\t<\/div>\n\t\t<\/section>\n\t\t\t\t<\/div>","protected":false},"excerpt":{"rendered":"<p>Foire Aux Questions Table des mati\u00e8res Il n\u2019est pas toujours \u00e9vident de savoir quelle combinaison choisir, savoir comment entretenir sa combinaison de surf ou de conna\u00eetre sa taille. Dans cette Foire aux Questions sur les combinaisons de surf, nous r\u00e9pondons \u00e0 toutes vos interrogations concernant cet accessoire absolument indispensable \u00e0 la pratique du surf et [&hellip;]<\/p>","protected":false},"author":1,"featured_media":0,"parent":0,"menu_order":0,"comment_status":"closed","ping_status":"closed","template":"","meta":{"footnotes":""},"_links":{"self":[{"href":"https:\/\/wildsuits.eu\/pt\/wp-json\/wp\/v2\/pages\/400"}],"collection":[{"href":"https:\/\/wildsuits.eu\/pt\/wp-json\/wp\/v2\/pages"}],"about":[{"href":"https:\/\/wildsuits.eu\/pt\/wp-json\/wp\/v2\/types\/page"}],"author":[{"embeddable":true,"href":"https:\/\/wildsuits.eu\/pt\/wp-json\/wp\/v2\/users\/1"}],"replies":[{"embeddable":true,"href":"https:\/\/wildsuits.eu\/pt\/wp-json\/wp\/v2\/comments?post=400"}],"version-history":[{"count":65,"href":"https:\/\/wildsuits.eu\/pt\/wp-json\/wp\/v2\/pages\/400\/revisions"}],"predecessor-version":[{"id":41030,"href":"https:\/\/wildsuits.eu\/pt\/wp-json\/wp\/v2\/pages\/400\/revisions\/41030"}],"wp:attachment":[{"href":"https:\/\/wildsuits.eu\/pt\/wp-json\/wp\/v2\/media?parent=400"}],"curies":[{"name":"wp","href":"https:\/\/api.w.org\/{rel}","templated":true}]}}