{"id":38131,"date":"2022-11-16T09:54:56","date_gmt":"2022-11-16T08:54:56","guid":{"rendered":"https:\/\/wildsuits.eu\/?page_id=38131"},"modified":"2022-11-20T22:47:05","modified_gmt":"2022-11-20T21:47:05","slug":"politique-livraison","status":"publish","type":"page","link":"https:\/\/wildsuits.eu\/pt\/politique-livraison\/","title":{"rendered":"Pol\u00edtica de expedi\u00e7\u00e3o"},"content":{"rendered":"<h2 class=\"wp-block-heading\"><strong>POL\u00cdTICA DE NAVEGA\u00c7\u00c3O<\/strong><\/h2>\n\n\n\n<p>Os custos de envio s\u00e3o estabelecidos de acordo com regras que consideram o volume, massa, n\u00famero de artigos e\/ou quantidade da encomenda.<\/p>\n\n\n\n<h2 class=\"wp-block-heading\"><strong>ENTREGA<\/strong><\/h2>\n\n\n\n<p>Tomamos todas as medidas necess\u00e1rias para executar a sua encomenda o mais rapidamente poss\u00edvel. As encomendas s\u00e3o normalmente recebidas dentro de 2-4 dias \u00fateis ap\u00f3s o pagamento ter sido recebido.&nbsp;<\/p>\n\n\n\n<p>As encomendas ser\u00e3o entregues no endere\u00e7o indicado pelo cliente no momento do pagamento.<\/p>\n\n\n\n<p>Todos os envios s\u00e3o fornecidos com um n\u00famero de rastreio dispon\u00edvel mediante pedido.<\/p>\n\n\n\n<p>A Wildsuits SAS n\u00e3o \u00e9 respons\u00e1vel por qualquer atraso devido a um erro por parte do terceiro que efectua a entrega.&nbsp;<\/p>\n\n\n\n<h2 class=\"wp-block-heading\"><strong>Embora muito raro, deve notificar-nos de qualquer artigo danificado em tr\u00e2nsito no prazo de 48 horas ap\u00f3s a sua recep\u00e7\u00e3o.<\/strong><\/h2>\n\n\n\n<p>Bien que tr\u00e8s rares, vous devez nous aviser de tout article endommag\u00e9 durant le transport dans les 24 heures suivant sa r\u00e9ception.<\/p>\n\n\n\n<h2 class=\"wp-block-heading\"><strong>LOCAIS DE ENTREGA<\/strong><\/h2>\n\n\n\n<p>Os produtos do website podem ser entregues na Europa e nos departamentos e territ\u00f3rios ultramarinos franceses. Para encomendas fora da Uni\u00e3o Europeia, estas ser\u00e3o tratadas caso a caso pela nossa equipa de p\u00f3s encomenda. Em caso de d\u00favida, n\u00e3o hesite em contactar-nos.<br><\/p>\n\n\n\n<h2 class=\"wp-block-heading\"><strong>LOCAIS DE ENTREGA<\/strong>S<\/h2>\n\n\n\n<p>Os produtos do website podem ser entregues na Europa e nos departamentos e territ\u00f3rios ultramarinos franceses. Para encomendas fora da Uni\u00e3o Europeia, estas ser\u00e3o tratadas caso a caso pela nossa equipa de p\u00f3s encomenda. Em caso de d\u00favida, n\u00e3o hesite em contactar-nos. Hello@wildsuits.fr\u00a0<\/p>\n\n\n\n<h3 class=\"wp-block-heading\">Perguntas<\/h3>\n\n\n\n<p>Se tiver alguma d\u00favida sobre a entrega e recep\u00e7\u00e3o da sua encomenda, por favor contacte-nos em Hello@wildsuits.fr<\/p>","protected":false},"excerpt":{"rendered":"<p>POLITIQUE D&#8217;EXP\u00c9DITION Les frais de transport sont \u00e9tablis selon des r\u00e8gles qui consid\u00e8rent le volume, la masse, le nombre d\u2019articles et\/ou le montant de la commande. LIVRAISON Nous prenons toutes&nbsp;les&nbsp;mesurent&nbsp;pour ex\u00e9cuter votre commande dans les plus brefs d\u00e9lais.&nbsp;La r\u00e9ception de la commande est normalement effectu\u00e9e dans un d\u00e9lai de 2 \u00e0 4 jours ouvrables apr\u00e8s [&hellip;]<\/p>","protected":false},"author":1,"featured_media":0,"parent":0,"menu_order":0,"comment_status":"closed","ping_status":"closed","template":"","meta":{"footnotes":""},"_links":{"self":[{"href":"https:\/\/wildsuits.eu\/pt\/wp-json\/wp\/v2\/pages\/38131"}],"collection":[{"href":"https:\/\/wildsuits.eu\/pt\/wp-json\/wp\/v2\/pages"}],"about":[{"href":"https:\/\/wildsuits.eu\/pt\/wp-json\/wp\/v2\/types\/page"}],"author":[{"embeddable":true,"href":"https:\/\/wildsuits.eu\/pt\/wp-json\/wp\/v2\/users\/1"}],"replies":[{"embeddable":true,"href":"https:\/\/wildsuits.eu\/pt\/wp-json\/wp\/v2\/comments?post=38131"}],"version-history":[{"count":2,"href":"https:\/\/wildsuits.eu\/pt\/wp-json\/wp\/v2\/pages\/38131\/revisions"}],"predecessor-version":[{"id":38749,"href":"https:\/\/wildsuits.eu\/pt\/wp-json\/wp\/v2\/pages\/38131\/revisions\/38749"}],"wp:attachment":[{"href":"https:\/\/wildsuits.eu\/pt\/wp-json\/wp\/v2\/media?parent=38131"}],"curies":[{"name":"wp","href":"https:\/\/api.w.org\/{rel}","templated":true}]}}