{"id":43476,"date":"2025-07-16T09:49:46","date_gmt":"2025-07-16T07:49:46","guid":{"rendered":"https:\/\/wildsuits.eu\/?post_type=product&#038;p=43476"},"modified":"2026-03-26T18:03:15","modified_gmt":"2026-03-26T17:03:15","slug":"wave-slide-shorty-manches-courtes","status":"publish","type":"product","link":"https:\/\/wildsuits.eu\/es\/producto\/wave-slide-shorty-manches-courtes\/","title":{"rendered":"Wave Slide Shorty Manches Courtes"},"content":{"rendered":"<h1>Descubre el Wave Slide, tu compa\u00f1ero ideal para deslizarte sobre las olas.<\/h1>\n<p data-start=\"105\" data-end=\"221\"><strong data-start=\"105\" data-end=\"158\">Wave Slide by Wildsuits \u2013 Version manches courtes<\/strong><br data-start=\"158\" data-end=\"161\" \/><strong data-start=\"161\" data-end=\"194\">Le couteau suisse de l\u2019oc\u00e9an.<\/strong><br data-start=\"194\" data-end=\"197\" \/><strong data-start=\"197\" data-end=\"221\">100% Made in Europe.<\/strong><\/p>\n<p data-start=\"223\" data-end=\"464\">Pens\u00e9 pour vivre la mer et l\u2019oc\u00e9an autrement, le Wave Slide manches courtes vous accompagne dans toutes vos sessions aquatiques. <strong data-start=\"352\" data-end=\"409\">Bodysurf, snorkeling, exploration, photos dans l\u2019eau\u2026<\/strong> il s\u2019adapte \u00e0 vos envies, <strong data-start=\"436\" data-end=\"463\">avec vos palmes ou sans<\/strong>.<\/p>\n<p data-start=\"466\" data-end=\"569\"><strong data-start=\"466\" data-end=\"512\">L\u00e9ger, confortable, pratique et polyvalent<\/strong>, il deviendra vite un indispensable de votre \u00e9quipement.<\/p>\n<p data-start=\"571\" data-end=\"696\">Apr\u00e8s le succ\u00e8s de son pr\u00e9-lancement en <strong data-start=\"611\" data-end=\"619\">2025<\/strong>, le Wave Slide revient en <strong data-start=\"646\" data-end=\"654\">2026<\/strong> avec des <strong data-start=\"664\" data-end=\"695\">prix encore plus attractifs!<\/strong><\/p>\n<p data-start=\"698\" data-end=\"934\"><strong data-start=\"698\" data-end=\"713\">Important :<\/strong> r\u00e9serv\u00e9 aux <strong data-start=\"726\" data-end=\"751\">adultes sachant nager<\/strong>.<br data-start=\"752\" data-end=\"755\" \/>Ce produit <strong data-start=\"766\" data-end=\"779\">n\u2019est pas<\/strong> une aide \u00e0 la nage ni un \u00e9quipement de s\u00e9curit\u00e9. Il s\u2019adresse \u00e0 des personnes exp\u00e9riment\u00e9es, \u00e0 l\u2019aise dans l\u2019eau et capables de nager de mani\u00e8re autonome.<\/p>\n<p data-start=\"936\" data-end=\"1023\"><br data-start=\"989\" data-end=\"992\" \/><strong data-start=\"992\" data-end=\"1023\">Explorez l\u2019oc\u00e9an autrement.<\/strong><\/p>\n<p><a href=\"https:\/\/wildsuits.eu\/es\/wave-slide\/\">Descubre el Wave Slide<\/a><\/p>\n<p>&nbsp;<\/p>\n<p>&nbsp;<\/p>","protected":false},"excerpt":{"rendered":"<p>D\u00e9couvrez le Wave Slide, votre compagnon id\u00e9al pour glisser sur les vagues Wave Slide by Wildsuits \u2013 Version manches courtesLe couteau suisse de l\u2019oc\u00e9an.100% Made in Europe. Pens\u00e9 pour vivre la mer et l\u2019oc\u00e9an autrement, le Wave Slide manches courtes vous accompagne dans toutes vos sessions aquatiques. Bodysurf, snorkeling, exploration, photos dans l\u2019eau\u2026 il s\u2019adapte [&hellip;]<\/p>","protected":false},"featured_media":43481,"comment_status":"open","ping_status":"closed","template":"","meta":[],"product_cat":[67],"product_tag":[],"_links":{"self":[{"href":"https:\/\/wildsuits.eu\/es\/wp-json\/wp\/v2\/product\/43476"}],"collection":[{"href":"https:\/\/wildsuits.eu\/es\/wp-json\/wp\/v2\/product"}],"about":[{"href":"https:\/\/wildsuits.eu\/es\/wp-json\/wp\/v2\/types\/product"}],"replies":[{"embeddable":true,"href":"https:\/\/wildsuits.eu\/es\/wp-json\/wp\/v2\/comments?post=43476"}],"wp:featuredmedia":[{"embeddable":true,"href":"https:\/\/wildsuits.eu\/es\/wp-json\/wp\/v2\/media\/43481"}],"wp:attachment":[{"href":"https:\/\/wildsuits.eu\/es\/wp-json\/wp\/v2\/media?parent=43476"}],"wp:term":[{"taxonomy":"product_cat","embeddable":true,"href":"https:\/\/wildsuits.eu\/es\/wp-json\/wp\/v2\/product_cat?post=43476"},{"taxonomy":"product_tag","embeddable":true,"href":"https:\/\/wildsuits.eu\/es\/wp-json\/wp\/v2\/product_tag?post=43476"}],"curies":[{"name":"wp","href":"https:\/\/api.w.org\/{rel}","templated":true}]}}