{"id":43399,"date":"2025-07-11T15:33:19","date_gmt":"2025-07-11T13:33:19","guid":{"rendered":"https:\/\/wildsuits.eu\/?post_type=product&#038;p=43399"},"modified":"2026-01-22T14:25:16","modified_gmt":"2026-01-22T13:25:16","slug":"jacket-neoprene","status":"publish","type":"product","link":"https:\/\/wildsuits.eu\/es\/producto\/jacket-neoprene\/","title":{"rendered":"Jacket Neoprene"},"content":{"rendered":"<h2 data-start=\"196\" data-end=\"276\">Chaqueta de Neopreno Reciclado Wildsuits \u2013 Comodidad, Durabilidad y Personalizaci\u00f3n<\/h2>\n<h3 data-start=\"278\" data-end=\"340\">Fabricada en Europa, probada en el mar, dise\u00f1ada para durar.<\/h3>\n<p data-start=\"342\" data-end=\"703\" class=\" translation-block\">Descubre la chaqueta de neopreno reciclado Wildsuits, pensada para satisfacer las necesidades de entrenadores y apasionados de los deportes acu\u00e1ticos que buscan calor, funcionalidad y respeto por el medio ambiente.\nDesarrollada por nuestro equipo, esta chaqueta ha sido puesta a prueba en condiciones extremas, incluyendo una traves\u00eda transatl\u00e1ntica.<\/p>\n<h3 data-start=\"710\" data-end=\"753\">Puntos clave de esta chaqueta:<\/h3>\n<ul data-start=\"755\" data-end=\"1659\">\n<li data-start=\"755\" data-end=\"1041\">\n<p data-start=\"757\" data-end=\"1041\">Neopreno reciclado y fabricaci\u00f3n europea<br data-start=\"802\" data-end=\"805\" \/>Confeccionada con neopreno reciclado, esta chaqueta combina alto rendimiento t\u00e9rmico con un menor impacto ambiental. Producida en Europa, cumple con nuestros compromisos de calidad, trazabilidad y fabricaci\u00f3n responsable.<\/p>\n<\/li>\n<li data-start=\"1043\" data-end=\"1242\">\n<p data-start=\"1045\" data-end=\"1242\">Protecci\u00f3n despu\u00e9s de la sesi\u00f3n o durante el entrenamiento<br data-start=\"1088\" data-end=\"1091\" \/>Ideal para despu\u00e9s de la sesi\u00f3n o para mantenerse abrigado junto al mar, ofrece un aislamiento eficaz contra el viento y las salpicaduras.<\/p>\n<\/li>\n<li data-start=\"1244\" data-end=\"1456\">\n<p data-start=\"1246\" data-end=\"1456\">Personalizaci\u00f3n a medida<br data-start=\"1277\" data-end=\"1280\" \/>A\u00f1ade f\u00e1cilmente tu logotipo o un texto personalizado para identificar tu club, equipo o evento. Un imprescindible para profesionales y estructuras n\u00e1uticas.\nPor favor, cont\u00e1ctanos por correo electr\u00f3nico despu\u00e9s de realizar tu pedido para definir los detalles de la personalizaci\u00f3n.<\/p>\n<\/li>\n<li data-start=\"1458\" data-end=\"1659\">\n<p data-start=\"1460\" data-end=\"1659\">Comodidad y ergonom\u00eda<br data-start=\"1483\" data-end=\"1486\" \/>Gracias a su corte ajustado, cremallera frontal y la flexibilidad del neopreno, esta chaqueta ofrece una gran libertad de movimiento y un uso c\u00f3modo en el d\u00eda a d\u00eda.<\/p>\n<\/li>\n<\/ul>\n<h3 data-start=\"1666\" data-end=\"1706\">Caracter\u00edsticas Clave:<\/h3>\n<ul data-start=\"1707\" data-end=\"1853\">\n<li data-start=\"1707\" data-end=\"1732\">\n<p data-start=\"1709\" data-end=\"1732\">Neopreno reciclado de 3 mm<\/p>\n<\/li>\n<li data-start=\"1733\" data-end=\"1759\">\n<p data-start=\"1735\" data-end=\"1759\">Fabricaci\u00f3n europea<\/p>\n<\/li>\n<li data-start=\"1760\" data-end=\"1783\">\n<p data-start=\"1762\" data-end=\"1783\">Cremallera frontal resistente<\/p>\n<\/li>\n<li data-start=\"1784\" data-end=\"1801\">\n<p data-start=\"1786\" data-end=\"1801\">Corte unisex<\/p>\n<\/li>\n<\/ul>\n<h3 data-start=\"1860\" data-end=\"1893\">Comprometidos con el planeta<\/h3>\n<p data-start=\"1894\" data-end=\"2128\">En Wildsuits, cada producto refleja nuestro compromiso con el desarrollo de equipos t\u00e9cnicos, duraderos y responsables. Esta chaqueta de neopreno reciclado es una soluci\u00f3n concreta para reducir residuos y proteger nuestros oc\u00e9anos.<\/p>\n<p data-start=\"2135\" data-end=\"2159\">Ideal para:<br \/>\n\u2022\u2060 \u2060Entrenadores e instructores de surf y otros deportes acu\u00e1ticos<br \/>\n\u2022\u2060 \u2060Practicantes de vela y navegaci\u00f3n<br \/>\n\u2022\u2060 \u2060Conductores de motos acu\u00e1ticas<br \/>\n\u2022\u2060 \u2060Antes o despu\u00e9s de la sesi\u00f3n (briefings, observaci\u00f3n del spot, recuperaci\u00f3n)<br \/>\n\u2022\u2060 \u2060Clubes, escuelas o eventos que deseen una chaqueta personalizada<\/p>\n<p data-start=\"2135\" data-end=\"2159\"><img fetchpriority=\"high\" decoding=\"async\" class=\"wp-image-43409  alignleft\" src=\"https:\/\/wildsuits.eu\/wp-content\/uploads\/2025\/07\/DSC03208.jpg\" alt=\"Jacket neoprene Veste neoprene Made in europe jacket long Jacket surf Jacket coach\" width=\"783\" height=\"522\" srcset=\"https:\/\/wildsuits.eu\/wp-content\/uploads\/2025\/07\/DSC03208.jpg 1500w, https:\/\/wildsuits.eu\/wp-content\/uploads\/2025\/07\/DSC03208-300x200.jpg 300w, https:\/\/wildsuits.eu\/wp-content\/uploads\/2025\/07\/DSC03208-1024x683.jpg 1024w, https:\/\/wildsuits.eu\/wp-content\/uploads\/2025\/07\/DSC03208-768x512.jpg 768w, https:\/\/wildsuits.eu\/wp-content\/uploads\/2025\/07\/DSC03208-18x12.jpg 18w, https:\/\/wildsuits.eu\/wp-content\/uploads\/2025\/07\/DSC03208-600x400.jpg 600w\" sizes=\"(max-width: 783px) 100vw, 783px\" \/><\/p>","protected":false},"excerpt":{"rendered":"<p>Jacket N\u00e9opr\u00e8ne Recycl\u00e9 Wildsuits \u2013 Confort, Durabilit\u00e9 &amp; Personnalisation Fabriqu\u00e9e en Europe, test\u00e9e en mer, pens\u00e9e pour durer. D\u00e9couvrez la veste en n\u00e9opr\u00e8ne recycl\u00e9 Wildsuits, con\u00e7ue pour r\u00e9pondre aux besoins des entra\u00eeneurs et des passionn\u00e9s de sports nautiques en qu\u00eate de chaleur, de praticit\u00e9 et de respect de l\u2019environnement.D\u00e9velopp\u00e9e par notre \u00e9quipe, cette veste a [&hellip;]<\/p>","protected":false},"featured_media":43400,"comment_status":"open","ping_status":"closed","template":"","meta":[],"product_cat":[67],"product_tag":[],"_links":{"self":[{"href":"https:\/\/wildsuits.eu\/es\/wp-json\/wp\/v2\/product\/43399"}],"collection":[{"href":"https:\/\/wildsuits.eu\/es\/wp-json\/wp\/v2\/product"}],"about":[{"href":"https:\/\/wildsuits.eu\/es\/wp-json\/wp\/v2\/types\/product"}],"replies":[{"embeddable":true,"href":"https:\/\/wildsuits.eu\/es\/wp-json\/wp\/v2\/comments?post=43399"}],"wp:featuredmedia":[{"embeddable":true,"href":"https:\/\/wildsuits.eu\/es\/wp-json\/wp\/v2\/media\/43400"}],"wp:attachment":[{"href":"https:\/\/wildsuits.eu\/es\/wp-json\/wp\/v2\/media?parent=43399"}],"wp:term":[{"taxonomy":"product_cat","embeddable":true,"href":"https:\/\/wildsuits.eu\/es\/wp-json\/wp\/v2\/product_cat?post=43399"},{"taxonomy":"product_tag","embeddable":true,"href":"https:\/\/wildsuits.eu\/es\/wp-json\/wp\/v2\/product_tag?post=43399"}],"curies":[{"name":"wp","href":"https:\/\/api.w.org\/{rel}","templated":true}]}}