{"id":42732,"date":"2024-12-20T14:49:17","date_gmt":"2024-12-20T13:49:17","guid":{"rendered":"https:\/\/wildsuits.eu\/?post_type=product&#038;p=42732"},"modified":"2025-07-11T15:36:47","modified_gmt":"2025-07-11T13:36:47","slug":"combinaison-longe-cote-en-neoprene","status":"publish","type":"product","link":"https:\/\/wildsuits.eu\/es\/producto\/combinaison-longe-cote-en-neoprene\/","title":{"rendered":"Traje de Neopreno para Longe-C\u00f4te"},"content":{"rendered":"<h2><strong>Conjunto Longe-C\u00f4te 4 mm en Neopreno \u2013 Confort y Soporte \u00d3ptimos<\/strong><\/h2>\n<p>El producto que ofrecemos consta de dos partes: unos pantalones y una parte superior de neopreno, especialmente dise\u00f1ados para la pr\u00e1ctica del Longe-C\u00f4te, ofreciendo un mejor rendimiento y gran facilidad de uso.<\/p>\n<h3><strong>LONGE-C\u00d4TE 4 mm \u2013 Productos Dise\u00f1ados para Durar<\/strong><\/h3>\n<p>En Wildsuits, dise\u00f1amos productos hechos para resistir la prueba del tiempo, mientras ofrecen una comodidad y un rendimiento incomparables. Nuestra nueva gama dedicada a la pr\u00e1ctica del Longe-C\u00f4te combina durabilidad, ligereza y libertad de movimiento.<\/p>\n<p>Fabricados con materiales duraderos y t\u00e9cnicos, estos equipos se adaptan perfectamente a otros deportes acu\u00e1ticos, como el kayak o el rafting, y se convertir\u00e1n en tus imprescindibles para todas tus aventuras costeras.<\/p>\n<h3><strong>UN PRODUCTO PROBADO Y APROBADO POR LOS EXPERTOS<\/strong><\/h3>\n<p>Para crear productos a la altura de sus expectativas, colaboramos con una asociaci\u00f3n especializada en Longe-C\u00f4te. A trav\u00e9s de varios prototipos probados en condiciones reales, este conjunto fue dise\u00f1ado para satisfacer las necesidades de los practicantes, combinando fiabilidad, comodidad y eficacia.<\/p>\n<h3><strong>EXPERIENCIA EN NEOPRENO<\/strong><\/h3>\n<p>Nuestros equipos est\u00e1n fabricados con un neopreno espec\u00edfico seleccionado para garantizar durabilidad y confort. Cada pieza ha sido rigurosamente probada para acompa\u00f1arte en todas tus salidas, sin importar las condiciones.<\/p>\n<h3><strong>UNA CHAQUETA T\u00c9CNICA Y VERS\u00c1TIL<\/strong><\/h3>\n<ul>\n<li class=\" translation-block\">Robustez y practicidad: Equipada con un cierre marinero ultra-resistente, la chaqueta est\u00e1 dise\u00f1ada para durar en el tiempo y proporcionar una aislamiento t\u00e9rmico \u00f3ptimo. Una solapa interior protege contra irritaciones e impide la infiltraci\u00f3n de agua.<\/li>\n<li class=\" translation-block\">Costuras estrat\u00e9gicas: Minimizadas y colocadas estrat\u00e9gicamente para maximizar la comodidad, eliminan los puntos de fricci\u00f3n y permiten una gran libertad de movimiento.<\/li>\n<li class=\" translation-block\">Versatilidad: Ideal para el Longe-C\u00f4te, esta chaqueta tambi\u00e9n es adecuada para otras actividades acu\u00e1ticas.<\/li>\n<\/ul>\n<h3><strong>UN PANTAL\u00d3N DE NEOPRENO DE CINTURA ALTA<\/strong><\/h3>\n<ul>\n<li class=\" translation-block\">Confort y sujeci\u00f3n: Hecho de neopreno el\u00e1stico, el pantal\u00f3n ofrece una gran libertad de movimiento mientras asegura un ajuste perfecto gracias a su cintura alta y cord\u00f3n ajustable.<\/li>\n<li class=\" translation-block\">Sujeciones inteligentes: Un sistema de sujeci\u00f3n conecta la parte superior e inferior para un ajuste perfecto. Esta innovaci\u00f3n garantiza una experiencia sin molestias, sin importar tu morfolog\u00eda.<\/li>\n<li class=\" translation-block\">Refuerzos estrat\u00e9gicos: Las rodillas est\u00e1n equipadas con rodilleras anchas y duraderas, proporcionando una mayor resistencia al desgaste y a la fricci\u00f3n.<\/li>\n<\/ul>\n<h3><strong>UNA GAMA DESARROLLADA PARA LOS APASIONADOS<\/strong><\/h3>\n<p>Nuestros productos para el Longe-C\u00f4te son mucho m\u00e1s que simples ropa t\u00e9cnica. Est\u00e1n dise\u00f1ados para acompa\u00f1arte en cada sesi\u00f3n, adapt\u00e1ndose a tu pr\u00e1ctica y respondiendo a tus exigencias m\u00e1s altas.<\/p>\n<p>Combina estilo, confort y rendimiento con nuestros productos Wildsuits y convierte tus salidas al mar en un momento \u00fanico, con un equipo dise\u00f1ado para durar.<\/p>\n<p><a href=\"https:\/\/wildsuits.eu\/es\/longe-cote-sport-nautique\/\">Art\u00edculo sobre la pr\u00e1ctica del Longe-C\u00f4te.<\/a><\/p>","protected":false},"excerpt":{"rendered":"<p>Ensemble Longe-C\u00f4te 4 mm en N\u00e9opr\u00e8ne &#8211; Confort et Maintien Optimaux Le produit que nous proposons se compose de deux parties : un pantalon et un haut en n\u00e9opr\u00e8ne, sp\u00e9cialement adapt\u00e9s \u00e0 la pratique du longe-c\u00f4te pour offrir une meilleure performance et une grande simplicit\u00e9 d&#8217;utilisation. LONGE-C\u00d4TE 4 mm &#8211; DES PRODUITS CON\u00c7US POUR DURER [&hellip;]<\/p>","protected":false},"featured_media":43226,"comment_status":"open","ping_status":"closed","template":"","meta":[],"product_cat":[67],"product_tag":[],"_links":{"self":[{"href":"https:\/\/wildsuits.eu\/es\/wp-json\/wp\/v2\/product\/42732"}],"collection":[{"href":"https:\/\/wildsuits.eu\/es\/wp-json\/wp\/v2\/product"}],"about":[{"href":"https:\/\/wildsuits.eu\/es\/wp-json\/wp\/v2\/types\/product"}],"replies":[{"embeddable":true,"href":"https:\/\/wildsuits.eu\/es\/wp-json\/wp\/v2\/comments?post=42732"}],"wp:featuredmedia":[{"embeddable":true,"href":"https:\/\/wildsuits.eu\/es\/wp-json\/wp\/v2\/media\/43226"}],"wp:attachment":[{"href":"https:\/\/wildsuits.eu\/es\/wp-json\/wp\/v2\/media?parent=42732"}],"wp:term":[{"taxonomy":"product_cat","embeddable":true,"href":"https:\/\/wildsuits.eu\/es\/wp-json\/wp\/v2\/product_cat?post=42732"},{"taxonomy":"product_tag","embeddable":true,"href":"https:\/\/wildsuits.eu\/es\/wp-json\/wp\/v2\/product_tag?post=42732"}],"curies":[{"name":"wp","href":"https:\/\/api.w.org\/{rel}","templated":true}]}}