{"id":41793,"date":"2024-04-17T16:48:06","date_gmt":"2024-04-17T14:48:06","guid":{"rendered":"https:\/\/wildsuits.eu\/?post_type=product&#038;p=41793"},"modified":"2025-12-11T19:50:11","modified_gmt":"2025-12-11T18:50:11","slug":"4-3-mm-cagoule","status":"publish","type":"product","link":"https:\/\/wildsuits.eu\/es\/producto\/4-3-mm-cagoule\/","title":{"rendered":"Capucha de 4\/3 mm"},"content":{"rendered":"<div class=\"page\" title=\"Page 14\">\n<div class=\"section\">\n<div class=\"layoutArea\">\n<div class=\"column\">\n<h3>Traje de Neopreno con Capucha 4\/3mm de Wildsuits<\/h3>\n<p><strong>Tu Aliado Contra el Fr\u00edo<\/strong><\/p>\n<p>Con\u00e7ue pour r\u00e9pondre aux besoins des surfeurs affrontant les rudes hivers, notre nouvelle combinaison 4\/3mm \u00e0 cagoule int\u00e8gre tout le savoir-faire Wildsuits. D\u00e9velopp\u00e9e gr\u00e2ce aux retours pr\u00e9cieux de nos fid\u00e8les clients et apr\u00e8s validation par nos ambassadeurs, cette combinaison est fabriqu\u00e9e en Europe avec une attention particuli\u00e8re port\u00e9e sur la qualit\u00e9 et la performance.<\/p>\n<p>El traje de neopreno con capucha de 4\/3mm ofrece un calor excepcional incluso en las condiciones m\u00e1s glaciales, manteniendo una flexibilidad superior a la de los trajes m\u00e1s gruesos. Ideal para surf, bodyboard, kitesurf y paddle surf (SUP) durante el invierno, combina calor y confort sin comprometer tu movilidad.<\/p>\n<p><strong>Caracter\u00edsticas Clave:<\/strong><\/p>\n<ul>\n<li class=\" translation-block\">Neopreno Limestone Wild: Una opci\u00f3n ecol\u00f3gica que utiliza los mejores materiales disponibles, incluyendo neum\u00e1ticos reciclados.<\/li>\n<li class=\" translation-block\">Costura GBS (Pegada y Cosida a Ciegas): Costuras reforzadas e impermeables para una mayor durabilidad y aislamiento \u00f3ptimo.<\/li>\n<li class=\" translation-block\">Cremallera Frontal YKK: Cremallera frontal robusta para un uso f\u00e1cil y la m\u00e1xima impermeabilidad.<\/li>\n<li class=\" translation-block\">Dise\u00f1ado en Europa: Fabricado en nuestra f\u00e1brica europea para garantizar los m\u00e1s altos est\u00e1ndares de calidad y rendimiento.<\/li>\n<\/ul>\n<p>&nbsp;<\/p>\n<p><strong>Compromiso Ecol\u00f3gico:<\/strong><\/p>\n<p>En Wildsuits, estamos comprometidos a minimizar nuestro impacto ambiental en cada etapa de la producci\u00f3n. Desde el uso de materiales reciclados hasta nuestros procesos de fabricaci\u00f3n innovadores, aspiramos a ofrecer los productos m\u00e1s respetuosos con el medio ambiente en el mercado del surf.<\/p>\n<p><strong>\u00danete al Movimiento Wildsuits:<\/strong><\/p>\n<p>Vive plenamente tus pasiones acu\u00e1ticas con el traje de neopreno con capucha 4\/3mm de Wildsuits. No es solo un traje de neopreno, sino un s\u00edmbolo de resistencia contra el fr\u00edo y de compromiso con la protecci\u00f3n de nuestro planeta. Ordena hoy para embarcarte en aventuras acu\u00e1ticas inolvidables, con estilo, comodidad y conciencia ecol\u00f3gica.<\/p>\n<\/div>\n<\/div>\n<\/div>\n<\/div>","protected":false},"excerpt":{"rendered":"<p>Combinaison 4\/3mm \u00e0 Cagoule Wildsuits Votre Alli\u00e9 contre le Froid Con\u00e7ue pour r\u00e9pondre aux besoins des surfeurs affrontant les rudes hivers, notre nouvelle combinaison 4\/3mm \u00e0 cagoule int\u00e8gre tout le savoir-faire Wildsuits. D\u00e9velopp\u00e9e gr\u00e2ce aux retours pr\u00e9cieux de nos fid\u00e8les clients et apr\u00e8s validation par nos ambassadeurs, cette combinaison est fabriqu\u00e9e en Europe avec une [&hellip;]<\/p>","protected":false},"featured_media":43075,"comment_status":"open","ping_status":"closed","template":"","meta":[],"product_cat":[69],"product_tag":[],"_links":{"self":[{"href":"https:\/\/wildsuits.eu\/es\/wp-json\/wp\/v2\/product\/41793"}],"collection":[{"href":"https:\/\/wildsuits.eu\/es\/wp-json\/wp\/v2\/product"}],"about":[{"href":"https:\/\/wildsuits.eu\/es\/wp-json\/wp\/v2\/types\/product"}],"replies":[{"embeddable":true,"href":"https:\/\/wildsuits.eu\/es\/wp-json\/wp\/v2\/comments?post=41793"}],"wp:featuredmedia":[{"embeddable":true,"href":"https:\/\/wildsuits.eu\/es\/wp-json\/wp\/v2\/media\/43075"}],"wp:attachment":[{"href":"https:\/\/wildsuits.eu\/es\/wp-json\/wp\/v2\/media?parent=41793"}],"wp:term":[{"taxonomy":"product_cat","embeddable":true,"href":"https:\/\/wildsuits.eu\/es\/wp-json\/wp\/v2\/product_cat?post=41793"},{"taxonomy":"product_tag","embeddable":true,"href":"https:\/\/wildsuits.eu\/es\/wp-json\/wp\/v2\/product_tag?post=41793"}],"curies":[{"name":"wp","href":"https:\/\/api.w.org\/{rel}","templated":true}]}}