{"id":37990,"date":"2022-11-15T12:09:00","date_gmt":"2022-11-15T11:09:00","guid":{"rendered":"https:\/\/wildsuits.eu\/?post_type=product&#038;p=37990"},"modified":"2025-05-21T14:43:38","modified_gmt":"2025-05-21T12:43:38","slug":"poncho-eco-responsable","status":"publish","type":"product","link":"https:\/\/wildsuits.eu\/es\/producto\/poncho-eco-responsable\/","title":{"rendered":"Poncho ecol\u00f3gico"},"content":{"rendered":"<p>Le poncho \u00e9co-responsable Wildsuits con\u00e7u &amp; fabriqu\u00e9 au Portugal.<\/p>\n<h2 class=\"mb-3\">Descripci\u00f3n: Poncho ecol\u00f3gico<\/h2>\n<p>El\u00a0<strong>el nuevo poncho ecol\u00f3gico<\/strong> Wildsuits! Hecho a mano en una peque\u00f1a f\u00e1brica familiar en Portugal, este poncho es el compa\u00f1ero perfecto para tus finales de sesiones de surf. El poncho de surf ecol\u00f3gico Wildsuits, de talla \u00fanica, est\u00e1 dise\u00f1ado para adaptarse a todos los tipos de cuerpos.<\/p>\n<h3 id=\"allier-eco-responsabilite-et-confort\">Tu aliado ecol\u00f3gico y confort<\/h3>\n<p>El poncho ecol\u00f3gico Wildsuits te permitir\u00e1 a la vez cambiarte y calentarte mientras cuidas del medio ambiente. Esto es gracias a que este poncho est\u00e1 fabricado al 100% con algod\u00f3n reciclado de Portugal. Con sus mangas largas, su capucha ajustable, as\u00ed como su gran bolsillo de canguro, este poncho re\u00fane las mejores caracter\u00edsticas de un jersey y de una toalla. Su material de hecho es super absorbente y te permitir\u00e1 secarte r\u00e1pidamente.<\/p>\n<h3>\u00bfCu\u00e1les son los principales cambios en 2024?<\/h3>\n<p>La nueva caracter\u00edstica de este poncho reside en su peque\u00f1o bolsillo lateral discreto de acceso, cuidadosamente redise\u00f1ado por los riders del equipo Wildsuits. Esta innovaci\u00f3n le ofrece una forma m\u00e1s f\u00e1cil y m\u00e1s discreta de cambiarse, comparada con la versi\u00f3n anterior.<\/p>\n<h3 id=\"quand-utiliser-le-poncho-de-surf-wildsuits\">\u00bfCu\u00e1ndo utilizar el poncho de surf Wildsuits?<\/h3>\n<p>El poncho de surf Wildsuits te permitir\u00e1 cambiarte m\u00e1s f\u00e1cilmente antes de entrar al agua y despu\u00e9s de la sesi\u00f3n. Te ser\u00e1 tambi\u00e9n muy \u00fatil para calentarte o tambi\u00e9n para usarla como una toalla de playa m\u00e1s.<\/p>\n<h3 id=\"conseils-sur-lentretien-du-produit\">Consejos de mantenimiento del producto.<\/h3>\n<p>Para conservar vuestro poncho ecol\u00f3gico Wildsuits, l\u00e1velo a baja temperatura y con colores similares. No lo limpie en seco y pl\u00e1nchelo \u00fanicamente a baja temperatura.<\/p>","protected":false},"excerpt":{"rendered":"<p>Le surf poncho \u00e9co-responsable Wildsuits.<\/p>","protected":false},"featured_media":41973,"comment_status":"open","ping_status":"closed","template":"","meta":[],"product_cat":[17],"product_tag":[],"_links":{"self":[{"href":"https:\/\/wildsuits.eu\/es\/wp-json\/wp\/v2\/product\/37990"}],"collection":[{"href":"https:\/\/wildsuits.eu\/es\/wp-json\/wp\/v2\/product"}],"about":[{"href":"https:\/\/wildsuits.eu\/es\/wp-json\/wp\/v2\/types\/product"}],"replies":[{"embeddable":true,"href":"https:\/\/wildsuits.eu\/es\/wp-json\/wp\/v2\/comments?post=37990"}],"wp:featuredmedia":[{"embeddable":true,"href":"https:\/\/wildsuits.eu\/es\/wp-json\/wp\/v2\/media\/41973"}],"wp:attachment":[{"href":"https:\/\/wildsuits.eu\/es\/wp-json\/wp\/v2\/media?parent=37990"}],"wp:term":[{"taxonomy":"product_cat","embeddable":true,"href":"https:\/\/wildsuits.eu\/es\/wp-json\/wp\/v2\/product_cat?post=37990"},{"taxonomy":"product_tag","embeddable":true,"href":"https:\/\/wildsuits.eu\/es\/wp-json\/wp\/v2\/product_tag?post=37990"}],"curies":[{"name":"wp","href":"https:\/\/api.w.org\/{rel}","templated":true}]}}