{"id":37955,"date":"2022-11-15T11:49:25","date_gmt":"2022-11-15T10:49:25","guid":{"rendered":"https:\/\/wildsuits.eu\/?post_type=product&#038;p=37955"},"modified":"2026-04-28T17:57:53","modified_gmt":"2026-04-28T15:57:53","slug":"sac-surf-et-lifestyle","status":"publish","type":"product","link":"https:\/\/wildsuits.eu\/es\/producto\/mochila-de-surf\/","title":{"rendered":"Mochila de surf e lifestyle"},"content":{"rendered":"<p class=\" translation-block\">Voici le <strong>sac \u00e0 dos Wildsuits&nbsp;<em>(35L)<\/em><\/strong>.&nbsp;Le surf bag d\u2019excellence mais pas seulement!<\/p>\n<p>Desde hace varios a\u00f1os trabajamos en el desarrollo de una mochila ecol\u00f3gicamente sostenible concebida para el surf (dry-bag), pero que no s\u00f3lo se limitase a eso. Queremos que sea vuestra compa\u00f1era perfecta para vuestras aventuras o rutinas diarias, como puede ser ir en bici.<\/p>\n<h3><b><i>Detalles de la mochila y de un estilo de vida<\/i><\/b><\/h3>\n<ul>\n<li>Gran bolsillo central<\/li>\n<li aria-level=\"1\">Bolsillo para un port\u00e1til de hasta 16\u201d<\/li>\n<li aria-level=\"1\">Bolsillo lateral con acceso f\u00e1cil y de seguridad<\/li>\n<li aria-level=\"1\">Cremallera y cierre Roll-top<\/li>\n<li aria-level=\"1\">Espalda transpirable<\/li>\n<li>Bolsillo secreto para guardar tus objetos m\u00e1s preciados (te dejamos descubrirlo)<\/li>\n<li>Medidas de equipaje de mano para tus viajes en avi\u00f3n<\/li>\n<li aria-level=\"1\">Y un mont\u00f3n de peque\u00f1os detalles \u00fatiles\u2026<\/li>\n<\/ul>\n<p><strong>En definitiva, esta mochila Wildsuits es la mejor compa\u00f1era de surf y para tu estilo de vida.<\/strong><\/p>\n<h2 class=\"mb-3\">Mochila de surf y lifestyle<\/h2>\n<h3 id=\"votre-nouvel-allie-de-toute-circonstance\">Votre alli\u00e9 de toute circonstance<\/h3>\n<p>Hemos desarrollado esta mochila de surf y estilo de vida con nuestro propio molde para conseguir una mochila \u00fanica que se adapte a las necesidades de los pro-riders y a los miembros del equipo de Wildsuits. El resultado es evidente: m\u00e1ximo espacio de almacenamiento con unas medidas est\u00e1ndar y con un mont\u00f3n de detalles que marcan la diferencia y que seguro sabr\u00e9is apreciar.<\/p>\n<p>El confort, la durabilidad, la estanqueidad  y que es ecol\u00f3gicamente sostenible, son las mayores virtudes de esta mochila.<\/p>\n<p>Os permitir\u00e1 transportar vuestro material con toda seguridad y comodidad sin importar los factores externos y siempre protegiendo vuestros objetos y manteni\u00e9ndolos frescos todo el d\u00eda, tanto si est\u00e1n al sol como si est\u00e1n bajo una lluvia intensa.<\/p>\n<h3 id=\"composition\">Fabricaci\u00f3n<\/h3>\n<p>Al igual que con nuestros neoprenos, hemos sido muy cuidadosos con la selecci\u00f3n de materiales con los que fabricar esta mochila estanca.<\/p>\n<p>Despu\u00e9s de haber probado numerosos materiales y su resistencia, nos hemos decantado por el poli\u00e9ster 100% reciclado (rPET) para el recubrimiento exterior y combinado con el TPU para la protecci\u00f3n interior de la mochila.<\/p>\n<p>Adem\u00e1s de la impermeabilidad, estos materiales ofrecen unas caracter\u00edsticas ideales para un dry-bag, gracias a su incre\u00edble ligereza, flexibilidad y durabilidad.\n\nLas costuras est\u00e1n selladas con radiofrecuencia (RF). Este sistema permite un sellado perfecto para que no entre agua del exterior y esto la convierte en una mochila ideal tambi\u00e9n para el rafting.<\/p>\n<p>&nbsp;<\/p>\n<h2 class=\"mb-3\">Informaci\u00f3n adicional<\/h2>\n<table class=\"woocommerce-product-attributes shop_attributes\">\n<tbody>\n<tr class=\"woocommerce-product-attributes-item woocommerce-product-attributes-item--attribute_taille\">\n<th class=\"woocommerce-product-attributes-item__label\">Tama\u00f1os<\/th>\n<td class=\"woocommerce-product-attributes-item__value\">\u00a0 Unique Size 35L<\/td>\n<\/tr>\n<tr class=\"woocommerce-product-attributes-item woocommerce-product-attributes-item--attribute_pa_couleur\">\n<th class=\"woocommerce-product-attributes-item__label\">Color<\/th>\n<td class=\"woocommerce-product-attributes-item__value\">\u00a0 Black, Grey<\/td>\n<\/tr>\n<tr class=\"woocommerce-product-attributes-item woocommerce-product-attributes-item--attribute_pa_composition\">\n<th class=\"woocommerce-product-attributes-item__label\">\u00a0 Fabricaci\u00f3n<\/th>\n<td class=\"woocommerce-product-attributes-item__value\">\u00a0 Polyester 100% recycl\u00e9 (rPET), TPU<\/td>\n<\/tr>\n<tr class=\"woocommerce-product-attributes-item woocommerce-product-attributes-item--attribute_pa_impression\">\n<th class=\"woocommerce-product-attributes-item__label\">Impresi\u00f3n<\/th>\n<td class=\"woocommerce-product-attributes-item__value\">\u00a0 Screen-printing<\/td>\n<\/tr>\n<tr class=\"woocommerce-product-attributes-item woocommerce-product-attributes-item--attribute_pa_coutures\">\n<th class=\"woocommerce-product-attributes-item__label\">Sewing types<\/th>\n<td class=\"woocommerce-product-attributes-item__value\">\u00a0 Radiofrequency<\/td>\n<\/tr>\n<tr class=\"woocommerce-product-attributes-item woocommerce-product-attributes-item--attribute_pa_divers\">\n<th class=\"woocommerce-product-attributes-item__label\">Divers<\/th>\n<td class=\"woocommerce-product-attributes-item__value\">\u00a0 Anti-theft pocket<\/td>\n<\/tr>\n<\/tbody>\n<\/table>\n<p><img fetchpriority=\"high\" decoding=\"async\" class=\"alignnone wp-image-37982 size-large\" src=\"https:\/\/wildsuits.eu\/wp-content\/uploads\/2022\/11\/retouche4-1024x683.jpg\" alt=\"d\u00e9tail visuel bag\" width=\"1024\" height=\"683\" srcset=\"https:\/\/wildsuits.eu\/wp-content\/uploads\/2022\/11\/retouche4-1024x683.jpg 1024w, https:\/\/wildsuits.eu\/wp-content\/uploads\/2022\/11\/retouche4-300x200.jpg 300w, https:\/\/wildsuits.eu\/wp-content\/uploads\/2022\/11\/retouche4-768x512.jpg 768w, https:\/\/wildsuits.eu\/wp-content\/uploads\/2022\/11\/retouche4-1536x1024.jpg 1536w, https:\/\/wildsuits.eu\/wp-content\/uploads\/2022\/11\/retouche4-2048x1365.jpg 2048w, https:\/\/wildsuits.eu\/wp-content\/uploads\/2022\/11\/retouche4-18x12.jpg 18w, https:\/\/wildsuits.eu\/wp-content\/uploads\/2022\/11\/retouche4-600x400.jpg 600w\" sizes=\"(max-width: 1024px) 100vw, 1024px\" \/><\/p>\n<p><img decoding=\"async\" class=\"alignnone wp-image-37979 size-large\" src=\"https:\/\/wildsuits.eu\/wp-content\/uploads\/2022\/11\/retouche1-1024x683.jpg\" alt=\"sac surf\" width=\"1024\" height=\"683\" srcset=\"https:\/\/wildsuits.eu\/wp-content\/uploads\/2022\/11\/retouche1-1024x683.jpg 1024w, https:\/\/wildsuits.eu\/wp-content\/uploads\/2022\/11\/retouche1-300x200.jpg 300w, https:\/\/wildsuits.eu\/wp-content\/uploads\/2022\/11\/retouche1-768x512.jpg 768w, https:\/\/wildsuits.eu\/wp-content\/uploads\/2022\/11\/retouche1-1536x1024.jpg 1536w, https:\/\/wildsuits.eu\/wp-content\/uploads\/2022\/11\/retouche1-2048x1365.jpg 2048w, https:\/\/wildsuits.eu\/wp-content\/uploads\/2022\/11\/retouche1-18x12.jpg 18w, https:\/\/wildsuits.eu\/wp-content\/uploads\/2022\/11\/retouche1-600x400.jpg 600w\" sizes=\"(max-width: 1024px) 100vw, 1024px\" \/><\/p>","protected":false},"excerpt":{"rendered":"<p>Voici le sac \u00e0 dos Wildsuits\u00a0(35L).\u00a0Le surf bag d\u2019excellence mais pas seulement! Depuis plusieurs ann\u00e9es, nous travaillons sur le d\u00e9veloppement d\u2019un sac \u00e9co-responsable con\u00e7u et pens\u00e9 pour bien \u00e9videmment les surfeurs mais pas seulement! Il sera votre compagnon parfait pour partir \u00e0 l\u2019aventure ou tout simplement aller au travail en v\u00e9lo. D\u00e9tails du sac surf [&hellip;]<\/p>","protected":false},"featured_media":37986,"comment_status":"open","ping_status":"closed","template":"","meta":[],"product_cat":[17],"product_tag":[],"_links":{"self":[{"href":"https:\/\/wildsuits.eu\/es\/wp-json\/wp\/v2\/product\/37955"}],"collection":[{"href":"https:\/\/wildsuits.eu\/es\/wp-json\/wp\/v2\/product"}],"about":[{"href":"https:\/\/wildsuits.eu\/es\/wp-json\/wp\/v2\/types\/product"}],"replies":[{"embeddable":true,"href":"https:\/\/wildsuits.eu\/es\/wp-json\/wp\/v2\/comments?post=37955"}],"wp:featuredmedia":[{"embeddable":true,"href":"https:\/\/wildsuits.eu\/es\/wp-json\/wp\/v2\/media\/37986"}],"wp:attachment":[{"href":"https:\/\/wildsuits.eu\/es\/wp-json\/wp\/v2\/media?parent=37955"}],"wp:term":[{"taxonomy":"product_cat","embeddable":true,"href":"https:\/\/wildsuits.eu\/es\/wp-json\/wp\/v2\/product_cat?post=37955"},{"taxonomy":"product_tag","embeddable":true,"href":"https:\/\/wildsuits.eu\/es\/wp-json\/wp\/v2\/product_tag?post=37955"}],"curies":[{"name":"wp","href":"https:\/\/api.w.org\/{rel}","templated":true}]}}