{"id":24,"date":"2022-09-23T16:30:52","date_gmt":"2022-09-23T14:30:52","guid":{"rendered":"https:\/\/wildsuits.eu\/?post_type=product&#038;p=24"},"modified":"2026-04-26T13:18:11","modified_gmt":"2026-04-26T11:18:11","slug":"combinaison-3-2-mm","status":"publish","type":"product","link":"https:\/\/wildsuits.eu\/es\/producto\/traje-surf-3-2mm\/","title":{"rendered":"Neopreno 3\/2mm"},"content":{"rendered":"<h2>NEOPRENO 3\/2MM: PARA AGUAS TEMPLADAS<\/h2>\n<p class=\" translation-block\">El nuevo neopreno 3\/2mm de Wildsuits para el 2022 es un traje de surf en neopreno limestone especialmente adaptado para las olas de primavera y verano europeos.<\/p>\n<p><span style=\"font-weight: 400;\">Este neopreno es perfecto para aguas entre los 15\u00baC y los 21\u00baC.\u00a0<\/span><\/p>\n<p><span style=\"font-weight: 400;\">El Wildsuits 3\/2mm combina un grosor de 3mm en el cuerpo y un grosor de 2mm en el resto del cuerpo. En esta nueva edici\u00f3n 2021, el neopreno 3\/2mm tiene un forro polar para mantener a\u00fan m\u00e1s el calor durante tus ba\u00f1os\u00a0<\/span><\/p>\n<p><span style=\"font-weight: 400;\">De una ligereza y una elasticidad incomparable, este neopreno es tu mejor aliado durante las temporada alta (desde abril hasta finales de octubre en Europa) <\/span><\/p>\n<h3>El neopreno 3\/2mm del 2022 re\u00fane todas las tecnolog\u00edas de Wildsuits<\/h3>\n<p class=\"p2 translation-block\">Nuestros neoprenos de surf ecol\u00f3gicos en neopreno limestone combinan multitud de tecnolog\u00edas probadas por nuestros riders y por nuestro equipo para asegurar una calidad y disfrute \u00f3ptimo. \u00a1El nuevo neopreno 3\/2mm no iba a ser menos! En esta edici\u00f3n 2022, el Wildsuits 3\/2mm est\u00e1 fabricado con un neopreno ecol\u00f3gicamente responsable fabricado a partir de roca caliza y de neum\u00e1ticos reciclados llamado limestone. Este neopreno es el mejor del mercado y garantiza una elasticidad y ligereza \u00fanicos. El neopreno 3\/2mm 2022 se compone tambi\u00e9n de costuras estancas y reforzadas (costuras GBS), as\u00ed como parches de refuerzo para alargar la vida del neopreno.\n\n+ El \u201cKey Pocket is BACK!\u201d<\/p>\n<h3>El neopreno de surf indispensable en temporada alta<\/h3>\n<p><span style=\"font-weight: 400;\">El neopreno 3\/2mm Wildsuits es un neopreno limestone indispensable para las sesiones comprendidas entre primavera y oto\u00f1o. El forro polar interior te permite disfrutar durante m\u00e1s tiempo del ba\u00f1o que un 3\/2 cl\u00e1sico. Lo que se traduce tambi\u00e9n en que tardar\u00e1s m\u00e1s en sacar tu neopreno 4\/3mm.<\/span><\/p>\n<p><span style=\"font-weight: 400;\">Los neoprenos 3\/2mm tienen la ventaja de ser los neoprenos m\u00e1s ligeros y el\u00e1sticos del mercado debido a su grosor. Por tanto podr\u00e1s tener plena libertad de movimiento y podr\u00e1s disfrutar de tu deporte sin limitaciones.<\/span><\/p>\n<h3>Disfrutar del oc\u00e9ano mientras cuidas de la naturalez<\/h3>\n<p class=\" translation-block\">Con el neopreno 3\/2mm 2022 de Wildsuits, podr\u00e1s practicar tu deporte acu\u00e1tico (surf, bodyboard, kitesurf, windsurf, SUP, wakeboard,\u2026) a la vez que proteges la naturaleza y cuidas del medio ambiente. Al practicar el deporte que nos apasiona, tenemos la obligaci\u00f3n de proteger el oc\u00e9ano. Nos preocupamos mucho en que todas las decisiones y acciones que tomamos (producci\u00f3n, entrega, reciclaje, \u2026) sean lo m\u00e1s ecol\u00f3gicamente responsable posibles. Para saber m\u00e1s, descubra nuestras acciones ecol\u00f3gicas y sostenibles.<\/p>","protected":false},"excerpt":{"rendered":"<p><span style=\"font-weight: 400;\">El traje de neopreno Wildsuits 3\/2mm es un traje ideal para aguas de 15 a 21\u00b0C.<\/span><\/p>","protected":false},"featured_media":41288,"comment_status":"open","ping_status":"closed","template":"","meta":[],"product_cat":[18],"product_tag":[],"_links":{"self":[{"href":"https:\/\/wildsuits.eu\/es\/wp-json\/wp\/v2\/product\/24"}],"collection":[{"href":"https:\/\/wildsuits.eu\/es\/wp-json\/wp\/v2\/product"}],"about":[{"href":"https:\/\/wildsuits.eu\/es\/wp-json\/wp\/v2\/types\/product"}],"replies":[{"embeddable":true,"href":"https:\/\/wildsuits.eu\/es\/wp-json\/wp\/v2\/comments?post=24"}],"wp:featuredmedia":[{"embeddable":true,"href":"https:\/\/wildsuits.eu\/es\/wp-json\/wp\/v2\/media\/41288"}],"wp:attachment":[{"href":"https:\/\/wildsuits.eu\/es\/wp-json\/wp\/v2\/media?parent=24"}],"wp:term":[{"taxonomy":"product_cat","embeddable":true,"href":"https:\/\/wildsuits.eu\/es\/wp-json\/wp\/v2\/product_cat?post=24"},{"taxonomy":"product_tag","embeddable":true,"href":"https:\/\/wildsuits.eu\/es\/wp-json\/wp\/v2\/product_tag?post=24"}],"curies":[{"name":"wp","href":"https:\/\/api.w.org\/{rel}","templated":true}]}}