{"id":160,"date":"2022-09-24T18:12:23","date_gmt":"2022-09-24T16:12:23","guid":{"rendered":"https:\/\/wildsuits.eu\/?post_type=product&#038;p=160"},"modified":"2026-03-28T07:24:05","modified_gmt":"2026-03-28T06:24:05","slug":"combinaison-5-4mm","status":"publish","type":"product","link":"https:\/\/wildsuits.eu\/es\/producto\/traje-surf-5-4mm\/","title":{"rendered":"Neopreno 5\/4mm"},"content":{"rendered":"<h2>NEOPRENO 5\/4MM: PARA AGUAS FRIAS<\/h2>\n<p>La combinaison 5\/4 mm 2024 de Wildsuits convient parfaitement aux eaux froides et hivernales europ\u00e9ennes (6-14\u00b0C). Elle combine 2 \u00e9paisseurs de limestone n\u00e9opr\u00e8ne ultra stretch : 5mm sur le torse, dos et ventre et 4mm sur les jambes et bras.<\/p>\n<h3>EL MEJOR ALIADO EN TUS SESIONES DE SURF EN INVIERNO<\/h3>\n<p>Alli\u00e9e incontournable de tes sessions d\u2019hiver la combinaison 5\/4 te suivra dans les vagues les plus froides gr\u00e2ce \u00e0 des tests effectu\u00e9s en conditions extr\u00eames par notre team nous avons pu concevoir une combinaison avec un des meilleurs rapport qualit\u00e9-prix du march\u00e9 et qui est un concentr\u00e9 de technologie. En effet Wildsuits s\u2019inspire des meilleures innovations approuv\u00e9es par les surfeurs du monde entier.<\/p>\n<h3>DONDE LA TECNOLOG\u00cdA SE UNE PARA COMBINAR CALOR Y FLEXIBILIDAD<\/h3>\n<p>En el modelo del neopreno 5\/4mm y en todos los neoprenos, Wildsuits utiliza las mejores tecnolog\u00edas disponibles en el mercado que ya han sido probadas y aprobadas por surfistas del mundo entero:<\/p>\n<ul>\n<li><span id=\"p86\"><span id=\"p85\"><strong>Neopreno Limestone:\u00a0<\/strong>material de neopreno a base de neum\u00e1ticos reciclados y de piedra caliza.<\/span><\/span><\/li>\n<li><span id=\"p86\"><span id=\"p85\"><strong>Interior polar<\/strong>\u00a0interior de thermal fabric polar para garantizar un mayor calor en las zonas m\u00e1s fr\u00edas del cuerpo.<\/span><\/span><\/li>\n<li><span id=\"p86\"><span id=\"p85\"><strong>Costuras GBS<\/strong><\/span><span id=\"p85\">\u00a0sellado interno de las costuras GBS con una tira de neopreno.<\/span><\/span><\/li>\n<li><span id=\"p86\"><span id=\"p85\"><b>Front Zip:\u00a0<\/b>entrada por delante y especialmente dise\u00f1ada para que entre el menor agua posible.<\/span><\/span><\/li>\n<li><span id=\"p86\"><span id=\"p85\"><b>Sellado interior:\u00a0\u00a0<\/b>sellado interno de las costuras GBS con una tira de neopreno.<\/span><\/span><\/li>\n<li><span id=\"p86\"><span id=\"p85\"><b>Patch de refuerzos:\u00a0<\/b>refuerzos en puntos clave del neopreno para evitar desgarros.<\/span><\/span><\/li>\n<li><span id=\"p86\"><span id=\"p85\"><b>Logos de\u00a0<\/b><b>silicona:\u00a0<\/b>logos de alta calidad para que duren y que no se agrieten o despeguen con el tiempo.<\/span><\/span><\/li>\n<li><span id=\"p86\"><span id=\"p85\"><b>Bolsillo para llaves:\u00a0<\/b>bolsillo discreto en el cierre front zip.<\/span><\/span><\/li>\n<li><b>Tecnolog\u00eda Flush Lock:\u00a0<\/b>cintas de goma en mu\u00f1ecas y tobillos para evitar la entrada de agua.<\/li>\n<\/ul>\n<h3>PROT\u00c9GETE DEL FR\u00cdO MIENTRAS CUIDAS DEL PLANETA<\/h3>\n<p>Te ayudamos a protegerte del fr\u00edo, te ahorramos dinero (somos un 10% m\u00e1s barato de que la competencia) y cuidamos del planeta. La tecnolog\u00eda del neopreno 5\/4mm de Wildsuits ser\u00e1 tu mejor aliada en tus ba\u00f1os invernales.<\/p>\n<p>&nbsp;<\/p>\n<p><img fetchpriority=\"high\" decoding=\"async\" class=\"wp-image-38086 size-large aligncenter\" src=\"https:\/\/wildsuits.eu\/wp-content\/uploads\/2022\/11\/arc-en-ciel-full-1024x683.jpg\" alt=\"Arc en ciel eduardo vento\" width=\"1024\" height=\"683\" srcset=\"https:\/\/wildsuits.eu\/wp-content\/uploads\/2022\/11\/arc-en-ciel-full-1024x683.jpg 1024w, https:\/\/wildsuits.eu\/wp-content\/uploads\/2022\/11\/arc-en-ciel-full-300x200.jpg 300w, https:\/\/wildsuits.eu\/wp-content\/uploads\/2022\/11\/arc-en-ciel-full-768x512.jpg 768w, https:\/\/wildsuits.eu\/wp-content\/uploads\/2022\/11\/arc-en-ciel-full-1536x1024.jpg 1536w, https:\/\/wildsuits.eu\/wp-content\/uploads\/2022\/11\/arc-en-ciel-full-2048x1365.jpg 2048w, https:\/\/wildsuits.eu\/wp-content\/uploads\/2022\/11\/arc-en-ciel-full-18x12.jpg 18w, https:\/\/wildsuits.eu\/wp-content\/uploads\/2022\/11\/arc-en-ciel-full-600x400.jpg 600w\" sizes=\"(max-width: 1024px) 100vw, 1024px\" \/><\/p>\n<p>&nbsp;<\/p>\n<p><img decoding=\"async\" class=\"wp-image-37716 size-large aligncenter\" src=\"https:\/\/wildsuits.eu\/wp-content\/uploads\/2022\/11\/DSC8-1024x576.jpg\" alt=\"\" width=\"1024\" height=\"576\" srcset=\"https:\/\/wildsuits.eu\/wp-content\/uploads\/2022\/11\/DSC8-1024x576.jpg 1024w, https:\/\/wildsuits.eu\/wp-content\/uploads\/2022\/11\/DSC8-300x169.jpg 300w, https:\/\/wildsuits.eu\/wp-content\/uploads\/2022\/11\/DSC8-768x432.jpg 768w, https:\/\/wildsuits.eu\/wp-content\/uploads\/2022\/11\/DSC8-18x10.jpg 18w, https:\/\/wildsuits.eu\/wp-content\/uploads\/2022\/11\/DSC8-600x337.jpg 600w, https:\/\/wildsuits.eu\/wp-content\/uploads\/2022\/11\/DSC8.jpg 1366w\" sizes=\"(max-width: 1024px) 100vw, 1024px\" \/><\/p>","protected":false},"excerpt":{"rendered":"<p>COMBINAISON 5\/4 MM : POUR LES EAUX FROIDES La combinaison 5\/4 mm 2024 de Wildsuits convient parfaitement aux eaux froides et hivernales europ\u00e9ennes (6-14\u00b0C). Elle combine 2 \u00e9paisseurs de limestone n\u00e9opr\u00e8ne ultra stretch : 5mm sur le torse, dos et ventre et 4mm sur les jambes et bras. L&#8217;alli\u00e9 incontournable des sessions de surf d&#8217;hiver [&hellip;]<\/p>","protected":false},"featured_media":40145,"comment_status":"open","ping_status":"closed","template":"","meta":[],"product_cat":[18],"product_tag":[],"_links":{"self":[{"href":"https:\/\/wildsuits.eu\/es\/wp-json\/wp\/v2\/product\/160"}],"collection":[{"href":"https:\/\/wildsuits.eu\/es\/wp-json\/wp\/v2\/product"}],"about":[{"href":"https:\/\/wildsuits.eu\/es\/wp-json\/wp\/v2\/types\/product"}],"replies":[{"embeddable":true,"href":"https:\/\/wildsuits.eu\/es\/wp-json\/wp\/v2\/comments?post=160"}],"wp:featuredmedia":[{"embeddable":true,"href":"https:\/\/wildsuits.eu\/es\/wp-json\/wp\/v2\/media\/40145"}],"wp:attachment":[{"href":"https:\/\/wildsuits.eu\/es\/wp-json\/wp\/v2\/media?parent=160"}],"wp:term":[{"taxonomy":"product_cat","embeddable":true,"href":"https:\/\/wildsuits.eu\/es\/wp-json\/wp\/v2\/product_cat?post=160"},{"taxonomy":"product_tag","embeddable":true,"href":"https:\/\/wildsuits.eu\/es\/wp-json\/wp\/v2\/product_tag?post=160"}],"curies":[{"name":"wp","href":"https:\/\/api.w.org\/{rel}","templated":true}]}}