{"id":38131,"date":"2022-11-16T09:54:56","date_gmt":"2022-11-16T08:54:56","guid":{"rendered":"https:\/\/wildsuits.eu\/?page_id=38131"},"modified":"2022-11-20T22:47:05","modified_gmt":"2022-11-20T21:47:05","slug":"politique-livraison","status":"publish","type":"page","link":"https:\/\/wildsuits.eu\/es\/politique-livraison\/","title":{"rendered":"Pol\u00edtica de env\u00edos"},"content":{"rendered":"<h2 class=\"wp-block-heading\"><strong>POL\u00cdTICA DE ENV\u00cdOS<\/strong><\/h2>\n\n\n\n<p>Los gastos de env\u00edo se establecen seg\u00fan reglas que tienen en cuenta el volumen, la masa, el n\u00famero de art\u00edculos y\/o el importe del pedido.<\/p>\n\n\n\n<h2 class=\"wp-block-heading\"><strong>ENTREGA<\/strong><\/h2>\n\n\n\n<p>Tomamos todas las medidas necesarias para ejecutar su pedido lo antes posible. Los pedidos se reciben normalmente en un plazo de 2 a 4 d\u00edas laborables tras la recepci\u00f3n del pago.&nbsp;<\/p>\n\n\n\n<p>Orders will be delivered to the address indicated by the customer at the time of payment.<\/p>\n\n\n\n<p>Todos los env\u00edos cuentan con un n\u00famero de seguimiento disponible a petici\u00f3n.<\/p>\n\n\n\n<p>Wildsuits SAS no se hace responsable de ning\u00fan retraso debido a un error por parte del tercero que realiza la entrega.&nbsp;<\/p>\n\n\n\n<h2 class=\"wp-block-heading\"><strong>Aunque es muy raro, debe notificarnos cualquier art\u00edculo da\u00f1ado durante el transporte dentro de las 48 horas siguientes a su recepci\u00f3n.<\/strong><\/h2>\n\n\n\n<p>Bien que tr\u00e8s rares, vous devez nous aviser de tout article endommag\u00e9 durant le transport dans les 24 heures suivant sa r\u00e9ception.<\/p>\n\n\n\n<h2 class=\"wp-block-heading\"><strong>LUGARES DE ENTREGA<\/strong><\/h2>\n\n\n\n<p>Los productos del sitio web pueden entregarse en Europa y en los departamentos y territorios franceses de ultramar. En el caso de los pedidos fuera de la Uni\u00f3n Europea, ser\u00e1n tratados caso por caso por nuestro equipo de pedidos posteriores. En caso de duda, no dude en ponerse en contacto con nosotros<br><\/p>\n\n\n\n<h2 class=\"wp-block-heading\"><strong>LUGARES DE ENTREGA<\/strong>S<\/h2>\n\n\n\n<p>Los productos del sitio web pueden entregarse en Europa y en los departamentos y territorios franceses de ultramar. En el caso de los pedidos fuera de la Uni\u00f3n Europea, ser\u00e1n tratados caso por caso por nuestro equipo de pedidos posteriores. En caso de duda, no dude en ponerse en contacto con nosotros. Hello@wildsuits.fr\u00a0<\/p>\n\n\n\n<h3 class=\"wp-block-heading\">Preguntas<\/h3>\n\n\n\n<p>Si tiene alguna duda sobre la entrega y recepci\u00f3n de su pedido, p\u00f3ngase en contacto con nosotros en Hello@wildsuits.fr<\/p>","protected":false},"excerpt":{"rendered":"<p>POLITIQUE D&#8217;EXP\u00c9DITION Les frais de transport sont \u00e9tablis selon des r\u00e8gles qui consid\u00e8rent le volume, la masse, le nombre d\u2019articles et\/ou le montant de la commande. LIVRAISON Nous prenons toutes&nbsp;les&nbsp;mesurent&nbsp;pour ex\u00e9cuter votre commande dans les plus brefs d\u00e9lais.&nbsp;La r\u00e9ception de la commande est normalement effectu\u00e9e dans un d\u00e9lai de 2 \u00e0 4 jours ouvrables apr\u00e8s [&hellip;]<\/p>","protected":false},"author":1,"featured_media":0,"parent":0,"menu_order":0,"comment_status":"closed","ping_status":"closed","template":"","meta":{"footnotes":""},"_links":{"self":[{"href":"https:\/\/wildsuits.eu\/es\/wp-json\/wp\/v2\/pages\/38131"}],"collection":[{"href":"https:\/\/wildsuits.eu\/es\/wp-json\/wp\/v2\/pages"}],"about":[{"href":"https:\/\/wildsuits.eu\/es\/wp-json\/wp\/v2\/types\/page"}],"author":[{"embeddable":true,"href":"https:\/\/wildsuits.eu\/es\/wp-json\/wp\/v2\/users\/1"}],"replies":[{"embeddable":true,"href":"https:\/\/wildsuits.eu\/es\/wp-json\/wp\/v2\/comments?post=38131"}],"version-history":[{"count":2,"href":"https:\/\/wildsuits.eu\/es\/wp-json\/wp\/v2\/pages\/38131\/revisions"}],"predecessor-version":[{"id":38749,"href":"https:\/\/wildsuits.eu\/es\/wp-json\/wp\/v2\/pages\/38131\/revisions\/38749"}],"wp:attachment":[{"href":"https:\/\/wildsuits.eu\/es\/wp-json\/wp\/v2\/media?parent=38131"}],"curies":[{"name":"wp","href":"https:\/\/api.w.org\/{rel}","templated":true}]}}