{"id":368,"date":"2022-11-01T20:23:25","date_gmt":"2022-11-01T19:23:25","guid":{"rendered":"https:\/\/wildsuits.eu\/?page_id=368"},"modified":"2023-04-20T14:44:51","modified_gmt":"2023-04-20T12:44:51","slug":"histoire","status":"publish","type":"page","link":"https:\/\/wildsuits.eu\/es\/historia-wildsuits\/","title":{"rendered":"Historia"},"content":{"rendered":"<div data-elementor-type=\"wp-page\" data-elementor-id=\"368\" class=\"elementor elementor-368\" data-elementor-post-type=\"page\">\n\t\t\t\t\t\t<section class=\"elementor-section elementor-top-section elementor-element elementor-element-9433c23 elementor-section-full_width elementor-section-height-min-height elementor-section-height-default elementor-section-items-middle\" data-id=\"9433c23\" data-element_type=\"section\" data-settings=\"{&quot;jet_parallax_layout_list&quot;:[],&quot;background_background&quot;:&quot;classic&quot;}\">\n\t\t\t\t\t\t<div class=\"elementor-container elementor-column-gap-default\">\n\t\t\t\t\t<div class=\"elementor-column elementor-col-100 elementor-top-column elementor-element elementor-element-d5b0fda\" data-id=\"d5b0fda\" data-element_type=\"column\">\n\t\t\t<div class=\"elementor-widget-wrap elementor-element-populated\">\n\t\t\t\t\t\t<div class=\"elementor-element elementor-element-2f84385 elementor-widget elementor-widget-heading\" data-id=\"2f84385\" data-element_type=\"widget\" data-widget_type=\"heading.default\">\n\t\t\t\t<div class=\"elementor-widget-container\">\n\t\t\t<h1 class=\"elementor-heading-title elementor-size-default\">LA HISTORIA DE<br> Wildsuits<\/h1>\t\t<\/div>\n\t\t\t\t<\/div>\n\t\t\t\t\t<\/div>\n\t\t<\/div>\n\t\t\t\t\t<\/div>\n\t\t<\/section>\n\t\t\t\t<section class=\"elementor-section elementor-top-section elementor-element elementor-element-29e9964 elementor-section-boxed elementor-section-height-default elementor-section-height-default\" data-id=\"29e9964\" data-element_type=\"section\" data-settings=\"{&quot;jet_parallax_layout_list&quot;:[]}\">\n\t\t\t\t\t\t<div class=\"elementor-container elementor-column-gap-default\">\n\t\t\t\t\t<div class=\"elementor-column elementor-col-100 elementor-top-column elementor-element elementor-element-e018e85\" data-id=\"e018e85\" data-element_type=\"column\">\n\t\t\t<div class=\"elementor-widget-wrap elementor-element-populated\">\n\t\t\t\t\t\t<section class=\"elementor-section elementor-inner-section elementor-element elementor-element-9a9b34e elementor-section-boxed elementor-section-height-default elementor-section-height-default\" data-id=\"9a9b34e\" data-element_type=\"section\" data-settings=\"{&quot;jet_parallax_layout_list&quot;:[]}\">\n\t\t\t\t\t\t<div class=\"elementor-container elementor-column-gap-wide\">\n\t\t\t\t\t<div class=\"elementor-column elementor-col-50 elementor-inner-column elementor-element elementor-element-3545fcc\" data-id=\"3545fcc\" data-element_type=\"column\" data-settings=\"{&quot;background_background&quot;:&quot;classic&quot;}\">\n\t\t\t<div class=\"elementor-widget-wrap elementor-element-populated\">\n\t\t\t\t\t\t<div class=\"elementor-element elementor-element-f1c0e32 elementor-widget elementor-widget-spacer\" data-id=\"f1c0e32\" data-element_type=\"widget\" data-widget_type=\"spacer.default\">\n\t\t\t\t<div class=\"elementor-widget-container\">\n\t\t\t\t\t<div class=\"elementor-spacer\">\n\t\t\t<div class=\"elementor-spacer-inner\"><\/div>\n\t\t<\/div>\n\t\t\t\t<\/div>\n\t\t\t\t<\/div>\n\t\t\t\t\t<\/div>\n\t\t<\/div>\n\t\t\t\t<div class=\"elementor-column elementor-col-50 elementor-inner-column elementor-element elementor-element-6cc4a02\" data-id=\"6cc4a02\" data-element_type=\"column\">\n\t\t\t<div class=\"elementor-widget-wrap elementor-element-populated\">\n\t\t\t\t\t\t<div class=\"elementor-element elementor-element-f4eac87 elementor-widget elementor-widget-text-editor\" data-id=\"f4eac87\" data-element_type=\"widget\" data-widget_type=\"text-editor.default\">\n\t\t\t\t<div class=\"elementor-widget-container\">\n\t\t\t\t\t\t\t<p>La historia de los trajes de neopreno de Wildsuits comienza en 2016 en las playas portuguesas (Costa da Caparica) cuando dos locos por las olas se conocen: <strong>Olivier Boileau<\/strong> et <strong>Antoine Pouvreau<\/strong>.<\/p><p>Estos dos nuevos amigos se dieron cuenta de que el surf era un deporte muy practicado, hasta tal punto que empezaron a so\u00f1ar en crear su propia marca de surf. Una marca creada a su imagen y semejanza que respetase sus valores y la naturaleza. Es entonces cuando empezaron a interesarse por los productos indispensables para la pr\u00e1ctica del surf y de los deportes acu\u00e1ticos en general. Pronto se dieron cuenta que muchos materiales usados son muy contaminantes y da\u00f1inos para la naturaleza y esto chocaba con el esp\u00edritu de respeto por la naturaleza que tienen muchos surfistas. El material principal de los neoprenos de surf es en general extra\u00eddo de productos petroqu\u00edmicos y la fabricaci\u00f3n del neopreno tiene un alto impacto medio ambiental.<\/p><p>Esta industria contaminante nos hizo pasar a la acci\u00f3n y de esta preocupaci\u00f3n por el medio ambiente nace una idea: \u00bfpor qu\u00e9 no crear una marca de surf sostenible y ecol\u00f3gica al alcance de todos?<\/p>\t\t\t\t\t\t<\/div>\n\t\t\t\t<\/div>\n\t\t\t\t\t<\/div>\n\t\t<\/div>\n\t\t\t\t\t<\/div>\n\t\t<\/section>\n\t\t\t\t<div class=\"elementor-element elementor-element-8b42a97 elementor-widget elementor-widget-spacer\" data-id=\"8b42a97\" data-element_type=\"widget\" data-widget_type=\"spacer.default\">\n\t\t\t\t<div class=\"elementor-widget-container\">\n\t\t\t\t\t<div class=\"elementor-spacer\">\n\t\t\t<div class=\"elementor-spacer-inner\"><\/div>\n\t\t<\/div>\n\t\t\t\t<\/div>\n\t\t\t\t<\/div>\n\t\t\t\t<div class=\"elementor-element elementor-element-a5ce0c1 elementor-widget elementor-widget-text-editor\" data-id=\"a5ce0c1\" data-element_type=\"widget\" data-widget_type=\"text-editor.default\">\n\t\t\t\t<div class=\"elementor-widget-container\">\n\t\t\t\t\t\t\t<p>Hoy en d\u00eda es muy complicado crear una marca completamente ecol\u00f3gica y no te vamos a enga\u00f1ar: \u00a1Wildsuits no es completamente ecol\u00f3gica! Pero el 100% de nuestros esfuerzos se concentran en \u201cc\u00f3mo ser cada vez m\u00e1s eco-friendly\u201d. Nos esforzamos por encontrar soluciones en nuestro d\u00eda a d\u00eda para reducir al m\u00e1ximo nuestro impacto en el planeta. Es entonces cuando nos hemos lanzado a crear nuestra marca. Hemos creado nuestros primeros neoprenos de surf ecol\u00f3gicos usando un neopreno eco-friendly: el neopreno hecho de material limestone. Empezamos primero por crear un modelo de neopreno en\u00a0<a href=\"https:\/\/wildsuits.eu\/es\/producto\/traje-surf-3-2mm\/\">3\/2mm<\/a>\u00a0adaptado a las aguas templadas (primavera y verano). Despu\u00e9s desarrollamos dos otros modelos: un\u00a0<a href=\"https:\/\/wildsuits.eu\/es\/producto\/traje-surf-4-3mm\/\">4\/3mm<\/a>\u00a0et la\u00a0<a href=\"https:\/\/wildsuits.eu\/es\/producto\/traje-surf-5-4mm\/\">5\/4mm<\/a>\u00a0y un para aguas m\u00e1s fr\u00edas.<\/p>\t\t\t\t\t\t<\/div>\n\t\t\t\t<\/div>\n\t\t\t\t\t<\/div>\n\t\t<\/div>\n\t\t\t\t\t<\/div>\n\t\t<\/section>\n\t\t\t\t<section class=\"elementor-section elementor-top-section elementor-element elementor-element-4294a2a elementor-reverse-mobile elementor-section-boxed elementor-section-height-default elementor-section-height-default\" data-id=\"4294a2a\" data-element_type=\"section\" data-settings=\"{&quot;jet_parallax_layout_list&quot;:[]}\">\n\t\t\t\t\t\t<div class=\"elementor-container elementor-column-gap-wide\">\n\t\t\t\t\t<div class=\"elementor-column elementor-col-50 elementor-top-column elementor-element elementor-element-213fb34\" data-id=\"213fb34\" data-element_type=\"column\">\n\t\t\t<div class=\"elementor-widget-wrap elementor-element-populated\">\n\t\t\t\t\t\t<div class=\"elementor-element elementor-element-1cb5b4f elementor-widget elementor-widget-heading\" data-id=\"1cb5b4f\" data-element_type=\"widget\" data-widget_type=\"heading.default\">\n\t\t\t\t<div class=\"elementor-widget-container\">\n\t\t\t<h3 class=\"elementor-heading-title elementor-size-default\">LOS VALORES DE WILDSUITS<\/h3>\t\t<\/div>\n\t\t\t\t<\/div>\n\t\t\t\t<div class=\"elementor-element elementor-element-09922a6 elementor-widget elementor-widget-text-editor\" data-id=\"09922a6\" data-element_type=\"widget\" data-widget_type=\"text-editor.default\">\n\t\t\t\t<div class=\"elementor-widget-container\">\n\t\t\t\t\t\t\t<p>Hemos creado la marca de trajes de neopreno Wildsuits alrededor de unos valores que nos gu\u00edan en cada momento del desarrollo:<\/p><ul><li>Acompa\u00f1ar de la mejor manera posible a los deportistas, desde principiantes a profesionales, en la pr\u00e1ctica de su deporte (surf, bodyboard, kitesurf, windsurf, etc.) gracias a trajes de neopreno de alta calidad con detalles muy cuidados y siempre respetando el medio ambiente.<\/li><li>Trabajar con unos proveedores que ofrecen las mejores condiciones de trabajo en las f\u00e1bricas y siempre intentando minimizar al m\u00e1ximo su impacto en el medio ambiente.<\/li><li>Crear una comunidad de gente apasionada (Wildsuits family)alrededor de la marca Wildsuits. Ayudarse entre nosotros y el respeto por el medio ambiente es fundamental, principalmente a trav\u00e9s de las redes sociales y multitud de eventos.<\/li><\/ul><p><br \/>Despu\u00e9s de mucho trabajo, Wildsuits est\u00e1 orgulloso de poder ofreceros unos neoprenos y ropa deportiva de alta calidad que respeta al m\u00e1ximo las expectativas de los usuarios, juntando confort, elasticidad y durabilidad.<\/p>\t\t\t\t\t\t<\/div>\n\t\t\t\t<\/div>\n\t\t\t\t\t<\/div>\n\t\t<\/div>\n\t\t\t\t<div class=\"elementor-column elementor-col-50 elementor-top-column elementor-element elementor-element-a980f77\" data-id=\"a980f77\" data-element_type=\"column\" data-settings=\"{&quot;background_background&quot;:&quot;classic&quot;}\">\n\t\t\t<div class=\"elementor-widget-wrap elementor-element-populated\">\n\t\t\t\t\t\t<div class=\"elementor-element elementor-element-8a3622a elementor-widget elementor-widget-spacer\" data-id=\"8a3622a\" data-element_type=\"widget\" data-widget_type=\"spacer.default\">\n\t\t\t\t<div class=\"elementor-widget-container\">\n\t\t\t\t\t<div class=\"elementor-spacer\">\n\t\t\t<div class=\"elementor-spacer-inner\"><\/div>\n\t\t<\/div>\n\t\t\t\t<\/div>\n\t\t\t\t<\/div>\n\t\t\t\t\t<\/div>\n\t\t<\/div>\n\t\t\t\t\t<\/div>\n\t\t<\/section>\n\t\t\t\t<section class=\"elementor-section elementor-top-section elementor-element elementor-element-ca7ad70 elementor-section-boxed elementor-section-height-default elementor-section-height-default\" data-id=\"ca7ad70\" data-element_type=\"section\" data-settings=\"{&quot;jet_parallax_layout_list&quot;:[]}\">\n\t\t\t\t\t\t<div class=\"elementor-container elementor-column-gap-default\">\n\t\t\t\t\t<div class=\"elementor-column elementor-col-100 elementor-top-column elementor-element elementor-element-384ebcd\" data-id=\"384ebcd\" data-element_type=\"column\">\n\t\t\t<div class=\"elementor-widget-wrap elementor-element-populated\">\n\t\t\t\t\t\t<div class=\"elementor-element elementor-element-eb7f449 elementor-widget elementor-widget-spacer\" data-id=\"eb7f449\" data-element_type=\"widget\" data-widget_type=\"spacer.default\">\n\t\t\t\t<div class=\"elementor-widget-container\">\n\t\t\t\t\t<div class=\"elementor-spacer\">\n\t\t\t<div class=\"elementor-spacer-inner\"><\/div>\n\t\t<\/div>\n\t\t\t\t<\/div>\n\t\t\t\t<\/div>\n\t\t\t\t\t<\/div>\n\t\t<\/div>\n\t\t\t\t\t<\/div>\n\t\t<\/section>\n\t\t\t\t<section class=\"elementor-section elementor-top-section elementor-element elementor-element-b0a1d85 elementor-section-boxed elementor-section-height-default elementor-section-height-default\" data-id=\"b0a1d85\" data-element_type=\"section\" data-settings=\"{&quot;jet_parallax_layout_list&quot;:[]}\">\n\t\t\t\t\t\t<div class=\"elementor-container elementor-column-gap-wide\">\n\t\t\t\t\t<div class=\"elementor-column elementor-col-50 elementor-top-column elementor-element elementor-element-b4c9706\" data-id=\"b4c9706\" data-element_type=\"column\" data-settings=\"{&quot;background_background&quot;:&quot;classic&quot;}\">\n\t\t\t<div class=\"elementor-widget-wrap elementor-element-populated\">\n\t\t\t\t\t\t<div class=\"elementor-element elementor-element-59cef1d elementor-widget elementor-widget-spacer\" data-id=\"59cef1d\" data-element_type=\"widget\" data-widget_type=\"spacer.default\">\n\t\t\t\t<div class=\"elementor-widget-container\">\n\t\t\t\t\t<div class=\"elementor-spacer\">\n\t\t\t<div class=\"elementor-spacer-inner\"><\/div>\n\t\t<\/div>\n\t\t\t\t<\/div>\n\t\t\t\t<\/div>\n\t\t\t\t\t<\/div>\n\t\t<\/div>\n\t\t\t\t<div class=\"elementor-column elementor-col-50 elementor-top-column elementor-element elementor-element-bc8f477\" data-id=\"bc8f477\" data-element_type=\"column\">\n\t\t\t<div class=\"elementor-widget-wrap elementor-element-populated\">\n\t\t\t\t\t\t<div class=\"elementor-element elementor-element-4b76148 elementor-widget elementor-widget-heading\" data-id=\"4b76148\" data-element_type=\"widget\" data-widget_type=\"heading.default\">\n\t\t\t\t<div class=\"elementor-widget-container\">\n\t\t\t<h3 class=\"elementor-heading-title elementor-size-default\">EL ORIGEN Y LA FILOSOF\u00cdA DE WILDSUITS<\/h3>\t\t<\/div>\n\t\t\t\t<\/div>\n\t\t\t\t<div class=\"elementor-element elementor-element-ee98a63 elementor-widget elementor-widget-text-editor\" data-id=\"ee98a63\" data-element_type=\"widget\" data-widget_type=\"text-editor.default\">\n\t\t\t\t<div class=\"elementor-widget-container\">\n\t\t\t\t\t\t\tPara nuestra marca hemos querido crear un nombre que se pudiese reconocer y en el que te sintieras identificado m\u00e1s all\u00e1 de las fronteras francesas.<\/p>\n\n<h5>Si analizamos el nombre de Wildsuits, tenemos:<\/h5>\n<ul>\n \t<li>Wild: que significa salvaje, lo m\u00e1s cerca de la naturaleza y algo indomable.<\/li>\n \t<li>Suits: diminutivo de wetsuits, que significa traje y haciendo referencia al traje de surf.<\/li>\n<\/ul><br>\nNuestro slogan \u201cOn the wave, be wild &amp; Out of the wave, behave\u201d se traduce por \u201cEn las olas s\u00e9 salvaje y fuera de las olas, s\u00e9 sabio\u201d. Con esta frase nuestra intenci\u00f3n darle poder al que surfea y volver a sentir el contacto con la naturaleza que todos llevamos dentro e intentar que por un momento puedas olvidarte de todas las preocupaciones de la vida. Siempre respetando la naturaleza y a las personas que forman parte de ella, de una manera sabia e inteligente cuando est\u00e1s fuera del agua.<br><br>\nWildsuits no solo quiere limitarse a los neoprenos de surf premium, tambi\u00e9n vamos a vender una l\u00ednea de ropa deportiva que aumentar\u00e1 con el tiempo. Esta nueva l\u00ednea va a ser desarrollada seg\u00fan nuestras exigencias medioambientales y m\u00e1ximo respeto por nuestros valores \u00e9ticos de Wildsuits.\t\t\t\t\t\t<\/div>\n\t\t\t\t<\/div>\n\t\t\t\t<div class=\"elementor-element elementor-element-09c1159 elementor-widget__width-auto elementor-tablet-align-justify elementor-mobile-align-justify elementor-widget-tablet__width-inherit elementor-widget-mobile__width-inherit elementor-widget elementor-widget-button\" data-id=\"09c1159\" data-element_type=\"widget\" data-widget_type=\"button.default\">\n\t\t\t\t<div class=\"elementor-widget-container\">\n\t\t\t\t\t<div class=\"elementor-button-wrapper\">\n\t\t\t<a class=\"elementor-button elementor-button-link elementor-size-sm\" href=\"https:\/\/wildsuits.eu\/es\/nuestros-productos\/\">\n\t\t\t\t\t\t<span class=\"elementor-button-content-wrapper\">\n\t\t\t\t\t\t<span class=\"elementor-button-text\">Trajes de surf<\/span>\n\t\t<\/span>\n\t\t\t\t\t<\/a>\n\t\t<\/div>\n\t\t\t\t<\/div>\n\t\t\t\t<\/div>\n\t\t\t\t<div class=\"elementor-element elementor-element-29e8c31 elementor-widget__width-auto elementor-tablet-align-justify elementor-mobile-align-justify elementor-widget-tablet__width-inherit elementor-widget-mobile__width-inherit elementor-widget elementor-widget-button\" data-id=\"29e8c31\" data-element_type=\"widget\" data-widget_type=\"button.default\">\n\t\t\t\t<div class=\"elementor-widget-container\">\n\t\t\t\t\t<div class=\"elementor-button-wrapper\">\n\t\t\t<a class=\"elementor-button elementor-button-link elementor-size-sm\" href=\"https:\/\/wildsuits.eu\/es\/acciones-ecologicas\/\">\n\t\t\t\t\t\t<span class=\"elementor-button-content-wrapper\">\n\t\t\t\t\t\t<span class=\"elementor-button-text\">Nuestras acciones<\/span>\n\t\t<\/span>\n\t\t\t\t\t<\/a>\n\t\t<\/div>\n\t\t\t\t<\/div>\n\t\t\t\t<\/div>\n\t\t\t\t\t<\/div>\n\t\t<\/div>\n\t\t\t\t\t<\/div>\n\t\t<\/section>\n\t\t\t\t<\/div>","protected":false},"excerpt":{"rendered":"<p>L&#8217;histoire de Wildsuits L\u2019histoire des combinaisons de surf Wildsuits a commenc\u00e9 en 2016 sur les plages portugaises (Costa da Caparica) apr\u00e8s la rencontre entre deux passionn\u00e9s : Olivier Boileau et Antoine Pouvreau. Nous sommes tr\u00e8s vite tomb\u00e9s sous le charme du Portugal, de son soleil annuel et de ses vagues consistantes. Tous deux, avons \u00e9t\u00e9 [&hellip;]<\/p>","protected":false},"author":1,"featured_media":0,"parent":0,"menu_order":0,"comment_status":"closed","ping_status":"closed","template":"","meta":{"footnotes":""},"_links":{"self":[{"href":"https:\/\/wildsuits.eu\/es\/wp-json\/wp\/v2\/pages\/368"}],"collection":[{"href":"https:\/\/wildsuits.eu\/es\/wp-json\/wp\/v2\/pages"}],"about":[{"href":"https:\/\/wildsuits.eu\/es\/wp-json\/wp\/v2\/types\/page"}],"author":[{"embeddable":true,"href":"https:\/\/wildsuits.eu\/es\/wp-json\/wp\/v2\/users\/1"}],"replies":[{"embeddable":true,"href":"https:\/\/wildsuits.eu\/es\/wp-json\/wp\/v2\/comments?post=368"}],"version-history":[{"count":109,"href":"https:\/\/wildsuits.eu\/es\/wp-json\/wp\/v2\/pages\/368\/revisions"}],"predecessor-version":[{"id":41010,"href":"https:\/\/wildsuits.eu\/es\/wp-json\/wp\/v2\/pages\/368\/revisions\/41010"}],"wp:attachment":[{"href":"https:\/\/wildsuits.eu\/es\/wp-json\/wp\/v2\/media?parent=368"}],"curies":[{"name":"wp","href":"https:\/\/api.w.org\/{rel}","templated":true}]}}