{"id":324,"date":"2022-11-01T17:17:20","date_gmt":"2022-11-01T16:17:20","guid":{"rendered":"https:\/\/wildsuits.eu\/?page_id=324"},"modified":"2026-04-16T20:38:15","modified_gmt":"2026-04-16T18:38:15","slug":"wildsuits","status":"publish","type":"page","link":"https:\/\/wildsuits.eu\/es\/wildsuits\/","title":{"rendered":"Sobre nosotros"},"content":{"rendered":"<div data-elementor-type=\"wp-page\" data-elementor-id=\"324\" class=\"elementor elementor-324\" data-elementor-post-type=\"page\">\n\t\t\t\t\t\t<section class=\"elementor-section elementor-top-section elementor-element elementor-element-5b21065 elementor-section-height-min-height elementor-section-boxed elementor-section-height-default elementor-section-items-middle\" data-id=\"5b21065\" data-element_type=\"section\" data-settings=\"{&quot;background_background&quot;:&quot;classic&quot;,&quot;jet_parallax_layout_list&quot;:[]}\">\n\t\t\t\t\t\t<div class=\"elementor-container elementor-column-gap-default\">\n\t\t\t\t\t<div class=\"elementor-column elementor-col-100 elementor-top-column elementor-element elementor-element-251ff43\" data-id=\"251ff43\" data-element_type=\"column\">\n\t\t\t<div class=\"elementor-widget-wrap elementor-element-populated\">\n\t\t\t\t\t\t<div class=\"elementor-element elementor-element-8b0ed30 elementor-widget elementor-widget-image\" data-id=\"8b0ed30\" data-element_type=\"widget\" data-widget_type=\"image.default\">\n\t\t\t\t<div class=\"elementor-widget-container\">\n\t\t\t\t\t\t\t\t\t\t\t\t\t<img decoding=\"async\" width=\"300\" height=\"72\" src=\"https:\/\/wildsuits.eu\/wp-content\/uploads\/2022\/11\/font-wild-19-300x72.png\" class=\"attachment-medium size-medium wp-image-38369\" alt=\"Wildsuits white\" srcset=\"https:\/\/wildsuits.eu\/wp-content\/uploads\/2022\/11\/font-wild-19-300x72.png 300w, https:\/\/wildsuits.eu\/wp-content\/uploads\/2022\/11\/font-wild-19-1024x246.png 1024w, https:\/\/wildsuits.eu\/wp-content\/uploads\/2022\/11\/font-wild-19-768x184.png 768w, https:\/\/wildsuits.eu\/wp-content\/uploads\/2022\/11\/font-wild-19-1536x369.png 1536w, https:\/\/wildsuits.eu\/wp-content\/uploads\/2022\/11\/font-wild-19-2048x492.png 2048w, https:\/\/wildsuits.eu\/wp-content\/uploads\/2022\/11\/font-wild-19-18x4.png 18w, https:\/\/wildsuits.eu\/wp-content\/uploads\/2022\/11\/font-wild-19-600x144.png 600w\" sizes=\"(max-width: 300px) 100vw, 300px\" \/>\t\t\t\t\t\t\t\t\t\t\t\t\t<\/div>\n\t\t\t\t<\/div>\n\t\t\t\t\t<\/div>\n\t\t<\/div>\n\t\t\t\t\t<\/div>\n\t\t<\/section>\n\t\t\t\t<section class=\"elementor-section elementor-top-section elementor-element elementor-element-ee0f578 elementor-section-boxed elementor-section-height-default elementor-section-height-default\" data-id=\"ee0f578\" data-element_type=\"section\" data-settings=\"{&quot;jet_parallax_layout_list&quot;:[]}\">\n\t\t\t\t\t\t<div class=\"elementor-container elementor-column-gap-default\">\n\t\t\t\t\t<div class=\"elementor-column elementor-col-100 elementor-top-column elementor-element elementor-element-84419e1\" data-id=\"84419e1\" data-element_type=\"column\">\n\t\t\t<div class=\"elementor-widget-wrap elementor-element-populated\">\n\t\t\t\t\t\t<div class=\"elementor-element elementor-element-886991d elementor-widget elementor-widget-html\" data-id=\"886991d\" data-element_type=\"widget\" data-widget_type=\"html.default\">\n\t\t\t\t<div class=\"elementor-widget-container\">\n\t\t\t<script src=\"https:\/\/code.jquery.com\/jquery-3.6.0.min.js\"><\/script>\r\n<script>\r\nvar $ = jQuery\r\n$(document).ready(function(){\r\n    \r\n$('.elementor-section[link], .elementor-column[link] > .elementor-widget-wrap').on('click', function(){\r\n    \r\n    var $this = $(this).hasClass('elementor-widget-wrap') ? $(this).parent() : $(this),\r\n    link = $this.attr('link'),\r\n    newtab = $this.attr('newtab'),\r\n    openIn = typeof newtab !== 'undefined' && newtab !== false ? '_blank' : '_self'\r\n    \r\n    window.open(link, openIn)\r\n})\r\n})\r\n<\/script>\r\n<style>\r\n.elementor-section[link], .elementor-column[link] > .elementor-widget-wrap {\r\n    cursor: pointer;\r\n}\r\n<\/style>\t\t<\/div>\n\t\t\t\t<\/div>\n\t\t\t\t<div class=\"elementor-element elementor-element-1b8f834 elementor-widget__width-initial elementor-widget elementor-widget-heading\" data-id=\"1b8f834\" data-element_type=\"widget\" data-widget_type=\"heading.default\">\n\t\t\t\t<div class=\"elementor-widget-container\">\n\t\t\t<h1 class=\"elementor-heading-title elementor-size-default\">WILDSUITS, <br>\u00bfQUI\u00c9NES SOMOS?<\/h1>\t\t<\/div>\n\t\t\t\t<\/div>\n\t\t\t\t<div class=\"elementor-element elementor-element-73a3a80 elementor-widget elementor-widget-text-editor\" data-id=\"73a3a80\" data-element_type=\"widget\" data-widget_type=\"text-editor.default\">\n\t\t\t\t<div class=\"elementor-widget-container\">\n\t\t\t\t\t\t\t<p>Wildsuits es una marca de trajes de surf francesa creada en 2016 creado por dos amantes de los oc\u00e9anos : Olivier Boileau &amp; Antoine Pouvreau. Bas\u00e9e \u00e0 Nantes et au Portugal sur la Costa Da Caparica, Wildsuits propose des combinaisons de surf de haute qualit\u00e9, \u00e0 des prix accessibles et surtout les plus \u00e9co-responsables que possible. Pour ce faire, Wildsuits utilise des materiaux recycl\u00e9s pour produire ses combinaisons : des pneus recycl\u00e9s, des bouteilles en plastique recycl\u00e9es ainsi que de la roche calcaire (N\u00e9opr\u00e8ne Limestone). Apr\u00e8s de nombreuses recherches et de nombreux tests, Wildsuits vous propose d\u00e9sormais une gamme de combinaisons de surf compl\u00e8te adapt\u00e9e \u00e0 chaque saison et chaque temp\u00e9rature. Aujourd'hui, Wildsuits est pr\u00e9sente en France, au Portugal, en Espagne, au Royaume-Uni, en Irlande et m\u00eame en Lituanie.<\/p>\t\t\t\t\t\t<\/div>\n\t\t\t\t<\/div>\n\t\t\t\t<div class=\"elementor-element elementor-element-0b338e7 elementor-widget elementor-widget-text-editor\" data-id=\"0b338e7\" data-element_type=\"widget\" data-widget_type=\"text-editor.default\">\n\t\t\t\t<div class=\"elementor-widget-container\">\n\t\t\t\t\t\t\t<h6 class=\" translation-block\">Si la idea de Wildsuits te interesa, puedes descubrir nuestros productos aqu\u00ed.<\/h6>\t\t\t\t\t\t<\/div>\n\t\t\t\t<\/div>\n\t\t\t\t\t<\/div>\n\t\t<\/div>\n\t\t\t\t\t<\/div>\n\t\t<\/section>\n\t\t\t\t<section class=\"elementor-section elementor-top-section elementor-element elementor-element-509d189 elementor-section-boxed elementor-section-height-default elementor-section-height-default\" data-id=\"509d189\" data-element_type=\"section\" data-settings=\"{&quot;jet_parallax_layout_list&quot;:[]}\">\n\t\t\t\t\t\t<div class=\"elementor-container elementor-column-gap-default\">\n\t\t\t\t\t<div class=\"elementor-column elementor-col-100 elementor-top-column elementor-element elementor-element-3dcb924\" data-id=\"3dcb924\" data-element_type=\"column\">\n\t\t\t<div class=\"elementor-widget-wrap elementor-element-populated\">\n\t\t\t\t\t\t<section class=\"elementor-section elementor-inner-section elementor-element elementor-element-258f52e elementor-section-height-min-height elementor-section-content-middle elementor-section-boxed elementor-section-height-default\" data-id=\"258f52e\" data-element_type=\"section\" data-settings=\"{&quot;jet_parallax_layout_list&quot;:[],&quot;background_background&quot;:&quot;classic&quot;}\">\n\t\t\t\t\t\t<div class=\"elementor-container elementor-column-gap-default\">\n\t\t\t\t\t<div class=\"elementor-column elementor-col-66 elementor-inner-column elementor-element elementor-element-cf789fc\" data-id=\"cf789fc\" data-element_type=\"column\" link=\"https:\/\/wildsuits.eu\/nos-shops\">\n\t\t\t<div class=\"elementor-widget-wrap elementor-element-populated\">\n\t\t\t\t\t\t<div class=\"elementor-element elementor-element-6a3c0c7 elementor-absolute elementor-widget elementor-widget-heading\" data-id=\"6a3c0c7\" data-element_type=\"widget\" data-settings=\"{&quot;_position&quot;:&quot;absolute&quot;}\" data-widget_type=\"heading.default\">\n\t\t\t\t<div class=\"elementor-widget-container\">\n\t\t\t<h3 class=\"elementor-heading-title elementor-size-default\"><a href=\"https:\/\/wildsuits.eu\/es\/nos-shops\/\">Nuestras Tiendas<\/a><\/h3>\t\t<\/div>\n\t\t\t\t<\/div>\n\t\t\t\t<div class=\"elementor-element elementor-element-98eda9d elementor-widget elementor-widget-image\" data-id=\"98eda9d\" data-element_type=\"widget\" data-widget_type=\"image.default\">\n\t\t\t\t<div class=\"elementor-widget-container\">\n\t\t\t\t\t\t\t\t\t\t\t\t\t\t<a href=\"https:\/\/wildsuits.eu\/es\/nos-shops\/\">\n\t\t\t\t\t\t\t<img fetchpriority=\"high\" decoding=\"async\" width=\"800\" height=\"322\" src=\"https:\/\/wildsuits.eu\/wp-content\/uploads\/2022\/11\/wildsuits-shops.jpg\" class=\"attachment-large size-large wp-image-336\" alt=\"\" srcset=\"https:\/\/wildsuits.eu\/wp-content\/uploads\/2022\/11\/wildsuits-shops.jpg 1000w, https:\/\/wildsuits.eu\/wp-content\/uploads\/2022\/11\/wildsuits-shops-300x121.jpg 300w, https:\/\/wildsuits.eu\/wp-content\/uploads\/2022\/11\/wildsuits-shops-768x309.jpg 768w, https:\/\/wildsuits.eu\/wp-content\/uploads\/2022\/11\/wildsuits-shops-600x241.jpg 600w\" sizes=\"(max-width: 800px) 100vw, 800px\" \/>\t\t\t\t\t\t\t\t<\/a>\n\t\t\t\t\t\t\t\t\t\t\t\t\t<\/div>\n\t\t\t\t<\/div>\n\t\t\t\t\t<\/div>\n\t\t<\/div>\n\t\t\t\t<div class=\"elementor-column elementor-col-33 elementor-inner-column elementor-element elementor-element-f2787a5\" data-id=\"f2787a5\" data-element_type=\"column\" link=\"https:\/\/wildsuits.eu\/histoire\/\">\n\t\t\t<div class=\"elementor-widget-wrap elementor-element-populated\">\n\t\t\t\t\t\t<div class=\"elementor-element elementor-element-5438974 elementor-absolute elementor-widget elementor-widget-heading\" data-id=\"5438974\" data-element_type=\"widget\" data-settings=\"{&quot;_position&quot;:&quot;absolute&quot;}\" data-widget_type=\"heading.default\">\n\t\t\t\t<div class=\"elementor-widget-container\">\n\t\t\t<h3 class=\"elementor-heading-title elementor-size-default\"><a href=\"https:\/\/wildsuits.eu\/es\/historia-wildsuits\/\">Historia<\/a><\/h3>\t\t<\/div>\n\t\t\t\t<\/div>\n\t\t\t\t<div class=\"elementor-element elementor-element-9c04b6e elementor-widget elementor-widget-image\" data-id=\"9c04b6e\" data-element_type=\"widget\" data-widget_type=\"image.default\">\n\t\t\t\t<div class=\"elementor-widget-container\">\n\t\t\t\t\t\t\t\t\t\t\t\t\t\t<a href=\"https:\/\/wildsuits.eu\/es\/historia-wildsuits\/\">\n\t\t\t\t\t\t\t<img decoding=\"async\" width=\"800\" height=\"530\" src=\"https:\/\/wildsuits.eu\/wp-content\/uploads\/2022\/11\/0010retouche-1024x679.jpg\" class=\"attachment-large size-large wp-image-38376\" alt=\"\" srcset=\"https:\/\/wildsuits.eu\/wp-content\/uploads\/2022\/11\/0010retouche-1024x679.jpg 1024w, https:\/\/wildsuits.eu\/wp-content\/uploads\/2022\/11\/0010retouche-300x199.jpg 300w, https:\/\/wildsuits.eu\/wp-content\/uploads\/2022\/11\/0010retouche-768x509.jpg 768w, https:\/\/wildsuits.eu\/wp-content\/uploads\/2022\/11\/0010retouche-1536x1018.jpg 1536w, https:\/\/wildsuits.eu\/wp-content\/uploads\/2022\/11\/0010retouche-2048x1358.jpg 2048w, https:\/\/wildsuits.eu\/wp-content\/uploads\/2022\/11\/0010retouche-18x12.jpg 18w, https:\/\/wildsuits.eu\/wp-content\/uploads\/2022\/11\/0010retouche-600x398.jpg 600w\" sizes=\"(max-width: 800px) 100vw, 800px\" \/>\t\t\t\t\t\t\t\t<\/a>\n\t\t\t\t\t\t\t\t\t\t\t\t\t<\/div>\n\t\t\t\t<\/div>\n\t\t\t\t\t<\/div>\n\t\t<\/div>\n\t\t\t\t\t<\/div>\n\t\t<\/section>\n\t\t\t\t<section class=\"elementor-section elementor-inner-section elementor-element elementor-element-1dddd21 elementor-section-height-min-height elementor-section-content-middle elementor-section-boxed elementor-section-height-default\" data-id=\"1dddd21\" data-element_type=\"section\" data-settings=\"{&quot;jet_parallax_layout_list&quot;:[]}\">\n\t\t\t\t\t\t<div class=\"elementor-container elementor-column-gap-default\">\n\t\t\t\t\t<div class=\"elementor-column elementor-col-50 elementor-inner-column elementor-element elementor-element-dfbae13\" data-id=\"dfbae13\" data-element_type=\"column\" link=\"https:\/\/wildsuits.eu\/wildsuits-family\">\n\t\t\t<div class=\"elementor-widget-wrap elementor-element-populated\">\n\t\t\t\t\t\t<div class=\"elementor-element elementor-element-f4d8466 elementor-absolute elementor-widget elementor-widget-heading\" data-id=\"f4d8466\" data-element_type=\"widget\" data-settings=\"{&quot;_position&quot;:&quot;absolute&quot;}\" data-widget_type=\"heading.default\">\n\t\t\t\t<div class=\"elementor-widget-container\">\n\t\t\t<h3 class=\"elementor-heading-title elementor-size-default\"><a href=\"https:\/\/wildsuits.eu\/es\/wildsuits-team\/\">Wildsuits family<\/a><\/h3>\t\t<\/div>\n\t\t\t\t<\/div>\n\t\t\t\t<div class=\"elementor-element elementor-element-2430040 elementor-widget elementor-widget-image\" data-id=\"2430040\" data-element_type=\"widget\" data-widget_type=\"image.default\">\n\t\t\t\t<div class=\"elementor-widget-container\">\n\t\t\t\t\t\t\t\t\t\t\t\t\t\t<a href=\"https:\/\/wildsuits.eu\/es\/wildsuits-team\/\">\n\t\t\t\t\t\t\t<img loading=\"lazy\" decoding=\"async\" width=\"800\" height=\"361\" src=\"https:\/\/wildsuits.eu\/wp-content\/uploads\/2022\/11\/ground-1024x462.jpeg\" class=\"attachment-large size-large wp-image-37657\" alt=\"couverture zeus wetsuits\" srcset=\"https:\/\/wildsuits.eu\/wp-content\/uploads\/2022\/11\/ground-1024x462.jpeg 1024w, https:\/\/wildsuits.eu\/wp-content\/uploads\/2022\/11\/ground-300x135.jpeg 300w, https:\/\/wildsuits.eu\/wp-content\/uploads\/2022\/11\/ground-768x346.jpeg 768w, https:\/\/wildsuits.eu\/wp-content\/uploads\/2022\/11\/ground-1536x692.jpeg 1536w, https:\/\/wildsuits.eu\/wp-content\/uploads\/2022\/11\/ground-2048x923.jpeg 2048w, https:\/\/wildsuits.eu\/wp-content\/uploads\/2022\/11\/ground-18x8.jpeg 18w, https:\/\/wildsuits.eu\/wp-content\/uploads\/2022\/11\/ground-600x270.jpeg 600w\" sizes=\"(max-width: 800px) 100vw, 800px\" \/>\t\t\t\t\t\t\t\t<\/a>\n\t\t\t\t\t\t\t\t\t\t\t\t\t<\/div>\n\t\t\t\t<\/div>\n\t\t\t\t\t<\/div>\n\t\t<\/div>\n\t\t\t\t<div class=\"elementor-column elementor-col-50 elementor-inner-column elementor-element elementor-element-71c71cb\" data-id=\"71c71cb\" data-element_type=\"column\" link=\"https:\/\/wildsuits.eu\/actions-environnementales-solidaires\">\n\t\t\t<div class=\"elementor-widget-wrap elementor-element-populated\">\n\t\t\t\t\t\t<div class=\"elementor-element elementor-element-000ed30 elementor-absolute elementor-widget elementor-widget-heading\" data-id=\"000ed30\" data-element_type=\"widget\" data-settings=\"{&quot;_position&quot;:&quot;absolute&quot;}\" data-widget_type=\"heading.default\">\n\t\t\t\t<div class=\"elementor-widget-container\">\n\t\t\t<h3 class=\"elementor-heading-title elementor-size-default\"><a href=\"https:\/\/wildsuits.eu\/es\/acciones-ecologicas\/\">Our Actions<\/a><\/h3>\t\t<\/div>\n\t\t\t\t<\/div>\n\t\t\t\t<div class=\"elementor-element elementor-element-2211500 elementor-widget elementor-widget-image\" data-id=\"2211500\" data-element_type=\"widget\" data-widget_type=\"image.default\">\n\t\t\t\t<div class=\"elementor-widget-container\">\n\t\t\t\t\t\t\t\t\t\t\t\t\t\t<a href=\"https:\/\/wildsuits.eu\/es\/acciones-ecologicas\/\">\n\t\t\t\t\t\t\t<img loading=\"lazy\" decoding=\"async\" width=\"731\" height=\"1024\" src=\"https:\/\/wildsuits.eu\/wp-content\/uploads\/2022\/11\/IMG_1605-731x1024.jpg\" class=\"attachment-large size-large wp-image-38373\" alt=\"Office Nantes wildsuits\" srcset=\"https:\/\/wildsuits.eu\/wp-content\/uploads\/2022\/11\/IMG_1605-731x1024.jpg 731w, https:\/\/wildsuits.eu\/wp-content\/uploads\/2022\/11\/IMG_1605-214x300.jpg 214w, https:\/\/wildsuits.eu\/wp-content\/uploads\/2022\/11\/IMG_1605-768x1075.jpg 768w, https:\/\/wildsuits.eu\/wp-content\/uploads\/2022\/11\/IMG_1605-1097x1536.jpg 1097w, https:\/\/wildsuits.eu\/wp-content\/uploads\/2022\/11\/IMG_1605-1463x2048.jpg 1463w, https:\/\/wildsuits.eu\/wp-content\/uploads\/2022\/11\/IMG_1605-9x12.jpg 9w, https:\/\/wildsuits.eu\/wp-content\/uploads\/2022\/11\/IMG_1605-600x840.jpg 600w, https:\/\/wildsuits.eu\/wp-content\/uploads\/2022\/11\/IMG_1605-scaled.jpg 1828w\" sizes=\"(max-width: 731px) 100vw, 731px\" \/>\t\t\t\t\t\t\t\t<\/a>\n\t\t\t\t\t\t\t\t\t\t\t\t\t<\/div>\n\t\t\t\t<\/div>\n\t\t\t\t\t<\/div>\n\t\t<\/div>\n\t\t\t\t\t<\/div>\n\t\t<\/section>\n\t\t\t\t<section class=\"elementor-section elementor-inner-section elementor-element elementor-element-fc71f5b elementor-section-height-min-height elementor-section-content-middle elementor-section-boxed elementor-section-height-default\" data-id=\"fc71f5b\" data-element_type=\"section\" data-settings=\"{&quot;jet_parallax_layout_list&quot;:[]}\">\n\t\t\t\t\t\t<div class=\"elementor-container elementor-column-gap-default\">\n\t\t\t\t\t<div class=\"elementor-column elementor-col-50 elementor-inner-column elementor-element elementor-element-d564d4e\" data-id=\"d564d4e\" data-element_type=\"column\" link=\"https:\/\/wildsuits.eu\/faq-combinaison-surf\">\n\t\t\t<div class=\"elementor-widget-wrap elementor-element-populated\">\n\t\t\t\t\t\t<div class=\"elementor-element elementor-element-1ce57a6 elementor-absolute elementor-widget elementor-widget-heading\" data-id=\"1ce57a6\" data-element_type=\"widget\" data-settings=\"{&quot;_position&quot;:&quot;absolute&quot;}\" data-widget_type=\"heading.default\">\n\t\t\t\t<div class=\"elementor-widget-container\">\n\t\t\t<h3 class=\"elementor-heading-title elementor-size-default\"><a href=\"https:\/\/wildsuits.eu\/es\/faq-combinaison-surf\/\">Preguntas frecuentes<\/a><\/h3>\t\t<\/div>\n\t\t\t\t<\/div>\n\t\t\t\t<div class=\"elementor-element elementor-element-bbb7304 elementor-widget elementor-widget-image\" data-id=\"bbb7304\" data-element_type=\"widget\" data-widget_type=\"image.default\">\n\t\t\t\t<div class=\"elementor-widget-container\">\n\t\t\t\t\t\t\t\t\t\t\t\t\t\t<a href=\"https:\/\/wildsuits.eu\/es\/faq-combinaison-surf\/\">\n\t\t\t\t\t\t\t<img loading=\"lazy\" decoding=\"async\" width=\"800\" height=\"534\" src=\"https:\/\/wildsuits.eu\/wp-content\/uploads\/2022\/11\/wildsuit-foire-aux-questions-1024x683.jpg\" class=\"attachment-large size-large wp-image-341\" alt=\"\" srcset=\"https:\/\/wildsuits.eu\/wp-content\/uploads\/2022\/11\/wildsuit-foire-aux-questions-1024x683.jpg 1024w, https:\/\/wildsuits.eu\/wp-content\/uploads\/2022\/11\/wildsuit-foire-aux-questions-300x200.jpg 300w, https:\/\/wildsuits.eu\/wp-content\/uploads\/2022\/11\/wildsuit-foire-aux-questions-768x512.jpg 768w, https:\/\/wildsuits.eu\/wp-content\/uploads\/2022\/11\/wildsuit-foire-aux-questions-1536x1024.jpg 1536w, https:\/\/wildsuits.eu\/wp-content\/uploads\/2022\/11\/wildsuit-foire-aux-questions-600x400.jpg 600w, https:\/\/wildsuits.eu\/wp-content\/uploads\/2022\/11\/wildsuit-foire-aux-questions.jpg 1920w\" sizes=\"(max-width: 800px) 100vw, 800px\" \/>\t\t\t\t\t\t\t\t<\/a>\n\t\t\t\t\t\t\t\t\t\t\t\t\t<\/div>\n\t\t\t\t<\/div>\n\t\t\t\t\t<\/div>\n\t\t<\/div>\n\t\t\t\t<div class=\"elementor-column elementor-col-50 elementor-inner-column elementor-element elementor-element-e74f165\" data-id=\"e74f165\" data-element_type=\"column\" link=\"https:\/\/wildsuits.eu\/espace-presse\">\n\t\t\t<div class=\"elementor-widget-wrap elementor-element-populated\">\n\t\t\t\t\t\t<div class=\"elementor-element elementor-element-ebae962 elementor-absolute elementor-widget elementor-widget-heading\" data-id=\"ebae962\" data-element_type=\"widget\" data-settings=\"{&quot;_position&quot;:&quot;absolute&quot;}\" data-widget_type=\"heading.default\">\n\t\t\t\t<div class=\"elementor-widget-container\">\n\t\t\t<h3 class=\"elementor-heading-title elementor-size-default\"><a href=\"https:\/\/wildsuits.eu\/es\/espace-presse\/\">Comunicado de prensa<\/a><\/h3>\t\t<\/div>\n\t\t\t\t<\/div>\n\t\t\t\t<div class=\"elementor-element elementor-element-a28667a elementor-widget elementor-widget-image\" data-id=\"a28667a\" data-element_type=\"widget\" data-widget_type=\"image.default\">\n\t\t\t\t<div class=\"elementor-widget-container\">\n\t\t\t\t\t\t\t\t\t\t\t\t\t\t<a href=\"https:\/\/wildsuits.eu\/es\/espace-presse\/\">\n\t\t\t\t\t\t\t<img loading=\"lazy\" decoding=\"async\" width=\"800\" height=\"450\" src=\"https:\/\/wildsuits.eu\/wp-content\/uploads\/2022\/11\/wildsuits-espace-presse-1024x576.jpg\" class=\"attachment-large size-large wp-image-342\" alt=\"\" srcset=\"https:\/\/wildsuits.eu\/wp-content\/uploads\/2022\/11\/wildsuits-espace-presse-1024x576.jpg 1024w, https:\/\/wildsuits.eu\/wp-content\/uploads\/2022\/11\/wildsuits-espace-presse-300x169.jpg 300w, https:\/\/wildsuits.eu\/wp-content\/uploads\/2022\/11\/wildsuits-espace-presse-768x432.jpg 768w, https:\/\/wildsuits.eu\/wp-content\/uploads\/2022\/11\/wildsuits-espace-presse-1536x864.jpg 1536w, https:\/\/wildsuits.eu\/wp-content\/uploads\/2022\/11\/wildsuits-espace-presse-600x338.jpg 600w, https:\/\/wildsuits.eu\/wp-content\/uploads\/2022\/11\/wildsuits-espace-presse.jpg 1920w\" sizes=\"(max-width: 800px) 100vw, 800px\" \/>\t\t\t\t\t\t\t\t<\/a>\n\t\t\t\t\t\t\t\t\t\t\t\t\t<\/div>\n\t\t\t\t<\/div>\n\t\t\t\t\t<\/div>\n\t\t<\/div>\n\t\t\t\t\t<\/div>\n\t\t<\/section>\n\t\t\t\t\t<\/div>\n\t\t<\/div>\n\t\t\t\t\t<\/div>\n\t\t<\/section>\n\t\t\t\t<\/div>","protected":false},"excerpt":{"rendered":"<p>WILDSUITS, QUI SOMMES-NOUS ? Wildsuits est une marque de combinaisons de surf fran\u00e7aise cr\u00e9\u00e9e en 2016 par deux amoureux de l&#8217;oc\u00e9an : Olivier Boileau &amp; Antoine Pouvreau. Bas\u00e9e \u00e0 Nantes et au Portugal sur la Costa Da Caparica, Wildsuits propose principalement des combinaisons de surf de haute qualit\u00e9, \u00e0 des prix accessibles et surtout les [&hellip;]<\/p>","protected":false},"author":1,"featured_media":0,"parent":0,"menu_order":0,"comment_status":"closed","ping_status":"closed","template":"","meta":{"footnotes":""},"_links":{"self":[{"href":"https:\/\/wildsuits.eu\/es\/wp-json\/wp\/v2\/pages\/324"}],"collection":[{"href":"https:\/\/wildsuits.eu\/es\/wp-json\/wp\/v2\/pages"}],"about":[{"href":"https:\/\/wildsuits.eu\/es\/wp-json\/wp\/v2\/types\/page"}],"author":[{"embeddable":true,"href":"https:\/\/wildsuits.eu\/es\/wp-json\/wp\/v2\/users\/1"}],"replies":[{"embeddable":true,"href":"https:\/\/wildsuits.eu\/es\/wp-json\/wp\/v2\/comments?post=324"}],"version-history":[{"count":176,"href":"https:\/\/wildsuits.eu\/es\/wp-json\/wp\/v2\/pages\/324\/revisions"}],"predecessor-version":[{"id":44070,"href":"https:\/\/wildsuits.eu\/es\/wp-json\/wp\/v2\/pages\/324\/revisions\/44070"}],"wp:attachment":[{"href":"https:\/\/wildsuits.eu\/es\/wp-json\/wp\/v2\/media?parent=324"}],"curies":[{"name":"wp","href":"https:\/\/api.w.org\/{rel}","templated":true}]}}