{"id":43130,"date":"2025-04-16T15:36:53","date_gmt":"2025-04-16T13:36:53","guid":{"rendered":"https:\/\/wildsuits.eu\/?post_type=product&#038;p=43130"},"modified":"2026-05-08T15:23:46","modified_gmt":"2026-05-08T13:23:46","slug":"combinaison-4-3-mm-bleue-2","status":"publish","type":"product","link":"https:\/\/wildsuits.eu\/en\/product\/combinaison-4-3-mm-bleue-2\/","title":{"rendered":"Blue 4\/3 mm wetsuit"},"content":{"rendered":"<h3 class=\"\" data-start=\"154\" data-end=\"222\">The colorful and lightweight version of the Wildsuits wetsuit<\/h3>\n<p class=\"\" data-start=\"224\" data-end=\"437\"><strong data-start=\"224\" data-end=\"252\">Spring 2025 new release<\/strong>The 4\/3 mm Wildsuits is now available in blue, in a more accessible version designed for those looking for a simple, efficient, and eco-friendly wetsuit.<\/p>\n<p class=\"\" data-start=\"439\" data-end=\"511\"><strong><em>Available by order only<\/em><\/strong><br data-start=\"474\" data-end=\"477\" \/><strong><em>Delivery time: 2 to 3 working weeks<\/em><\/strong><\/p>\n<h3 class=\"\" data-start=\"513\" data-end=\"563\">Wildsuits Blue Wetsuit: Simplicity, Style &amp; Performance<\/h3>\n<p class=\"\" data-start=\"565\" data-end=\"781\">Inspired by our black 4\/3 (premium and best-selling model), this version offers a lighter approach, ideal for mid-season sessions, while maintaining the comfort and freedom of movement Wildsuits is known for.<\/p>\n<h3 class=\"\" data-start=\"783\" data-end=\"826\">The core of Wildsuits technology<\/h3>\n<ul data-start=\"828\" data-end=\"936\">\n<li class=\"\" data-start=\"828\" data-end=\"855\">\n<p class=\"\" data-start=\"830\" data-end=\"855\">Eco-friendly neoprene<\/p>\n<\/li>\n<li class=\"\" data-start=\"856\" data-end=\"878\">\n<p class=\"\" data-start=\"858\" data-end=\"878\">Stretch and comfort<\/p>\n<\/li>\n<li class=\"\" data-start=\"879\" data-end=\"904\">\n<p class=\"\" data-start=\"881\" data-end=\"904\">Waterproof GBS seams<\/p>\n<\/li>\n<li class=\"\" data-start=\"905\" data-end=\"936\">\n<p class=\"\" data-start=\"907\" data-end=\"936\">Reinforced strategic zones<\/p>\n<\/li>\n<\/ul>\n<h3 class=\"\" data-start=\"938\" data-end=\"956\">Ride with style and purpose<\/h3>\n<p class=\"\" data-start=\"958\" data-end=\"1125\">Surf, bodyboard, kitesurf, foil, e-foil\u2026 This wetsuit follows you everywhere, with style and purpose.<br data-start=\"1048\" data-end=\"1051\" \/>Wildsuits is the gear that\u2019s good for both the ocean and the surfer.<\/p>\n<p class=\"\" data-start=\"958\" data-end=\"1125\"><img fetchpriority=\"high\" decoding=\"async\" class=\"alignnone wp-image-43257 size-large\" src=\"https:\/\/wildsuits.eu\/wp-content\/uploads\/2025\/04\/3W6A15bis-1024x1024.jpg\" alt=\"4\/3 mmCombinaisons neoprene Combinaisons Bleu combinaison Combinaisons surf Wildsuits\" width=\"1024\" height=\"1024\" srcset=\"https:\/\/wildsuits.eu\/wp-content\/uploads\/2025\/04\/3W6A15bis-1024x1024.jpg 1024w, https:\/\/wildsuits.eu\/wp-content\/uploads\/2025\/04\/3W6A15bis-300x300.jpg 300w, https:\/\/wildsuits.eu\/wp-content\/uploads\/2025\/04\/3W6A15bis-150x150.jpg 150w, https:\/\/wildsuits.eu\/wp-content\/uploads\/2025\/04\/3W6A15bis-768x768.jpg 768w, https:\/\/wildsuits.eu\/wp-content\/uploads\/2025\/04\/3W6A15bis-1536x1536.jpg 1536w, https:\/\/wildsuits.eu\/wp-content\/uploads\/2025\/04\/3W6A15bis-12x12.jpg 12w, https:\/\/wildsuits.eu\/wp-content\/uploads\/2025\/04\/3W6A15bis-600x600.jpg 600w, https:\/\/wildsuits.eu\/wp-content\/uploads\/2025\/04\/3W6A15bis-100x100.jpg 100w, https:\/\/wildsuits.eu\/wp-content\/uploads\/2025\/04\/3W6A15bis.jpg 1824w\" sizes=\"(max-width: 1024px) 100vw, 1024px\" \/><\/p>\n<p data-start=\"958\" data-end=\"1125\"><img decoding=\"async\" class=\"aligncenter wp-image-43258 size-large\" src=\"https:\/\/wildsuits.eu\/wp-content\/uploads\/2025\/04\/3W6Aweb-1024x1024.jpg\" alt=\"4\/3 mmCombinaisons neoprene Combinaisons Bleu combinaison Combinaisons surf Wildsuits\" width=\"1024\" height=\"1024\" srcset=\"https:\/\/wildsuits.eu\/wp-content\/uploads\/2025\/04\/3W6Aweb-1024x1024.jpg 1024w, https:\/\/wildsuits.eu\/wp-content\/uploads\/2025\/04\/3W6Aweb-300x300.jpg 300w, https:\/\/wildsuits.eu\/wp-content\/uploads\/2025\/04\/3W6Aweb-150x150.jpg 150w, https:\/\/wildsuits.eu\/wp-content\/uploads\/2025\/04\/3W6Aweb-768x768.jpg 768w, https:\/\/wildsuits.eu\/wp-content\/uploads\/2025\/04\/3W6Aweb-12x12.jpg 12w, https:\/\/wildsuits.eu\/wp-content\/uploads\/2025\/04\/3W6Aweb-600x600.jpg 600w, https:\/\/wildsuits.eu\/wp-content\/uploads\/2025\/04\/3W6Aweb-100x100.jpg 100w, https:\/\/wildsuits.eu\/wp-content\/uploads\/2025\/04\/3W6Aweb.jpg 1204w\" sizes=\"(max-width: 1024px) 100vw, 1024px\" \/><\/p>","protected":false},"excerpt":{"rendered":"<p>La version color\u00e9e et all\u00e9g\u00e9e de la combinaison Wildsuits Nouveaut\u00e9 printemps 2025, la 4\/3 mm Wildsuits se d\u00e9cline en bleue dans une version plus accessible, pens\u00e9e pour ceux qui recherchent une combinaison simple, efficace et toujours respectueuse de l\u2019environnement. Disponible uniquement sur commande.D\u00e9lais : 2 \u00e0 3 semaines ouvrables. Combinaison Wildsuits bleue : simplicit\u00e9, style [&hellip;]<\/p>","protected":false},"featured_media":43559,"comment_status":"open","ping_status":"closed","template":"","meta":[],"product_cat":[69],"product_tag":[],"_links":{"self":[{"href":"https:\/\/wildsuits.eu\/en\/wp-json\/wp\/v2\/product\/43130"}],"collection":[{"href":"https:\/\/wildsuits.eu\/en\/wp-json\/wp\/v2\/product"}],"about":[{"href":"https:\/\/wildsuits.eu\/en\/wp-json\/wp\/v2\/types\/product"}],"replies":[{"embeddable":true,"href":"https:\/\/wildsuits.eu\/en\/wp-json\/wp\/v2\/comments?post=43130"}],"wp:featuredmedia":[{"embeddable":true,"href":"https:\/\/wildsuits.eu\/en\/wp-json\/wp\/v2\/media\/43559"}],"wp:attachment":[{"href":"https:\/\/wildsuits.eu\/en\/wp-json\/wp\/v2\/media?parent=43130"}],"wp:term":[{"taxonomy":"product_cat","embeddable":true,"href":"https:\/\/wildsuits.eu\/en\/wp-json\/wp\/v2\/product_cat?post=43130"},{"taxonomy":"product_tag","embeddable":true,"href":"https:\/\/wildsuits.eu\/en\/wp-json\/wp\/v2\/product_tag?post=43130"}],"curies":[{"name":"wp","href":"https:\/\/api.w.org\/{rel}","templated":true}]}}