{"id":41793,"date":"2024-04-17T16:48:06","date_gmt":"2024-04-17T14:48:06","guid":{"rendered":"https:\/\/wildsuits.eu\/?post_type=product&#038;p=41793"},"modified":"2025-12-11T19:50:11","modified_gmt":"2025-12-11T18:50:11","slug":"4-3-mm-cagoule","status":"publish","type":"product","link":"https:\/\/wildsuits.eu\/en\/product\/4-3-mm-cagoule\/","title":{"rendered":"4\/3 mm Hoodie"},"content":{"rendered":"<div class=\"page\" title=\"Page 14\">\n<div class=\"section\">\n<div class=\"layoutArea\">\n<div class=\"column\">\n<h3>Wildsuits 4\/3mm Hooded Wetsuit<\/h3>\n<p><strong>Your Ally Against the Cold<\/strong><\/p>\n<p>Con\u00e7ue pour r\u00e9pondre aux besoins des surfeurs affrontant les rudes hivers, notre nouvelle combinaison 4\/3mm \u00e0 cagoule int\u00e8gre tout le savoir-faire Wildsuits. D\u00e9velopp\u00e9e gr\u00e2ce aux retours pr\u00e9cieux de nos fid\u00e8les clients et apr\u00e8s validation par nos ambassadeurs, cette combinaison est fabriqu\u00e9e en Europe avec une attention particuli\u00e8re port\u00e9e sur la qualit\u00e9 et la performance.<\/p>\n<p>The 4\/3mm hooded wetsuit offers exceptional warmth even in the most glacial conditions, while maintaining superior flexibility compared to thicker suits. Ideal for surfing, bodyboarding, kitesurfing, and stand-up paddleboarding (SUP) during winter, it combines warmth and comfort without compromising your mobility<\/p>\n<p><strong>Technical Specifications:<\/strong><\/p>\n<ul>\n<li class=\" translation-block\">Wild Limestone Neoprene: An eco-friendly choice using the best available materials, including recycled tires.<\/li>\n<li class=\" translation-block\">GBS (Glued and Blind Stitched) Seams: Reinforced and waterproof seams for increased durability and optimal insulation.<\/li>\n<li class=\" translation-block\">YKK Front Zip: Robust front zipper for easy use and maximum waterproofing.<\/li>\n<li class=\" translation-block\">Designed in Europe: Manufactured in our European factory to ensure the highest standards of quality and performance.<\/li>\n<\/ul>\n<p>&nbsp;<\/p>\n<p><strong>Eco-Friendly Commitment :<\/strong><\/p>\n<p>At Wildsuits, we are committed to minimizing our environmental impact at every stage of production. From using recycled materials to our innovative manufacturing processes, we aim to offer the most environmentally friendly products on the surf market.<\/p>\n<p><strong>Join the Wildsuits Movement:<\/strong><\/p>\n<p>Fully live out your water sports passions with the Wildsuits 4\/3mm hooded wetsuit. It's not just a wetsuit, but a symbol of resistance against the cold and commitment to protecting our planet. Order today to embark on unforgettable water adventures, with style, comfort, and ecological awareness.<\/p>\n<\/div>\n<\/div>\n<\/div>\n<\/div>","protected":false},"excerpt":{"rendered":"<p>Combinaison 4\/3mm \u00e0 Cagoule Wildsuits Votre Alli\u00e9 contre le Froid Con\u00e7ue pour r\u00e9pondre aux besoins des surfeurs affrontant les rudes hivers, notre nouvelle combinaison 4\/3mm \u00e0 cagoule int\u00e8gre tout le savoir-faire Wildsuits. D\u00e9velopp\u00e9e gr\u00e2ce aux retours pr\u00e9cieux de nos fid\u00e8les clients et apr\u00e8s validation par nos ambassadeurs, cette combinaison est fabriqu\u00e9e en Europe avec une [&hellip;]<\/p>","protected":false},"featured_media":43075,"comment_status":"open","ping_status":"closed","template":"","meta":[],"product_cat":[69],"product_tag":[],"_links":{"self":[{"href":"https:\/\/wildsuits.eu\/en\/wp-json\/wp\/v2\/product\/41793"}],"collection":[{"href":"https:\/\/wildsuits.eu\/en\/wp-json\/wp\/v2\/product"}],"about":[{"href":"https:\/\/wildsuits.eu\/en\/wp-json\/wp\/v2\/types\/product"}],"replies":[{"embeddable":true,"href":"https:\/\/wildsuits.eu\/en\/wp-json\/wp\/v2\/comments?post=41793"}],"wp:featuredmedia":[{"embeddable":true,"href":"https:\/\/wildsuits.eu\/en\/wp-json\/wp\/v2\/media\/43075"}],"wp:attachment":[{"href":"https:\/\/wildsuits.eu\/en\/wp-json\/wp\/v2\/media?parent=41793"}],"wp:term":[{"taxonomy":"product_cat","embeddable":true,"href":"https:\/\/wildsuits.eu\/en\/wp-json\/wp\/v2\/product_cat?post=41793"},{"taxonomy":"product_tag","embeddable":true,"href":"https:\/\/wildsuits.eu\/en\/wp-json\/wp\/v2\/product_tag?post=41793"}],"curies":[{"name":"wp","href":"https:\/\/api.w.org\/{rel}","templated":true}]}}