{"id":37955,"date":"2022-11-15T11:49:25","date_gmt":"2022-11-15T10:49:25","guid":{"rendered":"https:\/\/wildsuits.eu\/?post_type=product&#038;p=37955"},"modified":"2026-04-28T17:57:53","modified_gmt":"2026-04-28T15:57:53","slug":"sac-surf-et-lifestyle","status":"publish","type":"product","link":"https:\/\/wildsuits.eu\/en\/product\/surf-bag\/","title":{"rendered":"Surf bag and lifestyle"},"content":{"rendered":"<p class=\" translation-block\">Here is the <strong>Wildsuits Backpack\u00a0<em>(35L)<\/em><\/strong> \u2014 the ultimate surf bag, but not just that!<\/p>\n<p>For several years, we have been working on the development of an eco-responsible bag designed and conceptualized for surfers but not only! It will be your perfect companion to go on an adventure or simply to ride your bike to work.<\/p>\n<h3><b><i>Details of the surf bag and lifestyle bag<\/i><\/b><\/h3>\n<ul>\n<li>Large central pocket<\/li>\n<li aria-level=\"1\">Laptop pocket up to 16<\/li>\n<li aria-level=\"1\">Side pocket for easy access and security<\/li>\n<li aria-level=\"1\">Roll-top closure<\/li>\n<li aria-level=\"1\">Sweatproof back<\/li>\n<li>Secret pocket to keep your most precious belongings (we\u2019ll let you discover it)<\/li>\n<li>Hand luggage size for your travels<\/li>\n<li aria-level=\"1\">And many other useful details\u2026<\/li>\n<\/ul>\n<p><strong>The surf bag and lifestyle bag made to last!<\/strong><\/p>\n<h2 class=\"mb-3\">The Wild Bag<\/h2>\n<h3 id=\"votre-nouvel-allie-de-toute-circonstance\">Your ally in all circumstances<\/h3>\n<p>We developed this surf bag and lifestyle bag with our own mold to meet the expectations of our pro-riders and Wilduits team members. The result is maximum storage in a standard backpack size and small details that will make all the difference to your experience.<\/p>\n<p>Comfort, durability, waterproofing and eco-responsibility are the main strengths of this bag.<\/p>\n<p>It will allow you to carry your gear safely and comfortably in all outdoor conditions while keeping your items cool all day even in the sun and dry even in the pouring rain.<\/p>\n<h3 id=\"composition\">Materials<\/h3>\n<p>As with our wetsuits, we took the selection of materials for this waterproof bag very seriously.  After testing many materials and their resistance, we opted for 100% recycled polyester (rPET) for the outer lining combined with TPU for the inner lining of the backpack.<\/p>\n<p>In addition to being waterproof, these materials have very good characteristics for a dry-bag such as being extremely light, flexible and durable.<\/p>\n<p>The seams are welded by radio frequency (RF). This process prevents any external water penetration, and is used by rafting manufacturers in particular.<\/p>\n<p>&nbsp;<\/p>\n<h2 class=\"mb-3\">Additional information<\/h2>\n<table class=\"woocommerce-product-attributes shop_attributes\">\n<tbody>\n<tr class=\"woocommerce-product-attributes-item woocommerce-product-attributes-item--attribute_taille\">\n<th class=\"woocommerce-product-attributes-item__label\">Size<\/th>\n<td class=\"woocommerce-product-attributes-item__value\">\u00a0 Unique Size 35L<\/td>\n<\/tr>\n<tr class=\"woocommerce-product-attributes-item woocommerce-product-attributes-item--attribute_pa_couleur\">\n<th class=\"woocommerce-product-attributes-item__label\">Colors<\/th>\n<td class=\"woocommerce-product-attributes-item__value\">\u00a0 Black, Grey<\/td>\n<\/tr>\n<tr class=\"woocommerce-product-attributes-item woocommerce-product-attributes-item--attribute_pa_composition\">\n<th class=\"woocommerce-product-attributes-item__label\">\u00a0 Materials<\/th>\n<td class=\"woocommerce-product-attributes-item__value\">\u00a0 100% recycled polyester (rPET), TPU<\/td>\n<\/tr>\n<tr class=\"woocommerce-product-attributes-item woocommerce-product-attributes-item--attribute_pa_impression\">\n<th class=\"woocommerce-product-attributes-item__label\">Printing<\/th>\n<td class=\"woocommerce-product-attributes-item__value\">\u00a0 Screen-printing<\/td>\n<\/tr>\n<tr class=\"woocommerce-product-attributes-item woocommerce-product-attributes-item--attribute_pa_coutures\">\n<th class=\"woocommerce-product-attributes-item__label\">Tipos de costura<\/th>\n<td class=\"woocommerce-product-attributes-item__value\">\u00a0 Radiofrequency<\/td>\n<\/tr>\n<tr class=\"woocommerce-product-attributes-item woocommerce-product-attributes-item--attribute_pa_divers\">\n<th class=\"woocommerce-product-attributes-item__label\">Other<\/th>\n<td class=\"woocommerce-product-attributes-item__value\">\u00a0 Anti-theft pocket<\/td>\n<\/tr>\n<\/tbody>\n<\/table>\n<p><img fetchpriority=\"high\" decoding=\"async\" class=\"alignnone wp-image-37982 size-large\" src=\"https:\/\/wildsuits.eu\/wp-content\/uploads\/2022\/11\/retouche4-1024x683.jpg\" alt=\"d\u00e9tail visuel bag\" width=\"1024\" height=\"683\" srcset=\"https:\/\/wildsuits.eu\/wp-content\/uploads\/2022\/11\/retouche4-1024x683.jpg 1024w, https:\/\/wildsuits.eu\/wp-content\/uploads\/2022\/11\/retouche4-300x200.jpg 300w, https:\/\/wildsuits.eu\/wp-content\/uploads\/2022\/11\/retouche4-768x512.jpg 768w, https:\/\/wildsuits.eu\/wp-content\/uploads\/2022\/11\/retouche4-1536x1024.jpg 1536w, https:\/\/wildsuits.eu\/wp-content\/uploads\/2022\/11\/retouche4-2048x1365.jpg 2048w, https:\/\/wildsuits.eu\/wp-content\/uploads\/2022\/11\/retouche4-18x12.jpg 18w, https:\/\/wildsuits.eu\/wp-content\/uploads\/2022\/11\/retouche4-600x400.jpg 600w\" sizes=\"(max-width: 1024px) 100vw, 1024px\" \/><\/p>\n<p><img decoding=\"async\" class=\"alignnone wp-image-37979 size-large\" src=\"https:\/\/wildsuits.eu\/wp-content\/uploads\/2022\/11\/retouche1-1024x683.jpg\" alt=\"sac surf\" width=\"1024\" height=\"683\" srcset=\"https:\/\/wildsuits.eu\/wp-content\/uploads\/2022\/11\/retouche1-1024x683.jpg 1024w, https:\/\/wildsuits.eu\/wp-content\/uploads\/2022\/11\/retouche1-300x200.jpg 300w, https:\/\/wildsuits.eu\/wp-content\/uploads\/2022\/11\/retouche1-768x512.jpg 768w, https:\/\/wildsuits.eu\/wp-content\/uploads\/2022\/11\/retouche1-1536x1024.jpg 1536w, https:\/\/wildsuits.eu\/wp-content\/uploads\/2022\/11\/retouche1-2048x1365.jpg 2048w, https:\/\/wildsuits.eu\/wp-content\/uploads\/2022\/11\/retouche1-18x12.jpg 18w, https:\/\/wildsuits.eu\/wp-content\/uploads\/2022\/11\/retouche1-600x400.jpg 600w\" sizes=\"(max-width: 1024px) 100vw, 1024px\" \/><\/p>","protected":false},"excerpt":{"rendered":"<p>Voici le sac \u00e0 dos Wildsuits\u00a0(35L).\u00a0Le surf bag d\u2019excellence mais pas seulement! Depuis plusieurs ann\u00e9es, nous travaillons sur le d\u00e9veloppement d\u2019un sac \u00e9co-responsable con\u00e7u et pens\u00e9 pour bien \u00e9videmment les surfeurs mais pas seulement! Il sera votre compagnon parfait pour partir \u00e0 l\u2019aventure ou tout simplement aller au travail en v\u00e9lo. D\u00e9tails du sac surf [&hellip;]<\/p>","protected":false},"featured_media":37986,"comment_status":"open","ping_status":"closed","template":"","meta":[],"product_cat":[17],"product_tag":[],"_links":{"self":[{"href":"https:\/\/wildsuits.eu\/en\/wp-json\/wp\/v2\/product\/37955"}],"collection":[{"href":"https:\/\/wildsuits.eu\/en\/wp-json\/wp\/v2\/product"}],"about":[{"href":"https:\/\/wildsuits.eu\/en\/wp-json\/wp\/v2\/types\/product"}],"replies":[{"embeddable":true,"href":"https:\/\/wildsuits.eu\/en\/wp-json\/wp\/v2\/comments?post=37955"}],"wp:featuredmedia":[{"embeddable":true,"href":"https:\/\/wildsuits.eu\/en\/wp-json\/wp\/v2\/media\/37986"}],"wp:attachment":[{"href":"https:\/\/wildsuits.eu\/en\/wp-json\/wp\/v2\/media?parent=37955"}],"wp:term":[{"taxonomy":"product_cat","embeddable":true,"href":"https:\/\/wildsuits.eu\/en\/wp-json\/wp\/v2\/product_cat?post=37955"},{"taxonomy":"product_tag","embeddable":true,"href":"https:\/\/wildsuits.eu\/en\/wp-json\/wp\/v2\/product_tag?post=37955"}],"curies":[{"name":"wp","href":"https:\/\/api.w.org\/{rel}","templated":true}]}}