{"id":160,"date":"2022-09-24T18:12:23","date_gmt":"2022-09-24T16:12:23","guid":{"rendered":"https:\/\/wildsuits.eu\/?post_type=product&#038;p=160"},"modified":"2026-03-28T07:24:05","modified_gmt":"2026-03-28T06:24:05","slug":"combinaison-5-4mm","status":"publish","type":"product","link":"https:\/\/wildsuits.eu\/en\/product\/wetsuit-surf-5-4mm\/","title":{"rendered":"5\/4mm Premium Wetsuit"},"content":{"rendered":"<h2>5\/4 MM WETSUIT: FOR COLD WATER<\/h2>\n<p>La combinaison 5\/4 mm 2024 de Wildsuits convient parfaitement aux eaux froides et hivernales europ\u00e9ennes (6-14\u00b0C). Elle combine 2 \u00e9paisseurs de limestone n\u00e9opr\u00e8ne ultra stretch : 5mm sur le torse, dos et ventre et 4mm sur les jambes et bras.<\/p>\n<h3>ESSENTIAL FOR YOUR COLD WINTER SESSIONS<\/h3>\n<p>Alli\u00e9e incontournable de tes sessions d\u2019hiver la combinaison 5\/4 te suivra dans les vagues les plus froides gr\u00e2ce \u00e0 des tests effectu\u00e9s en conditions extr\u00eames par notre team nous avons pu concevoir une combinaison avec un des meilleurs rapport qualit\u00e9-prix du march\u00e9 et qui est un concentr\u00e9 de technologie. En effet Wildsuits s\u2019inspire des meilleures innovations approuv\u00e9es par les surfeurs du monde entier.<\/p>\n<h3>A CONDENSED TECHNOLOGY THAT COMBINES WARMTH &amp; STRETCH<\/h3>\n<p>Our wetsuits utilise all of the best specifications present on todays wetsuit market:<\/p>\n<ul>\n<li><span id=\"p86\"><span id=\"p85\"><strong>Limestone neoprene :\u00a0<\/strong>a neoprene made from limestone and recycled tyres.<\/span><\/span><\/li>\n<li><span id=\"p86\"><span id=\"p85\"><strong>Indoor Polar Fleece<\/strong>\u00a0: this keeps the maximum amount of heat around areas of the body<\/span><\/span><\/li>\n<li><span id=\"p86\"><span id=\"p85\"><strong>GBS seams :<\/strong><\/span><span id=\"p85\">\u00a0seams sewn and glued to a very high quality and totally watertight to limit water ingress.<\/span><\/span><\/li>\n<li><span id=\"p86\"><span id=\"p85\"><b>Front zip :\u00a0<\/b>a zip on the front of the wetsuit to limit water ingress.<\/span><\/span><\/li>\n<li><span id=\"p86\"><span id=\"p85\"><b>Lining tape :\u00a0\u00a0<\/b>to further reinforce GBS seams.<\/span><\/span><\/li>\n<li><span id=\"p86\"><span id=\"p85\"><b>Reinforcement patch :\u00a0<\/b>unique neoprene patches to reinforce the weaker areas of the wetsuit.<\/span><\/span><\/li>\n<li><span id=\"p86\"><span id=\"p85\"><b>Logos in\u00a0<\/b><b>silicone\u00a0:\u00a0<\/b>this technology ensures that the wetsuit\u2019s logos will not peel off over time.<\/span><\/span><\/li>\n<li><span id=\"p86\"><span id=\"p85\"><b>Discreet key pocket :\u00a0<\/b>store your keys in the secure pocket on the front zip area.<\/span><\/span><\/li>\n<li><b>Flush Lock Technology :\u00a0<\/b>limits water entry at the wrists and ankles.<\/li>\n<\/ul>\n<h3>PROTECT YOURSELF FROM THE COLD WHILST PROTECTING THE PLANET<\/h3>\n<p>Protect yourself, your wallet and the planet. The 5\/4mm wetsuit will become your ally during winter sessions. It\u2019s created using eco-friendly technology and it doesn\u2019t cost a bomb. To buy a Wildsuits wetsuit visit one of our partner shops, or buy directly from our website.<\/p>\n<p>&nbsp;<\/p>\n<p><img fetchpriority=\"high\" decoding=\"async\" class=\"wp-image-38086 size-large aligncenter\" src=\"https:\/\/wildsuits.eu\/wp-content\/uploads\/2022\/11\/arc-en-ciel-full-1024x683.jpg\" alt=\"Arc en ciel eduardo vento\" width=\"1024\" height=\"683\" srcset=\"https:\/\/wildsuits.eu\/wp-content\/uploads\/2022\/11\/arc-en-ciel-full-1024x683.jpg 1024w, https:\/\/wildsuits.eu\/wp-content\/uploads\/2022\/11\/arc-en-ciel-full-300x200.jpg 300w, https:\/\/wildsuits.eu\/wp-content\/uploads\/2022\/11\/arc-en-ciel-full-768x512.jpg 768w, https:\/\/wildsuits.eu\/wp-content\/uploads\/2022\/11\/arc-en-ciel-full-1536x1024.jpg 1536w, https:\/\/wildsuits.eu\/wp-content\/uploads\/2022\/11\/arc-en-ciel-full-2048x1365.jpg 2048w, https:\/\/wildsuits.eu\/wp-content\/uploads\/2022\/11\/arc-en-ciel-full-18x12.jpg 18w, https:\/\/wildsuits.eu\/wp-content\/uploads\/2022\/11\/arc-en-ciel-full-600x400.jpg 600w\" sizes=\"(max-width: 1024px) 100vw, 1024px\" \/><\/p>\n<p>&nbsp;<\/p>\n<p><img decoding=\"async\" class=\"wp-image-37716 size-large aligncenter\" src=\"https:\/\/wildsuits.eu\/wp-content\/uploads\/2022\/11\/DSC8-1024x576.jpg\" alt=\"\" width=\"1024\" height=\"576\" srcset=\"https:\/\/wildsuits.eu\/wp-content\/uploads\/2022\/11\/DSC8-1024x576.jpg 1024w, https:\/\/wildsuits.eu\/wp-content\/uploads\/2022\/11\/DSC8-300x169.jpg 300w, https:\/\/wildsuits.eu\/wp-content\/uploads\/2022\/11\/DSC8-768x432.jpg 768w, https:\/\/wildsuits.eu\/wp-content\/uploads\/2022\/11\/DSC8-18x10.jpg 18w, https:\/\/wildsuits.eu\/wp-content\/uploads\/2022\/11\/DSC8-600x337.jpg 600w, https:\/\/wildsuits.eu\/wp-content\/uploads\/2022\/11\/DSC8.jpg 1366w\" sizes=\"(max-width: 1024px) 100vw, 1024px\" \/><\/p>","protected":false},"excerpt":{"rendered":"<p>COMBINAISON 5\/4 MM : POUR LES EAUX FROIDES La combinaison 5\/4 mm 2024 de Wildsuits convient parfaitement aux eaux froides et hivernales europ\u00e9ennes (6-14\u00b0C). Elle combine 2 \u00e9paisseurs de limestone n\u00e9opr\u00e8ne ultra stretch : 5mm sur le torse, dos et ventre et 4mm sur les jambes et bras. L&#8217;alli\u00e9 incontournable des sessions de surf d&#8217;hiver [&hellip;]<\/p>","protected":false},"featured_media":40145,"comment_status":"open","ping_status":"closed","template":"","meta":[],"product_cat":[18],"product_tag":[],"_links":{"self":[{"href":"https:\/\/wildsuits.eu\/en\/wp-json\/wp\/v2\/product\/160"}],"collection":[{"href":"https:\/\/wildsuits.eu\/en\/wp-json\/wp\/v2\/product"}],"about":[{"href":"https:\/\/wildsuits.eu\/en\/wp-json\/wp\/v2\/types\/product"}],"replies":[{"embeddable":true,"href":"https:\/\/wildsuits.eu\/en\/wp-json\/wp\/v2\/comments?post=160"}],"wp:featuredmedia":[{"embeddable":true,"href":"https:\/\/wildsuits.eu\/en\/wp-json\/wp\/v2\/media\/40145"}],"wp:attachment":[{"href":"https:\/\/wildsuits.eu\/en\/wp-json\/wp\/v2\/media?parent=160"}],"wp:term":[{"taxonomy":"product_cat","embeddable":true,"href":"https:\/\/wildsuits.eu\/en\/wp-json\/wp\/v2\/product_cat?post=160"},{"taxonomy":"product_tag","embeddable":true,"href":"https:\/\/wildsuits.eu\/en\/wp-json\/wp\/v2\/product_tag?post=160"}],"curies":[{"name":"wp","href":"https:\/\/api.w.org\/{rel}","templated":true}]}}