{"id":38133,"date":"2022-11-16T09:56:53","date_gmt":"2022-11-16T08:56:53","guid":{"rendered":"https:\/\/wildsuits.eu\/?page_id=38133"},"modified":"2022-11-16T09:56:54","modified_gmt":"2022-11-16T08:56:54","slug":"mentions-legales","status":"publish","type":"page","link":"https:\/\/wildsuits.eu\/en\/mentions-legales\/","title":{"rendered":"Legal notice"},"content":{"rendered":"<h2 class=\"wp-block-heading\">1 - Publication of the site<\/h2>\n\n\n\n<p>Pursuant to&nbsp;<a href=\"https:\/\/www.legifrance.gouv.fr\/affichTexte.do?cidTexte=JORFTEXT000000801164#LEGIARTI000042038977\" target=\"_blank\" rel=\"noreferrer noopener\">l&#8217;article 6 de la loi n\u00b0 2004-575 du 21 juin 2004<\/a>&nbsp;on confidence in the digital economy, users of th&nbsp;<a href=\"https:\/\/wildsuits.eu\/en\/\">https:\/\/www.wildsuits.eu<\/a>&nbsp;website are informed of the identity of the various parties involved in its creation and monitoring:<\/p>\n\n\n\n<p><strong>Site owner:&nbsp;<\/strong>Wildsuits SAS &#8211; Contact : hello@wildsuits.fr 06 25 08 12 73 &#8211; Adresse : 23 rue de bel air, 44680, Ste Pazanne, France.<\/p>\n\n\n\n<p><strong>Company identification:<\/strong>&nbsp;SAS Wildsuits SAS au capital social de 10 000\u20ac &#8211; SIREN : 831 423 256 &#8211; RCS ou RM : 831 423 256 &#8211; Adresse postale : 23 rue de bel air, 44680, Ste Pazanne, France. https:\/\/www.wildsuits.eu\/conditions-generales-utilisation-vente<\/p>\n\n\n\n<p><strong>Director of publication:&nbsp;<\/strong>Olivier Boileau &#8211; olivier@wildsuits.fr<\/p>\n\n\n\n<p><strong>Host:<\/strong>&nbsp;O2Switch &#8211; 222 Boulevard Gustave Flaubert, 63000 Clermont-Ferrand &#8211; T\u00e9l\u00e9phone : 04.44.44.60.40<\/p>\n\n\n\n<p><strong>Data Protection Officer:&nbsp;<\/strong>Olivier Boileau &#8211; olivier@wildsuits.fr<\/p>\n\n\n\n<p><strong>Website creation, SEO &amp; webmaster:<\/strong> <a href=\"https:\/\/brandarchitect.fr\" target=\"_blank\" rel=\"noopener\">Agence Brand Architect<\/a> (et c&#8217;est fait avec Amour, \u00e9videmment)<\/p>\n\n\n\n<p><strong>Design<\/strong> : Benoit Frehel &#8211; Directeur Artistique<\/p>\n\n\n\n<hr class=\"wp-block-separator has-css-opacity\"\/>\n\n\n\n<h2 class=\"wp-block-heading\">2 - Intellectual property and counterfeiting.<\/h2>\n\n\n\n<p><strong>Wildsuits SAS<\/strong>&nbsp;is the owner of the intellectual property rights and holds the rights of use on all the elements accessible on the website, notably the texts, images, graphics, logos, videos, architecture, icons and sounds.<\/p>\n\n\n\n<p>Any reproduction, representation, modification, publication, adaptation of all or part of the elements of the site, whatever the means or process used, is prohibited, except with the prior written authorisation of&nbsp;<strong>Wildsuits SAS<\/strong>.<\/p>\n\n\n\n<p>Any unauthorised use of the site or of any of the elements it contains will be considered as constituting an infringement and will be prosecuted in accordance with the provisions of&nbsp;<a href=\"https:\/\/www.legifrance.gouv.fr\/affichCodeArticle.do?idArticle=LEGIARTI000032655082&amp;cidTexte=LEGITEXT000006069414&amp;dateTexte=20160605\" target=\"_blank\" rel=\"noreferrer noopener\">L.335-2 et suivants du Code de Propri\u00e9t\u00e9 Intellectuelle<\/a>.<\/p>\n\n\n\n<hr class=\"wp-block-separator has-css-opacity\"\/>\n\n\n\n<h2 class=\"wp-block-heading\">3 - Limitations of liability<\/h2>\n\n\n\n<p><strong>Wildsuits SAS<\/strong>&nbsp;cannot be held responsible for direct or indirect damage caused to the user's equipment when accessing the&nbsp;<a href=\"https:\/\/wildsuits.eu\/en\/\">https:\/\/www.wildsuits.eu<\/a>.<\/p>\n\n\n\n<p><strong>Wildsuits SAS<\/strong>&nbsp;declines all responsibility for the use that may be made of the information and content present on&nbsp;<a href=\"https:\/\/wildsuits.eu\/en\/\">https:\/\/www.wildsuits.eu<\/a>.<\/p>\n\n\n\n<p><strong>Wildsuits SAS<\/strong>&nbsp;undertakes to ensure the security of the&nbsp;<a href=\"https:\/\/wildsuits.eu\/en\/\">https:\/\/www.wildsuits.eu<\/a>site to the best of its ability, however, it cannot be held responsible if undesirable data is imported and installed on its site without its knowledge.<\/p>\n\n\n\n<p>Interactive areas (contact and\/or comments) are available to users.&nbsp;<strong>Wildsuits SAS<\/strong>&nbsp;reserves the right to delete, without prior notice, any content posted in this area that contravenes the legislation applicable in France, in particular the provisions relating to data protection.<\/p>\n\n\n\n<p>Where applicable,&nbsp;<strong>Wildsuits SAS<\/strong>&nbsp;also reserves the right to hold the user civilly and\/or criminally liable, in particular in the event of messages of a racist, insulting, defamatory or pornographic nature, regardless of the medium used (text, photographs, etc.).<\/p>\n\n\n\n<hr class=\"wp-block-separator has-css-opacity\"\/>\n\n\n\n<h2 class=\"wp-block-heading\">4 - CNIL and personal data management.<\/h2>\n\n\n\n<p>In accordance with the provisions of&nbsp;<a rel=\"noreferrer noopener\" href=\"https:\/\/www.legifrance.gouv.fr\/affichTexte.do?cidTexte=JORFTEXT000000886460\" target=\"_blank\">la loi 78-17 du 6 janvier 1978 modifi\u00e9e<\/a>as amended, the user of the&nbsp;<a href=\"https:\/\/wildsuits.eu\/en\/\">https:\/\/www.wildsuits.eu<\/a>&nbsp;website has the right to access, modify and delete information collected. To exercise this right, send a message to our Data Protection&nbsp;<strong>Olivier Boileau<\/strong>&nbsp;&#8211;&nbsp;<strong>olivier@wildsuits.fr<\/strong>.<\/p>\n\n\n\n<p>For more information on how we process your data (type of data, purpose, recipient...), read our&nbsp;<a href=\"https:\/\/wildsuits.eu\/en\/politique-de-confidentialite\/\">Politique de Confidentialit\u00e9<\/a>.<\/p>\n\n\n\n<p>It is also possible to file&nbsp;<a href=\"https:\/\/www.cnil.fr\/fr\/plaintes\" target=\"_blank\" rel=\"noreferrer noopener\">d\u00e9poser une r\u00e9clamation aupr\u00e8s de la CNIL<\/a>.<\/p>\n\n\n\n<hr class=\"wp-block-separator has-css-opacity\"\/>\n\n\n\n<h2 class=\"wp-block-heading\">5 - Hypertext links and cookies<\/h2>\n\n\n\n<p>The&nbsp;<a href=\"http:\/\/https\/\/www.wildsuits.eu\">https:\/\/www.wildsuits.eu<\/a>&nbsp;website contains hypertext links to other websites and does not accept any responsibility for these external links or for links created by other websites to&nbsp;<a href=\"http:\/\/https\/\/www.wildsuits.eu\">https:\/\/www.wildsuits.eu<\/a>.<\/p>\n\n\n\n<p>Browsing the&nbsp;<a href=\"https:\/\/wildsuits.eu\/en\/\">https:\/\/www.wildsuits.eu<\/a>&nbsp;website may cause cookies to be installed on the user's computer.<\/p>\n\n\n\n<p>A \"cookie\" is a small file that records information about a user's browsing on a site. The data thus obtained makes it possible to obtain measurements of frequentation, for example.<\/p>\n\n\n\n<p>You can accept&nbsp;<strong>or refuse cookies<\/strong>&nbsp;by modifying the settings of your browser. No cookies will be deposited without your consent.<\/p>\n\n\n\n<p>Cookies are stored for a maximum of 12 months.<\/p>\n\n\n\n<p>For more information on how we use cookies, read our&nbsp;<a href=\"https:\/\/wildsuits.eu\/en\/politique-de-confidentialite\/\">Politique de Confidentialit\u00e9<\/a>.<\/p>\n\n\n\n<hr class=\"wp-block-separator has-css-opacity\"\/>\n\n\n\n<h2 class=\"wp-block-heading\">6 - Applicable law and jurisdiction.<\/h2>\n\n\n\n<p>Any dispute relating to the use of the&nbsp;<a href=\"https:\/\/wildsuits.eu\/en\/\">https:\/\/www.wildsuits.eu<\/a>&nbsp;website is subject to French law. Except in cases where the law does not allow it, exclusive jurisdiction is given to the competent courts of&nbsp;<strong>Nantes<\/strong>.<\/p>","protected":false},"excerpt":{"rendered":"<p>1 &#8211; \u00c9dition du site En vertu de&nbsp;l&#8217;article 6 de la loi n\u00b0 2004-575 du 21 juin 2004&nbsp;pour la confiance dans l&#8217;\u00e9conomie num\u00e9rique, il est pr\u00e9cis\u00e9 aux utilisateurs du site internet&nbsp;https:\/\/www.wildsuits.eu&nbsp;l&#8217;identit\u00e9 des diff\u00e9rents intervenants dans le cadre de sa r\u00e9alisation et de son suivi: Propri\u00e9taire du site :&nbsp;Wildsuits SAS &#8211; Contact : hello@wildsuits.fr 06 25 [&hellip;]<\/p>","protected":false},"author":1,"featured_media":0,"parent":0,"menu_order":0,"comment_status":"closed","ping_status":"closed","template":"","meta":{"footnotes":""},"_links":{"self":[{"href":"https:\/\/wildsuits.eu\/en\/wp-json\/wp\/v2\/pages\/38133"}],"collection":[{"href":"https:\/\/wildsuits.eu\/en\/wp-json\/wp\/v2\/pages"}],"about":[{"href":"https:\/\/wildsuits.eu\/en\/wp-json\/wp\/v2\/types\/page"}],"author":[{"embeddable":true,"href":"https:\/\/wildsuits.eu\/en\/wp-json\/wp\/v2\/users\/1"}],"replies":[{"embeddable":true,"href":"https:\/\/wildsuits.eu\/en\/wp-json\/wp\/v2\/comments?post=38133"}],"version-history":[{"count":1,"href":"https:\/\/wildsuits.eu\/en\/wp-json\/wp\/v2\/pages\/38133\/revisions"}],"predecessor-version":[{"id":38134,"href":"https:\/\/wildsuits.eu\/en\/wp-json\/wp\/v2\/pages\/38133\/revisions\/38134"}],"wp:attachment":[{"href":"https:\/\/wildsuits.eu\/en\/wp-json\/wp\/v2\/media?parent=38133"}],"curies":[{"name":"wp","href":"https:\/\/api.w.org\/{rel}","templated":true}]}}