{"id":38131,"date":"2022-11-16T09:54:56","date_gmt":"2022-11-16T08:54:56","guid":{"rendered":"https:\/\/wildsuits.eu\/?page_id=38131"},"modified":"2022-11-20T22:47:05","modified_gmt":"2022-11-20T21:47:05","slug":"politique-livraison","status":"publish","type":"page","link":"https:\/\/wildsuits.eu\/en\/politique-livraison\/","title":{"rendered":"Shipping policy"},"content":{"rendered":"<h2 class=\"wp-block-heading\"><strong>SHIPPING POLICY<\/strong><\/h2>\n\n\n\n<p>Shipping costs are established according to rules that consider the volume, mass, number of items and\/or amount of the order.<\/p>\n\n\n\n<h2 class=\"wp-block-heading\"><strong>DELIVERY<\/strong><\/h2>\n\n\n\n<p>We take all necessary measures to execute your order as soon as possible. Orders are normally received within 2-4 working days after payment has been received.&nbsp;<\/p>\n\n\n\n<p>Orders will be delivered to the address indicated by the customer at the time of payment.<\/p>\n\n\n\n<p>All shipments are provided with a tracking number available on request.<\/p>\n\n\n\n<p>Wildsuits SAS is not responsible for any delay due to an error on the part of the third party that makes the delivery.&nbsp;<\/p>\n\n\n\n<h2 class=\"wp-block-heading\"><strong>Although very rare, you must notify us of any item damaged in transit within 48 hours of receipt.<\/strong><\/h2>\n\n\n\n<p>Bien que tr\u00e8s rares, vous devez nous aviser de tout article endommag\u00e9 durant le transport dans les 24 heures suivant sa r\u00e9ception.<\/p>\n\n\n\n<h2 class=\"wp-block-heading\"><strong>GENERAL INFORMATION<\/strong><\/h2>\n\n\n\n<p>All orders are subject to availability. Stocks are updated automatically, however, if the requested item is temporarily out of stock at the time of your order, we will notify you and inform you when we can deliver it or refund the full amount of your order, depending on the original method of payment.<br><\/p>\n\n\n\n<h2 class=\"wp-block-heading\"><strong>DELIVERY LOCATIONS<\/strong>S<\/h2>\n\n\n\n<p>The products on the website can be delivered within Europe and French overseas departments and territories. For orders outside the European Union, they will be treated on a case by case basis by our after order team. In case of doubt, do not hesitate to contact us. Hello@wildsuits.fr\u00a0<\/p>\n\n\n\n<h3 class=\"wp-block-heading\">Questions<\/h3>\n\n\n\n<p>If you have any questions about the delivery and receipt of your order, please contact us at Hello@wildsuits.fr<\/p>","protected":false},"excerpt":{"rendered":"<p>POLITIQUE D&#8217;EXP\u00c9DITION Les frais de transport sont \u00e9tablis selon des r\u00e8gles qui consid\u00e8rent le volume, la masse, le nombre d\u2019articles et\/ou le montant de la commande. LIVRAISON Nous prenons toutes&nbsp;les&nbsp;mesurent&nbsp;pour ex\u00e9cuter votre commande dans les plus brefs d\u00e9lais.&nbsp;La r\u00e9ception de la commande est normalement effectu\u00e9e dans un d\u00e9lai de 2 \u00e0 4 jours ouvrables apr\u00e8s [&hellip;]<\/p>","protected":false},"author":1,"featured_media":0,"parent":0,"menu_order":0,"comment_status":"closed","ping_status":"closed","template":"","meta":{"footnotes":""},"_links":{"self":[{"href":"https:\/\/wildsuits.eu\/en\/wp-json\/wp\/v2\/pages\/38131"}],"collection":[{"href":"https:\/\/wildsuits.eu\/en\/wp-json\/wp\/v2\/pages"}],"about":[{"href":"https:\/\/wildsuits.eu\/en\/wp-json\/wp\/v2\/types\/page"}],"author":[{"embeddable":true,"href":"https:\/\/wildsuits.eu\/en\/wp-json\/wp\/v2\/users\/1"}],"replies":[{"embeddable":true,"href":"https:\/\/wildsuits.eu\/en\/wp-json\/wp\/v2\/comments?post=38131"}],"version-history":[{"count":2,"href":"https:\/\/wildsuits.eu\/en\/wp-json\/wp\/v2\/pages\/38131\/revisions"}],"predecessor-version":[{"id":38749,"href":"https:\/\/wildsuits.eu\/en\/wp-json\/wp\/v2\/pages\/38131\/revisions\/38749"}],"wp:attachment":[{"href":"https:\/\/wildsuits.eu\/en\/wp-json\/wp\/v2\/media?parent=38131"}],"curies":[{"name":"wp","href":"https:\/\/api.w.org\/{rel}","templated":true}]}}