{"id":368,"date":"2022-11-01T20:23:25","date_gmt":"2022-11-01T19:23:25","guid":{"rendered":"https:\/\/wildsuits.eu\/?page_id=368"},"modified":"2023-04-20T14:44:51","modified_gmt":"2023-04-20T12:44:51","slug":"histoire","status":"publish","type":"page","link":"https:\/\/wildsuits.eu\/en\/history\/","title":{"rendered":"Our history"},"content":{"rendered":"<div data-elementor-type=\"wp-page\" data-elementor-id=\"368\" class=\"elementor elementor-368\" data-elementor-post-type=\"page\">\n\t\t\t\t\t\t<section class=\"elementor-section elementor-top-section elementor-element elementor-element-9433c23 elementor-section-full_width elementor-section-height-min-height elementor-section-height-default elementor-section-items-middle\" data-id=\"9433c23\" data-element_type=\"section\" data-settings=\"{&quot;jet_parallax_layout_list&quot;:[],&quot;background_background&quot;:&quot;classic&quot;}\">\n\t\t\t\t\t\t<div class=\"elementor-container elementor-column-gap-default\">\n\t\t\t\t\t<div class=\"elementor-column elementor-col-100 elementor-top-column elementor-element elementor-element-d5b0fda\" data-id=\"d5b0fda\" data-element_type=\"column\">\n\t\t\t<div class=\"elementor-widget-wrap elementor-element-populated\">\n\t\t\t\t\t\t<div class=\"elementor-element elementor-element-2f84385 elementor-widget elementor-widget-heading\" data-id=\"2f84385\" data-element_type=\"widget\" data-widget_type=\"heading.default\">\n\t\t\t\t<div class=\"elementor-widget-container\">\n\t\t\t<h1 class=\"elementor-heading-title elementor-size-default\">About<br> Wildsuits<\/h1>\t\t<\/div>\n\t\t\t\t<\/div>\n\t\t\t\t\t<\/div>\n\t\t<\/div>\n\t\t\t\t\t<\/div>\n\t\t<\/section>\n\t\t\t\t<section class=\"elementor-section elementor-top-section elementor-element elementor-element-29e9964 elementor-section-boxed elementor-section-height-default elementor-section-height-default\" data-id=\"29e9964\" data-element_type=\"section\" data-settings=\"{&quot;jet_parallax_layout_list&quot;:[]}\">\n\t\t\t\t\t\t<div class=\"elementor-container elementor-column-gap-default\">\n\t\t\t\t\t<div class=\"elementor-column elementor-col-100 elementor-top-column elementor-element elementor-element-e018e85\" data-id=\"e018e85\" data-element_type=\"column\">\n\t\t\t<div class=\"elementor-widget-wrap elementor-element-populated\">\n\t\t\t\t\t\t<section class=\"elementor-section elementor-inner-section elementor-element elementor-element-9a9b34e elementor-section-boxed elementor-section-height-default elementor-section-height-default\" data-id=\"9a9b34e\" data-element_type=\"section\" data-settings=\"{&quot;jet_parallax_layout_list&quot;:[]}\">\n\t\t\t\t\t\t<div class=\"elementor-container elementor-column-gap-wide\">\n\t\t\t\t\t<div class=\"elementor-column elementor-col-50 elementor-inner-column elementor-element elementor-element-3545fcc\" data-id=\"3545fcc\" data-element_type=\"column\" data-settings=\"{&quot;background_background&quot;:&quot;classic&quot;}\">\n\t\t\t<div class=\"elementor-widget-wrap elementor-element-populated\">\n\t\t\t\t\t\t<div class=\"elementor-element elementor-element-f1c0e32 elementor-widget elementor-widget-spacer\" data-id=\"f1c0e32\" data-element_type=\"widget\" data-widget_type=\"spacer.default\">\n\t\t\t\t<div class=\"elementor-widget-container\">\n\t\t\t\t\t<div class=\"elementor-spacer\">\n\t\t\t<div class=\"elementor-spacer-inner\"><\/div>\n\t\t<\/div>\n\t\t\t\t<\/div>\n\t\t\t\t<\/div>\n\t\t\t\t\t<\/div>\n\t\t<\/div>\n\t\t\t\t<div class=\"elementor-column elementor-col-50 elementor-inner-column elementor-element elementor-element-6cc4a02\" data-id=\"6cc4a02\" data-element_type=\"column\">\n\t\t\t<div class=\"elementor-widget-wrap elementor-element-populated\">\n\t\t\t\t\t\t<div class=\"elementor-element elementor-element-f4eac87 elementor-widget elementor-widget-text-editor\" data-id=\"f4eac87\" data-element_type=\"widget\" data-widget_type=\"text-editor.default\">\n\t\t\t\t<div class=\"elementor-widget-container\">\n\t\t\t\t\t\t\t<p>Wildsuits began in 2016 in Costa da Caparica, a surf town and beach on the outskirts of Lisbon in Portugal. Here, two ocean lovers met for the first time: <strong>Olivier Boileau<\/strong> and <strong>Antoine Pouvreau<\/strong>.<\/p><p>Quickly they fell under the spell of Portugal, of year round sun and waves, and the strong surf culture. They began dreaming of building their own company - a new surf brand that shared their morals, respect and value for the environment. They had explored and researched many aspects of the surf industry and became increasingly interested in wetsuits, but were shocked to see the common use of highly polluting materials. Both men found this strange, as most surfers have a strong respect for nature, and the wetsuit industry seemed to be harming the very thing that was their playground; the ocean. So, with the environment in mind, Olivier and Antoine began addressing this problem, and consequently, an idea was formed: create an eco-friendly brand of wetsuits that is accessible to all.<\/p><p>Nowadays it\u2019s very complicated to create a completely eco-friendly brand, and it\u2019s not a secret that Wildsuits isn't totally green! But 100% of Wildsuits\u2019 efforts are focused on constantly evolving to become as eco-friendly as possible, consistently striving to find solutions in everyday tasks to minimise impact on the planet.<\/p>\t\t\t\t\t\t<\/div>\n\t\t\t\t<\/div>\n\t\t\t\t\t<\/div>\n\t\t<\/div>\n\t\t\t\t\t<\/div>\n\t\t<\/section>\n\t\t\t\t<div class=\"elementor-element elementor-element-8b42a97 elementor-widget elementor-widget-spacer\" data-id=\"8b42a97\" data-element_type=\"widget\" data-widget_type=\"spacer.default\">\n\t\t\t\t<div class=\"elementor-widget-container\">\n\t\t\t\t\t<div class=\"elementor-spacer\">\n\t\t\t<div class=\"elementor-spacer-inner\"><\/div>\n\t\t<\/div>\n\t\t\t\t<\/div>\n\t\t\t\t<\/div>\n\t\t\t\t<div class=\"elementor-element elementor-element-a5ce0c1 elementor-widget elementor-widget-text-editor\" data-id=\"a5ce0c1\" data-element_type=\"widget\" data-widget_type=\"text-editor.default\">\n\t\t\t\t<div class=\"elementor-widget-container\">\n\t\t\t\t\t\t\t<p>So, they set out to create the brand. Olivier and Antoine developed the first models of environmentally friendly wetsuits using an eco-friendly material, limestone neoprene. They first started by creating the\u00a0<a href=\"https:\/\/wildsuits.eu\/en\/product\/wetsuit-surf-3-2mm\/\">3\/2mm<\/a>\u00a0suitable for temperate waters (from spring to autumn). Subsequently, they developed two other models: the\u00a0<a href=\"https:\/\/wildsuits.eu\/en\/product\/wetsuit-surf-4-3mm\/\">4\/3mm<\/a>\u00a0et la\u00a0<a href=\"https:\/\/wildsuits.eu\/en\/product\/wetsuit-surf-5-4mm\/\">5\/4mm<\/a>\u00a0for cooler waters.<\/p>\t\t\t\t\t\t<\/div>\n\t\t\t\t<\/div>\n\t\t\t\t\t<\/div>\n\t\t<\/div>\n\t\t\t\t\t<\/div>\n\t\t<\/section>\n\t\t\t\t<section class=\"elementor-section elementor-top-section elementor-element elementor-element-4294a2a elementor-reverse-mobile elementor-section-boxed elementor-section-height-default elementor-section-height-default\" data-id=\"4294a2a\" data-element_type=\"section\" data-settings=\"{&quot;jet_parallax_layout_list&quot;:[]}\">\n\t\t\t\t\t\t<div class=\"elementor-container elementor-column-gap-wide\">\n\t\t\t\t\t<div class=\"elementor-column elementor-col-50 elementor-top-column elementor-element elementor-element-213fb34\" data-id=\"213fb34\" data-element_type=\"column\">\n\t\t\t<div class=\"elementor-widget-wrap elementor-element-populated\">\n\t\t\t\t\t\t<div class=\"elementor-element elementor-element-1cb5b4f elementor-widget elementor-widget-heading\" data-id=\"1cb5b4f\" data-element_type=\"widget\" data-widget_type=\"heading.default\">\n\t\t\t\t<div class=\"elementor-widget-container\">\n\t\t\t<h3 class=\"elementor-heading-title elementor-size-default\">WILDSUITS CONVICTIONS<\/h3>\t\t<\/div>\n\t\t\t\t<\/div>\n\t\t\t\t<div class=\"elementor-element elementor-element-09922a6 elementor-widget elementor-widget-text-editor\" data-id=\"09922a6\" data-element_type=\"widget\" data-widget_type=\"text-editor.default\">\n\t\t\t\t<div class=\"elementor-widget-container\">\n\t\t\t\t\t\t\t<p>We have built the Wildsuits brand around strong convictions that guide us throughout its development:<\/p><ul><li>To provide beginners through to professionals with the best experience in their water-sport activities, thanks to high quality wetsuits.<\/li><li>To work with suppliers who respect good labour conditions in their factories, and who are also committed to eco-friendly practices.<\/li><li>Offer a premium quality product that combines comfort, flexibility and durability.\nCreate a community (The Wildsuits Family) around the Wildsuits brand. A community that advocates mutual aid and respect for the environment. This takes place on our social networks and through the many events organised by Wildsuits.<\/li><\/ul><p><br \/>After a lot of work, Wildsuits is pleased to offer you premium quality wetsuits and sportswear that meet the expectations of its users by combining comfort, elasticity and durability.<\/p>\t\t\t\t\t\t<\/div>\n\t\t\t\t<\/div>\n\t\t\t\t\t<\/div>\n\t\t<\/div>\n\t\t\t\t<div class=\"elementor-column elementor-col-50 elementor-top-column elementor-element elementor-element-a980f77\" data-id=\"a980f77\" data-element_type=\"column\" data-settings=\"{&quot;background_background&quot;:&quot;classic&quot;}\">\n\t\t\t<div class=\"elementor-widget-wrap elementor-element-populated\">\n\t\t\t\t\t\t<div class=\"elementor-element elementor-element-8a3622a elementor-widget elementor-widget-spacer\" data-id=\"8a3622a\" data-element_type=\"widget\" data-widget_type=\"spacer.default\">\n\t\t\t\t<div class=\"elementor-widget-container\">\n\t\t\t\t\t<div class=\"elementor-spacer\">\n\t\t\t<div class=\"elementor-spacer-inner\"><\/div>\n\t\t<\/div>\n\t\t\t\t<\/div>\n\t\t\t\t<\/div>\n\t\t\t\t\t<\/div>\n\t\t<\/div>\n\t\t\t\t\t<\/div>\n\t\t<\/section>\n\t\t\t\t<section class=\"elementor-section elementor-top-section elementor-element elementor-element-ca7ad70 elementor-section-boxed elementor-section-height-default elementor-section-height-default\" data-id=\"ca7ad70\" data-element_type=\"section\" data-settings=\"{&quot;jet_parallax_layout_list&quot;:[]}\">\n\t\t\t\t\t\t<div class=\"elementor-container elementor-column-gap-default\">\n\t\t\t\t\t<div class=\"elementor-column elementor-col-100 elementor-top-column elementor-element elementor-element-384ebcd\" data-id=\"384ebcd\" data-element_type=\"column\">\n\t\t\t<div class=\"elementor-widget-wrap elementor-element-populated\">\n\t\t\t\t\t\t<div class=\"elementor-element elementor-element-eb7f449 elementor-widget elementor-widget-spacer\" data-id=\"eb7f449\" data-element_type=\"widget\" data-widget_type=\"spacer.default\">\n\t\t\t\t<div class=\"elementor-widget-container\">\n\t\t\t\t\t<div class=\"elementor-spacer\">\n\t\t\t<div class=\"elementor-spacer-inner\"><\/div>\n\t\t<\/div>\n\t\t\t\t<\/div>\n\t\t\t\t<\/div>\n\t\t\t\t\t<\/div>\n\t\t<\/div>\n\t\t\t\t\t<\/div>\n\t\t<\/section>\n\t\t\t\t<section class=\"elementor-section elementor-top-section elementor-element elementor-element-b0a1d85 elementor-section-boxed elementor-section-height-default elementor-section-height-default\" data-id=\"b0a1d85\" data-element_type=\"section\" data-settings=\"{&quot;jet_parallax_layout_list&quot;:[]}\">\n\t\t\t\t\t\t<div class=\"elementor-container elementor-column-gap-wide\">\n\t\t\t\t\t<div class=\"elementor-column elementor-col-50 elementor-top-column elementor-element elementor-element-b4c9706\" data-id=\"b4c9706\" data-element_type=\"column\" data-settings=\"{&quot;background_background&quot;:&quot;classic&quot;}\">\n\t\t\t<div class=\"elementor-widget-wrap elementor-element-populated\">\n\t\t\t\t\t\t<div class=\"elementor-element elementor-element-59cef1d elementor-widget elementor-widget-spacer\" data-id=\"59cef1d\" data-element_type=\"widget\" data-widget_type=\"spacer.default\">\n\t\t\t\t<div class=\"elementor-widget-container\">\n\t\t\t\t\t<div class=\"elementor-spacer\">\n\t\t\t<div class=\"elementor-spacer-inner\"><\/div>\n\t\t<\/div>\n\t\t\t\t<\/div>\n\t\t\t\t<\/div>\n\t\t\t\t\t<\/div>\n\t\t<\/div>\n\t\t\t\t<div class=\"elementor-column elementor-col-50 elementor-top-column elementor-element elementor-element-bc8f477\" data-id=\"bc8f477\" data-element_type=\"column\">\n\t\t\t<div class=\"elementor-widget-wrap elementor-element-populated\">\n\t\t\t\t\t\t<div class=\"elementor-element elementor-element-4b76148 elementor-widget elementor-widget-heading\" data-id=\"4b76148\" data-element_type=\"widget\" data-widget_type=\"heading.default\">\n\t\t\t\t<div class=\"elementor-widget-container\">\n\t\t\t<h3 class=\"elementor-heading-title elementor-size-default\">WILDSUITS PHILOSOPHY<\/h3>\t\t<\/div>\n\t\t\t\t<\/div>\n\t\t\t\t<div class=\"elementor-element elementor-element-ee98a63 elementor-widget elementor-widget-text-editor\" data-id=\"ee98a63\" data-element_type=\"widget\" data-widget_type=\"text-editor.default\">\n\t\t\t\t<div class=\"elementor-widget-container\">\n\t\t\t\t\t\t\tFor our brand, we chose a name that is recognisable and rememberable.<\/p>\n\n<h5>If we break down the name Wildsuits, we have :<\/h5>\n<ul>\n \t<li>Wild, represents the sense of \"being close to nature and energised by its power\u201d<\/li>\n \t<li>Suits (contraction of \u201cwetsuit\u201d)<\/li>\n<\/ul><br>\nThe name Wildsuits represents the sense of \"being close to nature and energised by its power\u201d \u201cOn the wave, be wild\u201d &amp; \u201cOut of the wave, behave\u201d are our slogans. We believe the ocean allows you to revert to nature, making you forget the difficulties you face in life. In return, this will remind you to respect nature and the other people around you.<br><br>\nWildsuits does not intend to limit itself to premium eco-friendly wetsuits. Over time, we also plan to develop a line of clothing and accessories. This collection will be developed in correspondence with our eco-friendly values and in compliance with Wildsuits ethics.\t\t\t\t\t\t<\/div>\n\t\t\t\t<\/div>\n\t\t\t\t<div class=\"elementor-element elementor-element-09c1159 elementor-widget__width-auto elementor-tablet-align-justify elementor-mobile-align-justify elementor-widget-tablet__width-inherit elementor-widget-mobile__width-inherit elementor-widget elementor-widget-button\" data-id=\"09c1159\" data-element_type=\"widget\" data-widget_type=\"button.default\">\n\t\t\t\t<div class=\"elementor-widget-container\">\n\t\t\t\t\t<div class=\"elementor-button-wrapper\">\n\t\t\t<a class=\"elementor-button elementor-button-link elementor-size-sm\" href=\"https:\/\/wildsuits.eu\/en\/our-products\/\">\n\t\t\t\t\t\t<span class=\"elementor-button-content-wrapper\">\n\t\t\t\t\t\t<span class=\"elementor-button-text\">Our wetsuits<\/span>\n\t\t<\/span>\n\t\t\t\t\t<\/a>\n\t\t<\/div>\n\t\t\t\t<\/div>\n\t\t\t\t<\/div>\n\t\t\t\t<div class=\"elementor-element elementor-element-29e8c31 elementor-widget__width-auto elementor-tablet-align-justify elementor-mobile-align-justify elementor-widget-tablet__width-inherit elementor-widget-mobile__width-inherit elementor-widget elementor-widget-button\" data-id=\"29e8c31\" data-element_type=\"widget\" data-widget_type=\"button.default\">\n\t\t\t\t<div class=\"elementor-widget-container\">\n\t\t\t\t\t<div class=\"elementor-button-wrapper\">\n\t\t\t<a class=\"elementor-button elementor-button-link elementor-size-sm\" href=\"https:\/\/wildsuits.eu\/en\/environmental-solidarity-actions\/\">\n\t\t\t\t\t\t<span class=\"elementor-button-content-wrapper\">\n\t\t\t\t\t\t<span class=\"elementor-button-text\">Our actions<\/span>\n\t\t<\/span>\n\t\t\t\t\t<\/a>\n\t\t<\/div>\n\t\t\t\t<\/div>\n\t\t\t\t<\/div>\n\t\t\t\t\t<\/div>\n\t\t<\/div>\n\t\t\t\t\t<\/div>\n\t\t<\/section>\n\t\t\t\t<\/div>","protected":false},"excerpt":{"rendered":"<p>L&#8217;histoire de Wildsuits L\u2019histoire des combinaisons de surf Wildsuits a commenc\u00e9 en 2016 sur les plages portugaises (Costa da Caparica) apr\u00e8s la rencontre entre deux passionn\u00e9s : Olivier Boileau et Antoine Pouvreau. Nous sommes tr\u00e8s vite tomb\u00e9s sous le charme du Portugal, de son soleil annuel et de ses vagues consistantes. Tous deux, avons \u00e9t\u00e9 [&hellip;]<\/p>","protected":false},"author":1,"featured_media":0,"parent":0,"menu_order":0,"comment_status":"closed","ping_status":"closed","template":"","meta":{"footnotes":""},"_links":{"self":[{"href":"https:\/\/wildsuits.eu\/en\/wp-json\/wp\/v2\/pages\/368"}],"collection":[{"href":"https:\/\/wildsuits.eu\/en\/wp-json\/wp\/v2\/pages"}],"about":[{"href":"https:\/\/wildsuits.eu\/en\/wp-json\/wp\/v2\/types\/page"}],"author":[{"embeddable":true,"href":"https:\/\/wildsuits.eu\/en\/wp-json\/wp\/v2\/users\/1"}],"replies":[{"embeddable":true,"href":"https:\/\/wildsuits.eu\/en\/wp-json\/wp\/v2\/comments?post=368"}],"version-history":[{"count":109,"href":"https:\/\/wildsuits.eu\/en\/wp-json\/wp\/v2\/pages\/368\/revisions"}],"predecessor-version":[{"id":41010,"href":"https:\/\/wildsuits.eu\/en\/wp-json\/wp\/v2\/pages\/368\/revisions\/41010"}],"wp:attachment":[{"href":"https:\/\/wildsuits.eu\/en\/wp-json\/wp\/v2\/media?parent=368"}],"curies":[{"name":"wp","href":"https:\/\/api.w.org\/{rel}","templated":true}]}}